{"id":9984,"date":"2023-05-01T09:43:57","date_gmt":"2023-05-01T09:43:57","guid":{"rendered":"https:\/\/maelyneevolution.com\/?page_id=9984"},"modified":"2023-05-07T19:43:31","modified_gmt":"2023-05-07T19:43:31","slug":"promoflashpro-pack-10","status":"publish","type":"page","link":"https:\/\/maelyneevolution.com\/index.php\/promoflashpro-pack-10\/","title":{"rendered":"Promoflashpro &#8211; pack 10"},"content":{"rendered":"\t\t<div data-elementor-type=\"wp-page\" data-elementor-id=\"9984\" class=\"elementor elementor-9984\">\n\t\t\t\t\t\t<section class=\"elementor-section elementor-top-section elementor-element elementor-element-6e4183b4 elementor-section-boxed elementor-section-height-default elementor-section-height-default\" data-id=\"6e4183b4\" data-element_type=\"section\" data-settings=\"{&quot;background_background&quot;:&quot;classic&quot;}\">\n\t\t\t\t\t\t<div class=\"elementor-container elementor-column-gap-default\">\n\t\t\t\t\t<div class=\"elementor-column elementor-col-100 elementor-top-column elementor-element elementor-element-355941d2\" data-id=\"355941d2\" data-element_type=\"column\">\n\t\t\t<div class=\"elementor-widget-wrap elementor-element-populated\">\n\t\t\t\t\t\t<div class=\"elementor-element elementor-element-33687fb elementor-invisible elementor-widget elementor-widget-image\" data-id=\"33687fb\" data-element_type=\"widget\" data-settings=\"{&quot;_animation&quot;:&quot;zoomIn&quot;}\" data-widget_type=\"image.default\">\n\t\t\t\t<div class=\"elementor-widget-container\">\n\t\t\t<style>\/*! elementor - v3.23.0 - 05-08-2024 *\/\n.elementor-widget-image{text-align:center}.elementor-widget-image a{display:inline-block}.elementor-widget-image a img[src$=\".svg\"]{width:48px}.elementor-widget-image img{vertical-align:middle;display:inline-block}<\/style>\t\t\t\t\t\t\t\t\t\t<img fetchpriority=\"high\" decoding=\"async\" width=\"1059\" height=\"774\" src=\"https:\/\/maelyneevolution.com\/wp-content\/uploads\/2023\/05\/pack10.jpg\" class=\"attachment-full size-full wp-image-9963\" alt=\"\" srcset=\"https:\/\/maelyneevolution.com\/wp-content\/uploads\/2023\/05\/pack10.jpg 1059w, https:\/\/maelyneevolution.com\/wp-content\/uploads\/2023\/05\/pack10-300x219.jpg 300w, https:\/\/maelyneevolution.com\/wp-content\/uploads\/2023\/05\/pack10-1024x748.jpg 1024w, https:\/\/maelyneevolution.com\/wp-content\/uploads\/2023\/05\/pack10-768x561.jpg 768w\" sizes=\"(max-width: 1059px) 100vw, 1059px\" \/>\t\t\t\t\t\t\t\t\t\t\t\t\t<\/div>\n\t\t\t\t<\/div>\n\t\t\t\t<div class=\"elementor-element elementor-element-e8b36d8 elementor-invisible elementor-widget elementor-widget-text-editor\" data-id=\"e8b36d8\" data-element_type=\"widget\" data-settings=\"{&quot;_animation&quot;:&quot;fadeIn&quot;}\" data-widget_type=\"text-editor.default\">\n\t\t\t\t<div class=\"elementor-widget-container\">\n\t\t\t<style>\/*! elementor - v3.23.0 - 05-08-2024 *\/\n.elementor-widget-text-editor.elementor-drop-cap-view-stacked .elementor-drop-cap{background-color:#69727d;color:#fff}.elementor-widget-text-editor.elementor-drop-cap-view-framed .elementor-drop-cap{color:#69727d;border:3px solid;background-color:transparent}.elementor-widget-text-editor:not(.elementor-drop-cap-view-default) .elementor-drop-cap{margin-top:8px}.elementor-widget-text-editor:not(.elementor-drop-cap-view-default) .elementor-drop-cap-letter{width:1em;height:1em}.elementor-widget-text-editor .elementor-drop-cap{float:left;text-align:center;line-height:1;font-size:50px}.elementor-widget-text-editor .elementor-drop-cap-letter{display:inline-block}<\/style>\t\t\t\t<p>Vous avez opt\u00e9 pour le <strong>Pack 10<\/strong>, bravo ! C&rsquo;est l&rsquo;option la plus compl\u00e8te.<\/p><p>Dans quelques instants, vous pourrez commencer votre nouvelle vie en ayant acc\u00e8s \u00e0 dix cours e-learning exceptionnels en version PRO.\u00a0<\/p><p><strong>Contenu du Pack :<\/strong><\/p>\t\t\t\t\t\t<\/div>\n\t\t\t\t<\/div>\n\t\t\t\t<div class=\"elementor-element elementor-element-612c275 elementor-invisible elementor-widget elementor-widget-text-editor\" data-id=\"612c275\" data-element_type=\"widget\" data-settings=\"{&quot;_animation&quot;:&quot;bounceInRight&quot;}\" data-widget_type=\"text-editor.default\">\n\t\t\t\t<div class=\"elementor-widget-container\">\n\t\t\t\t\t\t\t<ul><li><b>10 <\/b>cours e-learning (vid\u00e9os + QCM)<\/li><\/ul>\t\t\t\t\t\t<\/div>\n\t\t\t\t<\/div>\n\t\t\t\t<div class=\"elementor-element elementor-element-9acfa73 elementor-invisible elementor-widget elementor-widget-text-editor\" data-id=\"9acfa73\" data-element_type=\"widget\" data-settings=\"{&quot;_animation&quot;:&quot;bounceInRight&quot;}\" data-widget_type=\"text-editor.default\">\n\t\t\t\t<div class=\"elementor-widget-container\">\n\t\t\t\t\t\t\t<ul><li><strong>53<\/strong> cahiers de cours<\/li><\/ul>\t\t\t\t\t\t<\/div>\n\t\t\t\t<\/div>\n\t\t\t\t<div class=\"elementor-element elementor-element-16a3983 elementor-invisible elementor-widget elementor-widget-text-editor\" data-id=\"16a3983\" data-element_type=\"widget\" data-settings=\"{&quot;_animation&quot;:&quot;bounceInRight&quot;}\" data-widget_type=\"text-editor.default\">\n\t\t\t\t<div class=\"elementor-widget-container\">\n\t\t\t\t\t\t\t<ul><li><b>235 <\/b>vid\u00e9os<\/li><\/ul>\t\t\t\t\t\t<\/div>\n\t\t\t\t<\/div>\n\t\t\t\t<div class=\"elementor-element elementor-element-681c858 elementor-invisible elementor-widget elementor-widget-text-editor\" data-id=\"681c858\" data-element_type=\"widget\" data-settings=\"{&quot;_animation&quot;:&quot;bounceInRight&quot;}\" data-widget_type=\"text-editor.default\">\n\t\t\t\t<div class=\"elementor-widget-container\">\n\t\t\t\t\t\t\t<ul><li><strong>18<\/strong> audio guides<\/li><\/ul>\t\t\t\t\t\t<\/div>\n\t\t\t\t<\/div>\n\t\t\t\t<div class=\"elementor-element elementor-element-6fe948c elementor-invisible elementor-widget elementor-widget-text-editor\" data-id=\"6fe948c\" data-element_type=\"widget\" data-settings=\"{&quot;_animation&quot;:&quot;bounceInRight&quot;}\" data-widget_type=\"text-editor.default\">\n\t\t\t\t<div class=\"elementor-widget-container\">\n\t\t\t\t\t\t\t<ul><li><b>10 certificats<\/b> (version luxe)<\/li><\/ul>\t\t\t\t\t\t<\/div>\n\t\t\t\t<\/div>\n\t\t\t\t<div class=\"elementor-element elementor-element-779aed5 elementor-invisible elementor-widget elementor-widget-text-editor\" data-id=\"779aed5\" data-element_type=\"widget\" data-settings=\"{&quot;_animation&quot;:&quot;bounceInRight&quot;}\" data-widget_type=\"text-editor.default\">\n\t\t\t\t<div class=\"elementor-widget-container\">\n\t\t\t\t\t\t\t<ul><li><b>10 DVD <\/b>ou <b>cl\u00e9s USB<\/b><\/li><\/ul>\t\t\t\t\t\t<\/div>\n\t\t\t\t<\/div>\n\t\t\t\t<div class=\"elementor-element elementor-element-6761a2e elementor-invisible elementor-widget elementor-widget-text-editor\" data-id=\"6761a2e\" data-element_type=\"widget\" data-settings=\"{&quot;_animation&quot;:&quot;bounceInRight&quot;}\" data-widget_type=\"text-editor.default\">\n\t\t\t\t<div class=\"elementor-widget-container\">\n\t\t\t\t\t\t\t<ul><li><b>1 an<\/b> d&rsquo;acc\u00e8s au serveur de\u00a0formation<\/li><\/ul>\t\t\t\t\t\t<\/div>\n\t\t\t\t<\/div>\n\t\t\t\t<div class=\"elementor-element elementor-element-6eb24c9 elementor-invisible elementor-widget elementor-widget-text-editor\" data-id=\"6eb24c9\" data-element_type=\"widget\" data-settings=\"{&quot;_animation&quot;:&quot;bounceInRight&quot;}\" data-widget_type=\"text-editor.default\">\n\t\t\t\t<div class=\"elementor-widget-container\">\n\t\t\t\t\t\t\t<ul><li><b>1 an<\/b> d&rsquo;assistance pour d\u00e9marrer votre activit\u00e9<\/li><\/ul>\t\t\t\t\t\t<\/div>\n\t\t\t\t<\/div>\n\t\t\t\t<div class=\"elementor-element elementor-element-1b0ef75 elementor-invisible elementor-widget elementor-widget-text-editor\" data-id=\"1b0ef75\" data-element_type=\"widget\" data-settings=\"{&quot;_animation&quot;:&quot;fadeInUp&quot;}\" data-widget_type=\"text-editor.default\">\n\t\t\t\t<div class=\"elementor-widget-container\">\n\t\t\t\t\t\t\t<p><strong>Liste des 10 formations :<\/strong><\/p><ul><li>R\u00e9flexologie plantaire<\/li><li>R\u00e9flexologie palmaire<\/li><li>R\u00e9flexologie cr\u00e2nio-faciale<\/li><li>Massage ayurv\u00e9dique \u00e0 l&rsquo;huile chaude<\/li><li>Massage ayurv\u00e9dique aux tampons herbeux<\/li><li>Massage ayurv\u00e9dique aux pierres chaudes<\/li><li>Massage liftant du visage et du buste<\/li><li>Shiatsu d\u00e9tente<\/li><li>Tui Na minceur<\/li><li>Initiation \u00e0 la Lithoth\u00e9rapie<\/li><\/ul>\t\t\t\t\t\t<\/div>\n\t\t\t\t<\/div>\n\t\t\t\t<div class=\"elementor-element elementor-element-7ab48d2 elementor-invisible elementor-widget elementor-widget-text-editor\" data-id=\"7ab48d2\" data-element_type=\"widget\" data-settings=\"{&quot;_animation&quot;:&quot;fadeInUp&quot;}\" data-widget_type=\"text-editor.default\">\n\t\t\t\t<div class=\"elementor-widget-container\">\n\t\t\t\t\t\t\t<p>Pour le r\u00e8glement de votre pack, nous vous proposons 2 solutions :<\/p>\t\t\t\t\t\t<\/div>\n\t\t\t\t<\/div>\n\t\t\t\t\t<\/div>\n\t\t<\/div>\n\t\t\t\t\t<\/div>\n\t\t<\/section>\n\t\t\t\t<section class=\"elementor-section elementor-top-section elementor-element elementor-element-83e2b22 elementor-section-boxed elementor-section-height-default elementor-section-height-default\" data-id=\"83e2b22\" data-element_type=\"section\" data-settings=\"{&quot;background_background&quot;:&quot;classic&quot;}\">\n\t\t\t\t\t\t<div class=\"elementor-container elementor-column-gap-default\">\n\t\t\t\t\t<div class=\"elementor-column elementor-col-50 elementor-top-column elementor-element elementor-element-c53dd8a\" data-id=\"c53dd8a\" data-element_type=\"column\">\n\t\t\t<div class=\"elementor-widget-wrap elementor-element-populated\">\n\t\t\t\t\t\t<div class=\"elementor-element elementor-element-94a1f6e elementor-invisible elementor-widget elementor-widget-text-editor\" data-id=\"94a1f6e\" data-element_type=\"widget\" data-settings=\"{&quot;_animation&quot;:&quot;fadeInUp&quot;}\" data-widget_type=\"text-editor.default\">\n\t\t\t\t<div class=\"elementor-widget-container\">\n\t\t\t\t\t\t\t<p><span style=\"color: #800080;\"><strong>Option 1 : Paypal<\/strong><\/span> (+15 \u20ac)<\/p>\n<p>Cette option vous permet de r\u00e9gler 1765 \u20ac avec votre compte Paypal, ou avec une carte bancaire.<\/p>\n<p>Vous avez \u00e9galement la possibilit\u00e9 de r\u00e9gler en 4 fois sans frais, soit 4 fois 441 euros.<\/p>\t\t\t\t\t\t<\/div>\n\t\t\t\t<\/div>\n\t\t\t\t\t<\/div>\n\t\t<\/div>\n\t\t\t\t<div class=\"elementor-column elementor-col-50 elementor-top-column elementor-element elementor-element-b858731\" data-id=\"b858731\" data-element_type=\"column\">\n\t\t\t<div class=\"elementor-widget-wrap elementor-element-populated\">\n\t\t\t\t\t\t<div class=\"elementor-element elementor-element-165b9c4 elementor-widget elementor-widget-shortcode\" data-id=\"165b9c4\" data-element_type=\"widget\" data-widget_type=\"shortcode.default\">\n\t\t\t\t<div class=\"elementor-widget-container\">\n\t\t\t\t\t<div class=\"elementor-shortcode\"><form action=\"https:\/\/www.paypal.com\/cgi-bin\/webscr\" method=\"post\" target=\"_top\">\n<input type=\"hidden\" name=\"cmd\" value=\"_s-xclick\">\n<input type=\"hidden\" name=\"hosted_button_id\" value=\"LL8B45W5LTU5L\">\n<input type=\"image\" src=\"https:\/\/maelyneevolution.com\/images\/boutonpaysmall.gif\" border=\"0\" name=\"submit\" alt=\"PayPal, le r\u00e9flexe s\u00e9curit\u00e9 pour payer en ligne\">\n<img decoding=\"async\" alt=\"\" border=\"0\" src=\"https:\/\/www.paypalobjects.com\/fr_FR\/i\/scr\/pixel.gif\" width=\"1\" height=\"1\">\n<\/form>\n<\/div>\n\t\t\t\t<\/div>\n\t\t\t\t<\/div>\n\t\t\t\t\t<\/div>\n\t\t<\/div>\n\t\t\t\t\t<\/div>\n\t\t<\/section>\n\t\t\t\t<section class=\"elementor-section elementor-top-section elementor-element elementor-element-09022c8 elementor-section-boxed elementor-section-height-default elementor-section-height-default\" data-id=\"09022c8\" data-element_type=\"section\" data-settings=\"{&quot;background_background&quot;:&quot;classic&quot;}\">\n\t\t\t\t\t\t<div class=\"elementor-container elementor-column-gap-default\">\n\t\t\t\t\t<div class=\"elementor-column elementor-col-50 elementor-top-column elementor-element elementor-element-3fdcc67\" data-id=\"3fdcc67\" data-element_type=\"column\">\n\t\t\t<div class=\"elementor-widget-wrap elementor-element-populated\">\n\t\t\t\t\t\t<div class=\"elementor-element elementor-element-9394ef4 elementor-invisible elementor-widget elementor-widget-text-editor\" data-id=\"9394ef4\" data-element_type=\"widget\" data-settings=\"{&quot;_animation&quot;:&quot;fadeInUp&quot;}\" data-widget_type=\"text-editor.default\">\n\t\t\t\t<div class=\"elementor-widget-container\">\n\t\t\t\t\t\t\t<p><span style=\"color: #800080;\"><strong><span style=\"color: #3366ff;\">Option 2 : Stripe<\/span>\u00a0<\/strong><\/span>(Carte bancaire)<\/p><p>Cette option vous permet de r\u00e9gler votre Pack par carte.<\/p>\t\t\t\t\t\t<\/div>\n\t\t\t\t<\/div>\n\t\t\t\t<div class=\"elementor-element elementor-element-eee25fe elementor-invisible elementor-widget elementor-widget-text-editor\" data-id=\"eee25fe\" data-element_type=\"widget\" data-settings=\"{&quot;_animation&quot;:&quot;fadeInUp&quot;}\" data-widget_type=\"text-editor.default\">\n\t\t\t\t<div class=\"elementor-widget-container\">\n\t\t\t\t\t\t\t<p><em>Si vous souhaitez payer en 3 fois, merci de nous consulter. nous mettrons en place un plan de paiement en 3 mensualit\u00e9 (599 + 599 + 552), avec acc\u00e8s aux cours par pack de 3.&nbsp;<\/em><em style=\"color: var( --e-global-color-text );\"><strong><span style=\"text-decoration-line: underline;\"><a href=\"mailto:maelynevolution@gmail.com\">Merci de nous \u00e9crire<\/a><\/span><\/strong> si vous pr\u00e9f\u00e9rez cette option.<\/em><\/p>\t\t\t\t\t\t<\/div>\n\t\t\t\t<\/div>\n\t\t\t\t\t<\/div>\n\t\t<\/div>\n\t\t\t\t<div class=\"elementor-column elementor-col-50 elementor-top-column elementor-element elementor-element-8efaea4\" data-id=\"8efaea4\" data-element_type=\"column\">\n\t\t\t<div class=\"elementor-widget-wrap\">\n\t\t\t\t\t\t\t<\/div>\n\t\t<\/div>\n\t\t\t\t\t<\/div>\n\t\t<\/section>\n\t\t\t\t<section class=\"elementor-section elementor-top-section elementor-element elementor-element-7474fd9 elementor-section-boxed elementor-section-height-default elementor-section-height-default\" data-id=\"7474fd9\" data-element_type=\"section\">\n\t\t\t\t\t\t<div class=\"elementor-container elementor-column-gap-default\">\n\t\t\t\t\t<div class=\"elementor-column elementor-col-100 elementor-top-column elementor-element elementor-element-8162570\" data-id=\"8162570\" data-element_type=\"column\">\n\t\t\t<div class=\"elementor-widget-wrap\">\n\t\t\t\t\t\t\t<\/div>\n\t\t<\/div>\n\t\t\t\t\t<\/div>\n\t\t<\/section>\n\t\t\t\t<\/div>\n\t\t","protected":false},"excerpt":{"rendered":"<p>Vous avez opt\u00e9 pour le Pack 10, bravo ! C&rsquo;est l&rsquo;option la plus compl\u00e8te. Dans quelques instants, vous pourrez commencer votre nouvelle vie en ayant acc\u00e8s \u00e0 dix cours e-learning exceptionnels en version PRO.\u00a0 Contenu du Pack : 10 cours e-learning (vid\u00e9os + QCM) 53 cahiers de cours 235 vid\u00e9os 18 audio guides 10 certificats [&hellip;]<\/p>\n","protected":false},"author":1,"featured_media":0,"parent":0,"menu_order":0,"comment_status":"closed","ping_status":"closed","template":"","meta":{"_seopress_robots_primary_cat":"","_seopress_titles_title":"","_seopress_titles_desc":"","_seopress_robots_index":"","_monsterinsights_skip_tracking":false,"_monsterinsights_sitenote_active":false,"_monsterinsights_sitenote_note":"","_monsterinsights_sitenote_category":0},"_links":{"self":[{"href":"https:\/\/maelyneevolution.com\/index.php\/wp-json\/wp\/v2\/pages\/9984"}],"collection":[{"href":"https:\/\/maelyneevolution.com\/index.php\/wp-json\/wp\/v2\/pages"}],"about":[{"href":"https:\/\/maelyneevolution.com\/index.php\/wp-json\/wp\/v2\/types\/page"}],"author":[{"embeddable":true,"href":"https:\/\/maelyneevolution.com\/index.php\/wp-json\/wp\/v2\/users\/1"}],"replies":[{"embeddable":true,"href":"https:\/\/maelyneevolution.com\/index.php\/wp-json\/wp\/v2\/comments?post=9984"}],"version-history":[{"count":46,"href":"https:\/\/maelyneevolution.com\/index.php\/wp-json\/wp\/v2\/pages\/9984\/revisions"}],"predecessor-version":[{"id":10126,"href":"https:\/\/maelyneevolution.com\/index.php\/wp-json\/wp\/v2\/pages\/9984\/revisions\/10126"}],"wp:attachment":[{"href":"https:\/\/maelyneevolution.com\/index.php\/wp-json\/wp\/v2\/media?parent=9984"}],"curies":[{"name":"wp","href":"https:\/\/api.w.org\/{rel}","templated":true}]}}