{"id":6082,"date":"2022-05-12T13:51:27","date_gmt":"2022-05-12T13:51:27","guid":{"rendered":"https:\/\/maelyneevolution.com\/?page_id=6082"},"modified":"2022-05-12T14:05:51","modified_gmt":"2022-05-12T14:05:51","slug":"partenariat","status":"publish","type":"page","link":"https:\/\/maelyneevolution.com\/index.php\/partenariat\/","title":{"rendered":"Partenariat"},"content":{"rendered":"\t\t<div data-elementor-type=\"wp-page\" data-elementor-id=\"6082\" class=\"elementor elementor-6082\">\n\t\t\t\t\t\t<section class=\"elementor-section elementor-top-section elementor-element elementor-element-3a58b4a7 elementor-section-height-min-height elementor-section-boxed elementor-section-height-default elementor-section-items-middle\" data-id=\"3a58b4a7\" data-element_type=\"section\" data-settings=\"{&quot;background_background&quot;:&quot;classic&quot;}\">\n\t\t\t\t\t\t<div class=\"elementor-container elementor-column-gap-default\">\n\t\t\t\t\t<div class=\"elementor-column elementor-col-100 elementor-top-column elementor-element elementor-element-5a75382c\" data-id=\"5a75382c\" data-element_type=\"column\">\n\t\t\t<div class=\"elementor-widget-wrap elementor-element-populated\">\n\t\t\t\t\t\t<div class=\"elementor-element elementor-element-8eb0824 elementor-widget elementor-widget-heading\" data-id=\"8eb0824\" data-element_type=\"widget\" data-widget_type=\"heading.default\">\n\t\t\t\t<div class=\"elementor-widget-container\">\n\t\t\t<style>\/*! elementor - v3.23.0 - 05-08-2024 *\/\n.elementor-heading-title{padding:0;margin:0;line-height:1}.elementor-widget-heading .elementor-heading-title[class*=elementor-size-]>a{color:inherit;font-size:inherit;line-height:inherit}.elementor-widget-heading .elementor-heading-title.elementor-size-small{font-size:15px}.elementor-widget-heading .elementor-heading-title.elementor-size-medium{font-size:19px}.elementor-widget-heading .elementor-heading-title.elementor-size-large{font-size:29px}.elementor-widget-heading .elementor-heading-title.elementor-size-xl{font-size:39px}.elementor-widget-heading .elementor-heading-title.elementor-size-xxl{font-size:59px}<\/style><h2 class=\"elementor-heading-title elementor-size-xxl\">Partenariats<\/h2>\t\t<\/div>\n\t\t\t\t<\/div>\n\t\t\t\t<section class=\"elementor-section elementor-inner-section elementor-element elementor-element-836e380 elementor-section-boxed elementor-section-height-default elementor-section-height-default\" data-id=\"836e380\" data-element_type=\"section\">\n\t\t\t\t\t\t<div class=\"elementor-container elementor-column-gap-default\">\n\t\t\t\t\t<div class=\"elementor-column elementor-col-50 elementor-inner-column elementor-element elementor-element-c23bca5\" data-id=\"c23bca5\" data-element_type=\"column\">\n\t\t\t<div class=\"elementor-widget-wrap elementor-element-populated\">\n\t\t\t\t\t\t<div class=\"elementor-element elementor-element-c78ad7a elementor-widget elementor-widget-heading\" data-id=\"c78ad7a\" data-element_type=\"widget\" data-widget_type=\"heading.default\">\n\t\t\t\t<div class=\"elementor-widget-container\">\n\t\t\t<h2 class=\"elementor-heading-title elementor-size-default\">Quelques Partenaires de confiance...<\/h2>\t\t<\/div>\n\t\t\t\t<\/div>\n\t\t\t\t<div class=\"elementor-element elementor-element-d693076 elementor-widget elementor-widget-text-editor\" data-id=\"d693076\" data-element_type=\"widget\" data-widget_type=\"text-editor.default\">\n\t\t\t\t<div class=\"elementor-widget-container\">\n\t\t\t<style>\/*! elementor - v3.23.0 - 05-08-2024 *\/\n.elementor-widget-text-editor.elementor-drop-cap-view-stacked .elementor-drop-cap{background-color:#69727d;color:#fff}.elementor-widget-text-editor.elementor-drop-cap-view-framed .elementor-drop-cap{color:#69727d;border:3px solid;background-color:transparent}.elementor-widget-text-editor:not(.elementor-drop-cap-view-default) .elementor-drop-cap{margin-top:8px}.elementor-widget-text-editor:not(.elementor-drop-cap-view-default) .elementor-drop-cap-letter{width:1em;height:1em}.elementor-widget-text-editor .elementor-drop-cap{float:left;text-align:center;line-height:1;font-size:50px}.elementor-widget-text-editor .elementor-drop-cap-letter{display:inline-block}<\/style>\t\t\t\t<p><span style=\"color: #000000;\"><b>Yann \u00ab\u00a0Spiruline\u00a0\u00bb<br \/><\/b><\/span><span style=\"background-color: var( --e-global-color-0affea7 );\">35 les Henriets\u00a0<\/span>33190 Camiran<br \/>06 48 31 59 29<\/p>\t\t\t\t\t\t<\/div>\n\t\t\t\t<\/div>\n\t\t\t\t<div class=\"elementor-element elementor-element-f4fb5de elementor-widget elementor-widget-text-editor\" data-id=\"f4fb5de\" data-element_type=\"widget\" data-widget_type=\"text-editor.default\">\n\t\t\t\t<div class=\"elementor-widget-container\">\n\t\t\t\t\t\t\t<p>En cherchant un mode de vie plus saine et respectueux, nous sommes devenu pesco-v\u00e9g\u00e9tarien (pas de viande).<br \/>Notre source de prot\u00e9ine\u2026 la <strong>spiruline<\/strong> !<\/p><p>Merci \u00e0 vous de d\u00e9couvrir notre univers et d\u2019\u00eatre acteurs de la nourriture de demain.<\/p><p><a href=\"https:\/\/laspirulinedejulie.com\/\">https:\/\/laspirulinedejulie.com\/<\/a><\/p>\t\t\t\t\t\t<\/div>\n\t\t\t\t<\/div>\n\t\t\t\t<div class=\"elementor-element elementor-element-b9e8bbb elementor-widget elementor-widget-text-editor\" data-id=\"b9e8bbb\" data-element_type=\"widget\" data-widget_type=\"text-editor.default\">\n\t\t\t\t<div class=\"elementor-widget-container\">\n\t\t\t\t\t\t\t<p><span style=\"color: #000000;\"><strong>Denis Gilquin<\/strong><\/span><br \/>11bis bdv des nations 14540 Bourgu\u00e9bus<br \/>06 26 57 08 99<\/p>\t\t\t\t\t\t<\/div>\n\t\t\t\t<\/div>\n\t\t\t\t<div class=\"elementor-element elementor-element-85f5714 elementor-widget elementor-widget-text-editor\" data-id=\"85f5714\" data-element_type=\"widget\" data-widget_type=\"text-editor.default\">\n\t\t\t\t<div class=\"elementor-widget-container\">\n\t\t\t\t\t\t\t<p><span style=\"color: #800000;\"><em>Soins propos\u00e9s :<\/em><\/span><br \/><span style=\"color: #800000;\"><em>R\u00e9flexologie Plantaire<\/em><\/span><br \/><span style=\"color: #800000;\"><em>R\u00e9flexologie Cr\u00e2nio-faciale<\/em><\/span><br \/><span style=\"color: #800000;\"><em>Massage aux Pierres chaudes<\/em><\/span><br \/><span style=\"color: #800000;\"><em>Massage aux Tampons herbeux<\/em><\/span><br \/><span style=\"color: #808080;\">Denis est \u00e9galement\u00a0 sophrologue, litho th\u00e9rapeute, hypnoth\u00e9rapeute, magn\u00e9tiseur, etc.<\/span><\/p>\t\t\t\t\t\t<\/div>\n\t\t\t\t<\/div>\n\t\t\t\t\t<\/div>\n\t\t<\/div>\n\t\t\t\t<div class=\"elementor-column elementor-col-50 elementor-inner-column elementor-element elementor-element-68092a5\" data-id=\"68092a5\" data-element_type=\"column\">\n\t\t\t<div class=\"elementor-widget-wrap elementor-element-populated\">\n\t\t\t\t\t\t<div class=\"elementor-element elementor-element-8b9dc07 elementor-widget elementor-widget-image\" data-id=\"8b9dc07\" data-element_type=\"widget\" data-widget_type=\"image.default\">\n\t\t\t\t<div class=\"elementor-widget-container\">\n\t\t\t<style>\/*! elementor - v3.23.0 - 05-08-2024 *\/\n.elementor-widget-image{text-align:center}.elementor-widget-image a{display:inline-block}.elementor-widget-image a img[src$=\".svg\"]{width:48px}.elementor-widget-image img{vertical-align:middle;display:inline-block}<\/style>\t\t\t\t\t\t\t\t\t\t<img fetchpriority=\"high\" decoding=\"async\" width=\"800\" height=\"492\" src=\"https:\/\/maelyneevolution.com\/wp-content\/uploads\/2022\/03\/reunion1-1024x630.jpg\" class=\"attachment-large size-large wp-image-4590\" alt=\"reunion maelyne\" srcset=\"https:\/\/maelyneevolution.com\/wp-content\/uploads\/2022\/03\/reunion1-1024x630.jpg 1024w, https:\/\/maelyneevolution.com\/wp-content\/uploads\/2022\/03\/reunion1-300x185.jpg 300w, https:\/\/maelyneevolution.com\/wp-content\/uploads\/2022\/03\/reunion1-768x472.jpg 768w, https:\/\/maelyneevolution.com\/wp-content\/uploads\/2022\/03\/reunion1.jpg 1200w\" sizes=\"(max-width: 800px) 100vw, 800px\" \/>\t\t\t\t\t\t\t\t\t\t\t\t\t<\/div>\n\t\t\t\t<\/div>\n\t\t\t\t\t<\/div>\n\t\t<\/div>\n\t\t\t\t\t<\/div>\n\t\t<\/section>\n\t\t\t\t\t<\/div>\n\t\t<\/div>\n\t\t\t\t\t<\/div>\n\t\t<\/section>\n\t\t\t\t<\/div>\n\t\t","protected":false},"excerpt":{"rendered":"<p>Partenariats Quelques Partenaires de confiance&#8230; Yann \u00ab\u00a0Spiruline\u00a0\u00bb35 les Henriets\u00a033190 Camiran06 48 31 59 29 En cherchant un mode de vie plus saine et respectueux, nous sommes devenu pesco-v\u00e9g\u00e9tarien (pas de viande).Notre source de prot\u00e9ine\u2026 la spiruline ! Merci \u00e0 vous de d\u00e9couvrir notre univers et d\u2019\u00eatre acteurs de la nourriture de demain. https:\/\/laspirulinedejulie.com\/ Denis Gilquin11bis [&hellip;]<\/p>\n","protected":false},"author":1,"featured_media":0,"parent":0,"menu_order":0,"comment_status":"closed","ping_status":"closed","template":"","meta":{"_seopress_robots_primary_cat":"","_seopress_titles_title":"","_seopress_titles_desc":"","_seopress_robots_index":"yes","_monsterinsights_skip_tracking":false,"_monsterinsights_sitenote_active":false,"_monsterinsights_sitenote_note":"","_monsterinsights_sitenote_category":0},"_links":{"self":[{"href":"https:\/\/maelyneevolution.com\/index.php\/wp-json\/wp\/v2\/pages\/6082"}],"collection":[{"href":"https:\/\/maelyneevolution.com\/index.php\/wp-json\/wp\/v2\/pages"}],"about":[{"href":"https:\/\/maelyneevolution.com\/index.php\/wp-json\/wp\/v2\/types\/page"}],"author":[{"embeddable":true,"href":"https:\/\/maelyneevolution.com\/index.php\/wp-json\/wp\/v2\/users\/1"}],"replies":[{"embeddable":true,"href":"https:\/\/maelyneevolution.com\/index.php\/wp-json\/wp\/v2\/comments?post=6082"}],"version-history":[{"count":9,"href":"https:\/\/maelyneevolution.com\/index.php\/wp-json\/wp\/v2\/pages\/6082\/revisions"}],"predecessor-version":[{"id":6094,"href":"https:\/\/maelyneevolution.com\/index.php\/wp-json\/wp\/v2\/pages\/6082\/revisions\/6094"}],"wp:attachment":[{"href":"https:\/\/maelyneevolution.com\/index.php\/wp-json\/wp\/v2\/media?parent=6082"}],"curies":[{"name":"wp","href":"https:\/\/api.w.org\/{rel}","templated":true}]}}