{"id":5369,"date":"2022-04-02T12:46:58","date_gmt":"2022-04-02T12:46:58","guid":{"rendered":"https:\/\/maelyneevolution.com\/?page_id=5369"},"modified":"2024-07-09T14:17:18","modified_gmt":"2024-07-09T14:17:18","slug":"pack-avenir","status":"publish","type":"page","link":"https:\/\/maelyneevolution.com\/index.php\/pack-avenir\/","title":{"rendered":"Pack Avenir"},"content":{"rendered":"\t\t<div data-elementor-type=\"wp-page\" data-elementor-id=\"5369\" class=\"elementor elementor-5369\">\n\t\t\t\t\t\t<section class=\"elementor-section elementor-top-section elementor-element elementor-element-70ef5d70 elementor-section-boxed elementor-section-height-default elementor-section-height-default\" data-id=\"70ef5d70\" data-element_type=\"section\">\n\t\t\t\t\t\t<div class=\"elementor-container elementor-column-gap-default\">\n\t\t\t\t\t<div class=\"elementor-column elementor-col-100 elementor-top-column elementor-element elementor-element-65e743c1\" data-id=\"65e743c1\" data-element_type=\"column\">\n\t\t\t<div class=\"elementor-widget-wrap elementor-element-populated\">\n\t\t\t\t\t\t<div class=\"elementor-element elementor-element-49217167 eael-dual-header-content-align-center elementor-widget elementor-widget-eael-dual-color-header\" data-id=\"49217167\" data-element_type=\"widget\" data-widget_type=\"eael-dual-color-header.default\">\n\t\t\t\t<div class=\"elementor-widget-container\">\n\t\t\t\t\t\t<div class=\"eael-dual-header\">\n\t\t\t\t<h2 class=\"title eael-dch-title\"><span class=\"eael-dch-title-text eael-dch-title-lead lead solid-color\">Pack<\/span> <span class=\"eael-dch-title-text\">AVENIR<\/span><\/h2>\t\t\t\t\t<span class=\"subtext\"><p><strong>Tous les supports Maelyne dans un pack exceptionnel !<\/strong><\/p><\/span>\n\t\t\t\t\t\t\t\t\t<span class=\"eael-dch-svg-icon\"><i aria-hidden=\"true\" class=\"fas fa-scroll\"><\/i><\/span>\t\t\t\t\t\t\t<\/div>\n\n\t\t\t\t<\/div>\n\t\t\t\t<\/div>\n\t\t\t\t\t<\/div>\n\t\t<\/div>\n\t\t\t\t\t<\/div>\n\t\t<\/section>\n\t\t\t\t<section class=\"elementor-section elementor-top-section elementor-element elementor-element-14b8589 elementor-section-boxed elementor-section-height-default elementor-section-height-default\" data-id=\"14b8589\" data-element_type=\"section\">\n\t\t\t\t\t\t<div class=\"elementor-container elementor-column-gap-default\">\n\t\t\t\t\t<div class=\"elementor-column elementor-col-100 elementor-top-column elementor-element elementor-element-abd4722\" data-id=\"abd4722\" data-element_type=\"column\">\n\t\t\t<div class=\"elementor-widget-wrap elementor-element-populated\">\n\t\t\t\t\t\t<div class=\"elementor-element elementor-element-2a4185f elementor-invisible elementor-widget elementor-widget-image\" data-id=\"2a4185f\" data-element_type=\"widget\" data-settings=\"{&quot;_animation&quot;:&quot;bounceIn&quot;}\" data-widget_type=\"image.default\">\n\t\t\t\t<div class=\"elementor-widget-container\">\n\t\t\t<style>\/*! elementor - v3.23.0 - 05-08-2024 *\/\n.elementor-widget-image{text-align:center}.elementor-widget-image a{display:inline-block}.elementor-widget-image a img[src$=\".svg\"]{width:48px}.elementor-widget-image img{vertical-align:middle;display:inline-block}<\/style>\t\t\t\t\t\t\t\t\t\t<img fetchpriority=\"high\" decoding=\"async\" width=\"800\" height=\"344\" src=\"https:\/\/maelyneevolution.com\/wp-content\/uploads\/2022\/04\/avenir-1024x440.jpg\" class=\"attachment-large size-large wp-image-5422\" alt=\"\" srcset=\"https:\/\/maelyneevolution.com\/wp-content\/uploads\/2022\/04\/avenir-1024x440.jpg 1024w, https:\/\/maelyneevolution.com\/wp-content\/uploads\/2022\/04\/avenir-300x129.jpg 300w, https:\/\/maelyneevolution.com\/wp-content\/uploads\/2022\/04\/avenir-768x330.jpg 768w, https:\/\/maelyneevolution.com\/wp-content\/uploads\/2022\/04\/avenir.jpg 1500w\" sizes=\"(max-width: 800px) 100vw, 800px\" \/>\t\t\t\t\t\t\t\t\t\t\t\t\t<\/div>\n\t\t\t\t<\/div>\n\t\t\t\t<div class=\"elementor-element elementor-element-8b12687 elementor-widget elementor-widget-text-editor\" data-id=\"8b12687\" data-element_type=\"widget\" data-widget_type=\"text-editor.default\">\n\t\t\t\t<div class=\"elementor-widget-container\">\n\t\t\t<style>\/*! elementor - v3.23.0 - 05-08-2024 *\/\n.elementor-widget-text-editor.elementor-drop-cap-view-stacked .elementor-drop-cap{background-color:#69727d;color:#fff}.elementor-widget-text-editor.elementor-drop-cap-view-framed .elementor-drop-cap{color:#69727d;border:3px solid;background-color:transparent}.elementor-widget-text-editor:not(.elementor-drop-cap-view-default) .elementor-drop-cap{margin-top:8px}.elementor-widget-text-editor:not(.elementor-drop-cap-view-default) .elementor-drop-cap-letter{width:1em;height:1em}.elementor-widget-text-editor .elementor-drop-cap{float:left;text-align:center;line-height:1;font-size:50px}.elementor-widget-text-editor .elementor-drop-cap-letter{display:inline-block}<\/style>\t\t\t\t<p style=\"text-align: center;\">Le <strong>Pack Avenir<\/strong>, c&rsquo;est <strong>La Totale<\/strong>.<\/p>\n<p style=\"text-align: center;\"><strong>Tous les cours version GOLD&nbsp;<\/strong>(e-learning, illimit\u00e9 \u00e0 vie),&nbsp;<strong>tous les films MP4<\/strong> des s\u00e9ances compl\u00e8tes, <strong>tous les manuels, tous les audioguides,<\/strong>&nbsp;<strong>tous les certificats version luxe, <\/strong>le <strong>calculateur de chemin de vie, et le plein de cadeaux.<\/strong><\/p>\t\t\t\t\t\t<\/div>\n\t\t\t\t<\/div>\n\t\t\t\t<div class=\"elementor-element elementor-element-191358b elementor-invisible elementor-widget elementor-widget-image\" data-id=\"191358b\" data-element_type=\"widget\" data-settings=\"{&quot;_animation&quot;:&quot;fadeIn&quot;}\" data-widget_type=\"image.default\">\n\t\t\t\t<div class=\"elementor-widget-container\">\n\t\t\t\t\t\t\t\t\t\t\t\t\t<img decoding=\"async\" width=\"800\" height=\"296\" src=\"https:\/\/maelyneevolution.com\/wp-content\/uploads\/2024\/07\/pack-avenir2-1024x379.jpg\" class=\"attachment-large size-large wp-image-11462\" alt=\"\" srcset=\"https:\/\/maelyneevolution.com\/wp-content\/uploads\/2024\/07\/pack-avenir2-1024x379.jpg 1024w, https:\/\/maelyneevolution.com\/wp-content\/uploads\/2024\/07\/pack-avenir2-300x111.jpg 300w, https:\/\/maelyneevolution.com\/wp-content\/uploads\/2024\/07\/pack-avenir2-768x284.jpg 768w, https:\/\/maelyneevolution.com\/wp-content\/uploads\/2024\/07\/pack-avenir2.jpg 1500w\" sizes=\"(max-width: 800px) 100vw, 800px\" \/>\t\t\t\t\t\t\t\t\t\t\t\t\t<\/div>\n\t\t\t\t<\/div>\n\t\t\t\t<div class=\"elementor-element elementor-element-647c033 elementor-widget elementor-widget-eael-adv-accordion\" data-id=\"647c033\" data-element_type=\"widget\" data-widget_type=\"eael-adv-accordion.default\">\n\t\t\t\t<div class=\"elementor-widget-container\">\n\t\t\t            <div class=\"eael-adv-accordion\" id=\"eael-adv-accordion-647c033\" data-scroll-on-click=\"no\" data-scroll-speed=\"300\" data-accordion-id=\"647c033\" data-accordion-type=\"accordion\" data-toogle-speed=\"300\">\n            <div class=\"eael-accordion-list\">\n\t\t\t\t\t<div id=\"cliquez-pour-voir-le-contenu-du-pack-avenir\" class=\"elementor-tab-title eael-accordion-header\" tabindex=\"0\" data-tab=\"1\" aria-controls=\"elementor-tab-content-1051\"><span class=\"eael-advanced-accordion-icon-closed\"><i aria-hidden=\"true\" class=\"fa-accordion-icon fas fa-plus\"><\/i><\/span><span class=\"eael-advanced-accordion-icon-opened\"><i aria-hidden=\"true\" class=\"fa-accordion-icon fas fa-minus\"><\/i><\/span><span class=\"eael-accordion-tab-title\">Cliquez pour voir le contenu du Pack Avenir<\/span><i aria-hidden=\"true\" class=\"fa-toggle fas fa-angle-right\"><\/i><\/div><div id=\"elementor-tab-content-1051\" class=\"eael-accordion-content clearfix\" data-tab=\"1\" aria-labelledby=\"cliquez-pour-voir-le-contenu-du-pack-avenir\"><p><span style=\"color: #339966\"><strong>12 Formations e-learning MasterClass:<\/strong><\/span><\/p><ul><li>R\u00e9flexologie plantaire<\/li><li>R\u00e9flexologie palmaire<\/li><li>R\u00e9flexologie cr\u00e2nio-faciale<\/li><li>Huile chaude<\/li><li>Pierres chaudes<\/li><li>Tampons herbeux<\/li><li>Liftant du visage<\/li><li>Shiatsu d\u00e9tente<\/li><li>Lithoth\u00e9rapie<\/li><li>Tuina minceur<\/li><li>Bols Kansu<\/li><li>R\u00e9veille ton \u00e2me<\/li><\/ul><p><strong><span style=\"color: #339966\">22 Audio-guides :<\/span><\/strong><\/p><ul><li>R\u00e9flexologie plantaire<\/li><li>R\u00e9flexologie palmaire<\/li><li>R\u00e9flexologie cr\u00e2nio-faciale<\/li><li>Huile chaude<\/li><li>Pierres chaudes<\/li><li>Tampons herbeux<\/li><li>Liftant du visage (2 audios)<\/li><li>Shiatsu d\u00e9tente<\/li><li>Tuina minceur<\/li><li>Bols Kansu<\/li><\/ul><p><strong><br \/><span style=\"color: #339966\">10 vid\u00e9os mp4 s\u00e9ance compl\u00e8te :<\/span><\/strong><\/p><ul><li>R\u00e9flexologie plantaire<\/li><li>R\u00e9flexologie palmaire<\/li><li>R\u00e9flexologie cr\u00e2nio-faciale<\/li><li>Huile chaude<\/li><li>Pierres chaudes<\/li><li>Tampons herbeux<\/li><li>Liftant du visage<\/li><li>Shiatsu d\u00e9tente<\/li><li>Tuina minceur<\/li><li>Bols Kansu<\/li><\/ul><p><strong><span style=\"color: #339966\"><br \/>80 cahiers de cours PDF<br \/><\/span><br \/><span style=\"color: #339966\">11 certificats version Luxe :<\/span><\/strong><\/p><ul><li>R\u00e9flexologie plantaire<\/li><li>R\u00e9flexologie palmaire.<\/li><li>R\u00e9flexologie cr\u00e2nio-faciale<\/li><li>Huile chaude<\/li><li>Pierres chaudes<\/li><li>Tampons herbeux<\/li><li>Liftant du visage<\/li><li>Shiatsu d\u00e9tente<\/li><li>Lithoth\u00e9rapie<\/li><li>Tuina minceur<\/li><li>Bols Kansu<\/li><\/ul><p><strong><br \/><span style=\"color: #339966\">1 Calculateur de chemin de vie<\/span><\/strong><\/p><p><strong><br \/><span style=\"color: #339966\">1 m\u00e9ditation MP3 :<\/span><\/strong><\/p><ul><li>Lithoth\u00e9rapie<\/li><\/ul><p><strong><span style=\"color: #339966\">1 entretien visio d&rsquo;une heure avec Sylvie pour \u00e9tablir votre projet<\/span><\/strong><\/p><\/div>\n\t\t\t\t\t<\/div><\/div>\t\t<\/div>\n\t\t\t\t<\/div>\n\t\t\t\t<div class=\"elementor-element elementor-element-fd313d0 elementor-invisible elementor-widget elementor-widget-image\" data-id=\"fd313d0\" data-element_type=\"widget\" data-settings=\"{&quot;_animation&quot;:&quot;rotateIn&quot;}\" data-widget_type=\"image.default\">\n\t\t\t\t<div class=\"elementor-widget-container\">\n\t\t\t\t\t\t\t\t\t\t\t\t\t<img decoding=\"async\" width=\"768\" height=\"274\" src=\"https:\/\/maelyneevolution.com\/wp-content\/uploads\/2024\/07\/pack-avenir3b-768x274.jpg\" class=\"attachment-medium_large size-medium_large wp-image-11464\" alt=\"\" srcset=\"https:\/\/maelyneevolution.com\/wp-content\/uploads\/2024\/07\/pack-avenir3b-768x274.jpg 768w, https:\/\/maelyneevolution.com\/wp-content\/uploads\/2024\/07\/pack-avenir3b-300x107.jpg 300w, https:\/\/maelyneevolution.com\/wp-content\/uploads\/2024\/07\/pack-avenir3b-1024x365.jpg 1024w, https:\/\/maelyneevolution.com\/wp-content\/uploads\/2024\/07\/pack-avenir3b.jpg 1500w\" sizes=\"(max-width: 768px) 100vw, 768px\" \/>\t\t\t\t\t\t\t\t\t\t\t\t\t<\/div>\n\t\t\t\t<\/div>\n\t\t\t\t<div class=\"elementor-element elementor-element-e5f2bbe elementor-widget elementor-widget-video\" data-id=\"e5f2bbe\" data-element_type=\"widget\" data-settings=\"{&quot;youtube_url&quot;:&quot;https:\\\/\\\/youtu.be\\\/8cpUmNuKEG8&quot;,&quot;video_type&quot;:&quot;youtube&quot;,&quot;controls&quot;:&quot;yes&quot;}\" data-widget_type=\"video.default\">\n\t\t\t\t<div class=\"elementor-widget-container\">\n\t\t\t<style>\/*! elementor - v3.23.0 - 05-08-2024 *\/\n.elementor-widget-video .elementor-widget-container{overflow:hidden;transform:translateZ(0)}.elementor-widget-video .elementor-wrapper{aspect-ratio:var(--video-aspect-ratio)}.elementor-widget-video .elementor-wrapper iframe,.elementor-widget-video .elementor-wrapper video{height:100%;width:100%;display:flex;border:none;background-color:#000}@supports not (aspect-ratio:1\/1){.elementor-widget-video .elementor-wrapper{position:relative;overflow:hidden;height:0;padding-bottom:calc(100% \/ var(--video-aspect-ratio))}.elementor-widget-video .elementor-wrapper iframe,.elementor-widget-video .elementor-wrapper video{position:absolute;top:0;right:0;bottom:0;left:0}}.elementor-widget-video .elementor-open-inline .elementor-custom-embed-image-overlay{position:absolute;top:0;right:0;bottom:0;left:0;background-size:cover;background-position:50%}.elementor-widget-video .elementor-custom-embed-image-overlay{cursor:pointer;text-align:center}.elementor-widget-video .elementor-custom-embed-image-overlay:hover .elementor-custom-embed-play i{opacity:1}.elementor-widget-video .elementor-custom-embed-image-overlay img{display:block;width:100%;aspect-ratio:var(--video-aspect-ratio);-o-object-fit:cover;object-fit:cover;-o-object-position:center center;object-position:center center}@supports not (aspect-ratio:1\/1){.elementor-widget-video .elementor-custom-embed-image-overlay{position:relative;overflow:hidden;height:0;padding-bottom:calc(100% \/ var(--video-aspect-ratio))}.elementor-widget-video .elementor-custom-embed-image-overlay img{position:absolute;top:0;right:0;bottom:0;left:0}}.elementor-widget-video .e-hosted-video .elementor-video{-o-object-fit:cover;object-fit:cover}.e-con-inner>.elementor-widget-video,.e-con>.elementor-widget-video{width:var(--container-widget-width);--flex-grow:var(--container-widget-flex-grow)}<\/style>\t\t<div class=\"elementor-wrapper elementor-open-inline\">\n\t\t\t<div class=\"elementor-video\"><\/div>\t\t<\/div>\n\t\t\t\t<\/div>\n\t\t\t\t<\/div>\n\t\t\t\t<div class=\"elementor-element elementor-element-3ed59b0 elementor-widget elementor-widget-text-editor\" data-id=\"3ed59b0\" data-element_type=\"widget\" data-widget_type=\"text-editor.default\">\n\t\t\t\t<div class=\"elementor-widget-container\">\n\t\t\t\t\t\t\t<p style=\"text-align: center;\">Valeur du pack : <strong><span style=\"color: #993300;\">19 254 \u20ac\u00a0<\/span><\/strong><\/p><p style=\"text-align: center;\"><strong><span style=\"color: #993300;\">Prix promo : 999 \u20ac<\/span><\/strong><\/p>\t\t\t\t\t\t<\/div>\n\t\t\t\t<\/div>\n\t\t\t\t<div class=\"elementor-element elementor-element-4dbb5ae elementor-button-success elementor-align-center elementor-widget elementor-widget-button\" data-id=\"4dbb5ae\" data-element_type=\"widget\" data-widget_type=\"button.default\">\n\t\t\t\t<div class=\"elementor-widget-container\">\n\t\t\t\t\t<div class=\"elementor-button-wrapper\">\n\t\t\t<a class=\"elementor-button elementor-button-link elementor-size-sm\" href=\"https:\/\/www.maelyneformations.fr\/livepa\">\n\t\t\t\t\t\t<span class=\"elementor-button-content-wrapper\">\n\t\t\t\t\t\t<span class=\"elementor-button-icon\">\n\t\t\t\t<i aria-hidden=\"true\" class=\"fas fa-plus-circle\"><\/i>\t\t\t<\/span>\n\t\t\t\t\t\t\t\t\t<span class=\"elementor-button-text\">En savoir plus<\/span>\n\t\t\t\t\t<\/span>\n\t\t\t\t\t<\/a>\n\t\t<\/div>\n\t\t\t\t<\/div>\n\t\t\t\t<\/div>\n\t\t\t\t<div class=\"elementor-element elementor-element-21a83b4 elementor-widget elementor-widget-text-editor\" data-id=\"21a83b4\" data-element_type=\"widget\" data-widget_type=\"text-editor.default\">\n\t\t\t\t<div class=\"elementor-widget-container\">\n\t\t\t\t\t\t\t<p><b>(Paiement possible en 10 fois 119 \u20ac)<br><\/b>Pour toute question, n&rsquo;h\u00e9sitez pas \u00e0 nous contacter : <span style=\"text-decoration: underline;\"><a href=\"mailto:maelynevolution@gmail.com\">maelynevolution@gmail.com<\/a><\/span><\/p>\t\t\t\t\t\t<\/div>\n\t\t\t\t<\/div>\n\t\t\t\t\t<\/div>\n\t\t<\/div>\n\t\t\t\t\t<\/div>\n\t\t<\/section>\n\t\t\t\t<\/div>\n\t\t","protected":false},"excerpt":{"rendered":"<p>Pack AVENIR Tous les supports Maelyne dans un pack exceptionnel ! Le Pack Avenir, c&rsquo;est La Totale. Tous les cours version GOLD&nbsp;(e-learning, illimit\u00e9 \u00e0 vie),&nbsp;tous les films MP4 des s\u00e9ances compl\u00e8tes, tous les manuels, tous les audioguides,&nbsp;tous les certificats version luxe, le calculateur de chemin de vie, et le plein de cadeaux. Cliquez pour voir [&hellip;]<\/p>\n","protected":false},"author":1,"featured_media":0,"parent":0,"menu_order":0,"comment_status":"closed","ping_status":"closed","template":"","meta":{"_seopress_robots_primary_cat":"","_seopress_titles_title":"","_seopress_titles_desc":"","_seopress_robots_index":"","_monsterinsights_skip_tracking":false,"_monsterinsights_sitenote_active":false,"_monsterinsights_sitenote_note":"","_monsterinsights_sitenote_category":0},"_links":{"self":[{"href":"https:\/\/maelyneevolution.com\/index.php\/wp-json\/wp\/v2\/pages\/5369"}],"collection":[{"href":"https:\/\/maelyneevolution.com\/index.php\/wp-json\/wp\/v2\/pages"}],"about":[{"href":"https:\/\/maelyneevolution.com\/index.php\/wp-json\/wp\/v2\/types\/page"}],"author":[{"embeddable":true,"href":"https:\/\/maelyneevolution.com\/index.php\/wp-json\/wp\/v2\/users\/1"}],"replies":[{"embeddable":true,"href":"https:\/\/maelyneevolution.com\/index.php\/wp-json\/wp\/v2\/comments?post=5369"}],"version-history":[{"count":88,"href":"https:\/\/maelyneevolution.com\/index.php\/wp-json\/wp\/v2\/pages\/5369\/revisions"}],"predecessor-version":[{"id":11473,"href":"https:\/\/maelyneevolution.com\/index.php\/wp-json\/wp\/v2\/pages\/5369\/revisions\/11473"}],"wp:attachment":[{"href":"https:\/\/maelyneevolution.com\/index.php\/wp-json\/wp\/v2\/media?parent=5369"}],"curies":[{"name":"wp","href":"https:\/\/api.w.org\/{rel}","templated":true}]}}