{"id":4555,"date":"2022-03-02T09:58:21","date_gmt":"2022-03-02T09:58:21","guid":{"rendered":"https:\/\/maelyneevolution.com\/?page_id=4555"},"modified":"2025-02-10T07:13:04","modified_gmt":"2025-02-10T07:13:04","slug":"la-boutique","status":"publish","type":"page","link":"https:\/\/maelyneevolution.com\/index.php\/la-boutique\/","title":{"rendered":"La Boutique"},"content":{"rendered":"\t\t<div data-elementor-type=\"wp-page\" data-elementor-id=\"4555\" class=\"elementor elementor-4555\">\n\t\t\t\t\t\t<section class=\"elementor-section elementor-top-section elementor-element elementor-element-1a164252 elementor-section-boxed elementor-section-height-default elementor-section-height-default\" data-id=\"1a164252\" data-element_type=\"section\">\n\t\t\t\t\t\t<div class=\"elementor-container elementor-column-gap-default\">\n\t\t\t\t\t<div class=\"elementor-column elementor-col-100 elementor-top-column elementor-element elementor-element-51dca8d3\" data-id=\"51dca8d3\" data-element_type=\"column\">\n\t\t\t<div class=\"elementor-widget-wrap elementor-element-populated\">\n\t\t\t\t\t\t<div class=\"elementor-element elementor-element-7c1e8a14 elementor-invisible elementor-widget elementor-widget-heading\" data-id=\"7c1e8a14\" data-element_type=\"widget\" data-settings=\"{&quot;_animation&quot;:&quot;flash&quot;}\" data-widget_type=\"heading.default\">\n\t\t\t\t<div class=\"elementor-widget-container\">\n\t\t\t<style>\/*! elementor - v3.23.0 - 05-08-2024 *\/\n.elementor-heading-title{padding:0;margin:0;line-height:1}.elementor-widget-heading .elementor-heading-title[class*=elementor-size-]>a{color:inherit;font-size:inherit;line-height:inherit}.elementor-widget-heading .elementor-heading-title.elementor-size-small{font-size:15px}.elementor-widget-heading .elementor-heading-title.elementor-size-medium{font-size:19px}.elementor-widget-heading .elementor-heading-title.elementor-size-large{font-size:29px}.elementor-widget-heading .elementor-heading-title.elementor-size-xl{font-size:39px}.elementor-widget-heading .elementor-heading-title.elementor-size-xxl{font-size:59px}<\/style><h2 class=\"elementor-heading-title elementor-size-default\">la Boutique<\/h2>\t\t<\/div>\n\t\t\t\t<\/div>\n\t\t\t\t<div class=\"elementor-element elementor-element-242e522a elementor-widget elementor-widget-text-editor\" data-id=\"242e522a\" data-element_type=\"widget\" data-widget_type=\"text-editor.default\">\n\t\t\t\t<div class=\"elementor-widget-container\">\n\t\t\t<style>\/*! elementor - v3.23.0 - 05-08-2024 *\/\n.elementor-widget-text-editor.elementor-drop-cap-view-stacked .elementor-drop-cap{background-color:#69727d;color:#fff}.elementor-widget-text-editor.elementor-drop-cap-view-framed .elementor-drop-cap{color:#69727d;border:3px solid;background-color:transparent}.elementor-widget-text-editor:not(.elementor-drop-cap-view-default) .elementor-drop-cap{margin-top:8px}.elementor-widget-text-editor:not(.elementor-drop-cap-view-default) .elementor-drop-cap-letter{width:1em;height:1em}.elementor-widget-text-editor .elementor-drop-cap{float:left;text-align:center;line-height:1;font-size:50px}.elementor-widget-text-editor .elementor-drop-cap-letter{display:inline-block}<\/style>\t\t\t\t<p>Musique &amp; Supports de cours en cl\u00e9 USB \/ DVD<\/p>\t\t\t\t\t\t<\/div>\n\t\t\t\t<\/div>\n\t\t\t\t<div class=\"elementor-element elementor-element-2646484e elementor-widget elementor-widget-spacer\" data-id=\"2646484e\" data-element_type=\"widget\" data-widget_type=\"spacer.default\">\n\t\t\t\t<div class=\"elementor-widget-container\">\n\t\t\t<style>\/*! elementor - v3.23.0 - 05-08-2024 *\/\n.elementor-column .elementor-spacer-inner{height:var(--spacer-size)}.e-con{--container-widget-width:100%}.e-con-inner>.elementor-widget-spacer,.e-con>.elementor-widget-spacer{width:var(--container-widget-width,var(--spacer-size));--align-self:var(--container-widget-align-self,initial);--flex-shrink:0}.e-con-inner>.elementor-widget-spacer>.elementor-widget-container,.e-con>.elementor-widget-spacer>.elementor-widget-container{height:100%;width:100%}.e-con-inner>.elementor-widget-spacer>.elementor-widget-container>.elementor-spacer,.e-con>.elementor-widget-spacer>.elementor-widget-container>.elementor-spacer{height:100%}.e-con-inner>.elementor-widget-spacer>.elementor-widget-container>.elementor-spacer>.elementor-spacer-inner,.e-con>.elementor-widget-spacer>.elementor-widget-container>.elementor-spacer>.elementor-spacer-inner{height:var(--container-widget-height,var(--spacer-size))}.e-con-inner>.elementor-widget-spacer.elementor-widget-empty,.e-con>.elementor-widget-spacer.elementor-widget-empty{position:relative;min-height:22px;min-width:22px}.e-con-inner>.elementor-widget-spacer.elementor-widget-empty .elementor-widget-empty-icon,.e-con>.elementor-widget-spacer.elementor-widget-empty .elementor-widget-empty-icon{position:absolute;top:0;bottom:0;left:0;right:0;margin:auto;padding:0;width:22px;height:22px}<\/style>\t\t<div class=\"elementor-spacer\">\n\t\t\t<div class=\"elementor-spacer-inner\"><\/div>\n\t\t<\/div>\n\t\t\t\t<\/div>\n\t\t\t\t<\/div>\n\t\t\t\t<div class=\"elementor-element elementor-element-2bfdfd37 elementor-invisible elementor-widget elementor-widget-heading\" data-id=\"2bfdfd37\" data-element_type=\"widget\" data-settings=\"{&quot;_animation&quot;:&quot;bounceInDown&quot;}\" data-widget_type=\"heading.default\">\n\t\t\t\t<div class=\"elementor-widget-container\">\n\t\t\t<h2 class=\"elementor-heading-title elementor-size-default\">LEs cl\u00e9s USB ou les DVD des formations<\/h2>\t\t<\/div>\n\t\t\t\t<\/div>\n\t\t\t\t<div class=\"elementor-element elementor-element-7b89efa6 elementor-invisible elementor-widget elementor-widget-heading\" data-id=\"7b89efa6\" data-element_type=\"widget\" data-settings=\"{&quot;_animation&quot;:&quot;fadeInUp&quot;}\" data-widget_type=\"heading.default\">\n\t\t\t\t<div class=\"elementor-widget-container\">\n\t\t\t<h2 class=\"elementor-heading-title elementor-size-default\">Tous nos cours e-learning sont accompagn\u00e9s de supports de formation imprimables et sont disponibles en cl\u00e9 USB ou pour certains en DVD. (Chaque programme contient l'int\u00e9gralit\u00e9 des vid\u00e9os ainsi que les cahiers de cours en pdf). \n<br><\/h2>\t\t<\/div>\n\t\t\t\t<\/div>\n\t\t\t\t<div class=\"elementor-element elementor-element-b9caf13 elementor-align-center elementor-widget elementor-widget-button\" data-id=\"b9caf13\" data-element_type=\"widget\" data-widget_type=\"button.default\">\n\t\t\t\t<div class=\"elementor-widget-container\">\n\t\t\t\t\t<div class=\"elementor-button-wrapper\">\n\t\t\t<a class=\"elementor-button elementor-button-link elementor-size-sm\" href=\"mailto:maelynevolution@gmail.com\">\n\t\t\t\t\t\t<span class=\"elementor-button-content-wrapper\">\n\t\t\t\t\t\t\t\t\t<span class=\"elementor-button-text\">Contactez-nous pour en savoir plus<\/span>\n\t\t\t\t\t<\/span>\n\t\t\t\t\t<\/a>\n\t\t<\/div>\n\t\t\t\t<\/div>\n\t\t\t\t<\/div>\n\t\t\t\t\t<\/div>\n\t\t<\/div>\n\t\t\t\t\t<\/div>\n\t\t<\/section>\n\t\t\t\t<section class=\"elementor-section elementor-top-section elementor-element elementor-element-5290b2e2 elementor-section-boxed elementor-section-height-default elementor-section-height-default\" data-id=\"5290b2e2\" data-element_type=\"section\">\n\t\t\t\t\t\t<div class=\"elementor-container elementor-column-gap-default\">\n\t\t\t\t\t<div class=\"elementor-column elementor-col-100 elementor-top-column elementor-element elementor-element-2a6c88ea\" data-id=\"2a6c88ea\" data-element_type=\"column\">\n\t\t\t<div class=\"elementor-widget-wrap elementor-element-populated\">\n\t\t\t\t\t\t<div class=\"elementor-element elementor-element-43cdedbc elementor-invisible elementor-widget elementor-widget-heading\" data-id=\"43cdedbc\" data-element_type=\"widget\" data-settings=\"{&quot;_animation&quot;:&quot;bounceInDown&quot;}\" data-widget_type=\"heading.default\">\n\t\t\t\t<div class=\"elementor-widget-container\">\n\t\t\t<h2 class=\"elementor-heading-title elementor-size-default\">Le Calculateur de Chemin de vie<\/h2>\t\t<\/div>\n\t\t\t\t<\/div>\n\t\t\t\t<section class=\"elementor-section elementor-inner-section elementor-element elementor-element-71912434 elementor-section-boxed elementor-section-height-default elementor-section-height-default\" data-id=\"71912434\" data-element_type=\"section\">\n\t\t\t\t\t\t<div class=\"elementor-container elementor-column-gap-default\">\n\t\t\t\t\t<div class=\"elementor-column elementor-col-33 elementor-inner-column elementor-element elementor-element-38524a2f\" data-id=\"38524a2f\" data-element_type=\"column\" data-settings=\"{&quot;background_background&quot;:&quot;classic&quot;}\">\n\t\t\t<div class=\"elementor-widget-wrap elementor-element-populated\">\n\t\t\t\t\t\t<div class=\"elementor-element elementor-element-61a0c1f9 elementor-invisible elementor-widget elementor-widget-text-editor\" data-id=\"61a0c1f9\" data-element_type=\"widget\" data-settings=\"{&quot;_animation&quot;:&quot;fadeInLeft&quot;}\" data-widget_type=\"text-editor.default\">\n\t\t\t\t<div class=\"elementor-widget-container\">\n\t\t\t\t\t\t\t<p>Avec les lettres de vos pr\u00e9noms et de votre nom<b>, vous avez la possibilit\u00e9 de conna\u00eetre les 8 pierres qui constituent votre chemin de vie.<\/b><\/p>\n<p><img decoding=\"async\" class=\"alignnone size-medium wp-image-1827\" src=\"https:\/\/maelyneevolution.com\/wp-content\/uploads\/2021\/10\/chemin05-300x74.jpg\" alt=\"ccv\" width=\"300\" height=\"74\" srcset=\"https:\/\/maelyneevolution.com\/wp-content\/uploads\/2021\/10\/chemin05-300x74.jpg 300w, https:\/\/maelyneevolution.com\/wp-content\/uploads\/2021\/10\/chemin05.jpg 500w\" sizes=\"(max-width: 300px) 100vw, 300px\" \/><\/p>\n<ul>\n<li>La pierre de Base<\/li>\n<li>La pierre de Sommet<\/li>\n<li>La pierre de Chemin de vie<\/li>\n<li>La pierre d&rsquo;Appel<\/li>\n<li>La pierre de Personnalit\u00e9<\/li>\n<li>La pierre d&rsquo;Expression<\/li>\n<li>La pierre de Touche<\/li>\n<li>La pierre de Voeux<\/li>\n<\/ul>\t\t\t\t\t\t<\/div>\n\t\t\t\t<\/div>\n\t\t\t\t\t<\/div>\n\t\t<\/div>\n\t\t\t\t<div class=\"elementor-column elementor-col-33 elementor-inner-column elementor-element elementor-element-569d2d1c\" data-id=\"569d2d1c\" data-element_type=\"column\" data-settings=\"{&quot;background_background&quot;:&quot;classic&quot;}\">\n\t\t\t<div class=\"elementor-widget-wrap elementor-element-populated\">\n\t\t\t\t\t\t<div class=\"elementor-element elementor-element-2802d05a elementor-invisible elementor-widget elementor-widget-image\" data-id=\"2802d05a\" data-element_type=\"widget\" data-settings=\"{&quot;_animation&quot;:&quot;fadeIn&quot;}\" data-widget_type=\"image.default\">\n\t\t\t\t<div class=\"elementor-widget-container\">\n\t\t\t<style>\/*! elementor - v3.23.0 - 05-08-2024 *\/\n.elementor-widget-image{text-align:center}.elementor-widget-image a{display:inline-block}.elementor-widget-image a img[src$=\".svg\"]{width:48px}.elementor-widget-image img{vertical-align:middle;display:inline-block}<\/style>\t\t\t\t\t\t\t\t\t\t<img fetchpriority=\"high\" decoding=\"async\" width=\"800\" height=\"679\" src=\"https:\/\/maelyneevolution.com\/wp-content\/uploads\/2021\/10\/ccv-1024x869.jpg\" class=\"attachment-large size-large wp-image-1822\" alt=\"chemin de vie\" srcset=\"https:\/\/maelyneevolution.com\/wp-content\/uploads\/2021\/10\/ccv-1024x869.jpg 1024w, https:\/\/maelyneevolution.com\/wp-content\/uploads\/2021\/10\/ccv-300x255.jpg 300w, https:\/\/maelyneevolution.com\/wp-content\/uploads\/2021\/10\/ccv-768x652.jpg 768w, https:\/\/maelyneevolution.com\/wp-content\/uploads\/2021\/10\/ccv.jpg 1300w\" sizes=\"(max-width: 800px) 100vw, 800px\" \/>\t\t\t\t\t\t\t\t\t\t\t\t\t<\/div>\n\t\t\t\t<\/div>\n\t\t\t\t<div class=\"elementor-element elementor-element-17e93c05 elementor-widget elementor-widget-heading\" data-id=\"17e93c05\" data-element_type=\"widget\" data-widget_type=\"heading.default\">\n\t\t\t\t<div class=\"elementor-widget-container\">\n\t\t\t<h2 class=\"elementor-heading-title elementor-size-default\">Prix : 10 \u20ac<\/h2>\t\t<\/div>\n\t\t\t\t<\/div>\n\t\t\t\t<div class=\"elementor-element elementor-element-1d6e2a56 elementor-widget elementor-widget-text-editor\" data-id=\"1d6e2a56\" data-element_type=\"widget\" data-widget_type=\"text-editor.default\">\n\t\t\t\t<div class=\"elementor-widget-container\">\n\t\t\t\t\t\t\t<p>(cahier PDF \u00e0 t\u00e9l\u00e9charger et \u00e0 imprimer) <\/p>\t\t\t\t\t\t<\/div>\n\t\t\t\t<\/div>\n\t\t\t\t\t<\/div>\n\t\t<\/div>\n\t\t\t\t<div class=\"elementor-column elementor-col-33 elementor-inner-column elementor-element elementor-element-786e40f5\" data-id=\"786e40f5\" data-element_type=\"column\" data-settings=\"{&quot;background_background&quot;:&quot;classic&quot;}\">\n\t\t\t<div class=\"elementor-widget-wrap elementor-element-populated\">\n\t\t\t\t\t\t<div class=\"elementor-element elementor-element-5feb2345 elementor-invisible elementor-widget elementor-widget-text-editor\" data-id=\"5feb2345\" data-element_type=\"widget\" data-settings=\"{&quot;_animation&quot;:&quot;fadeInRight&quot;}\" data-widget_type=\"text-editor.default\">\n\t\t\t\t<div class=\"elementor-widget-container\">\n\t\t\t\t\t\t\t<p>La pierre de Base par exemple, repr\u00e9sente nos racines, le lien avec nos anc\u00eatres. Elle repr\u00e9sente notre ancrage \u00e0 la Terre. Port\u00e9e sur soi, elle permet d&rsquo;\u00e9voluer et de s&rsquo;ouvrir aux cadeaux que la vie nous r\u00e9serve. Il est conseill\u00e9 de la porter longtemps sur nous en cas de difficult\u00e9s.<\/p><p>A l&rsquo;aide de ce cahier sp\u00e9cial de 17 pages, vous connaitrez les 33 pierres possibles sur votre chemin de vie, et vous serez capable de calculer pour vous et pour votre entourage quelle pierre correspond \u00e0 quel aspect de votre destin\u00e9e.<\/p>\t\t\t\t\t\t<\/div>\n\t\t\t\t<\/div>\n\t\t\t\t<div class=\"elementor-element elementor-element-b4fcb31 elementor-align-center elementor-widget elementor-widget-button\" data-id=\"b4fcb31\" data-element_type=\"widget\" data-widget_type=\"button.default\">\n\t\t\t\t<div class=\"elementor-widget-container\">\n\t\t\t\t\t<div class=\"elementor-button-wrapper\">\n\t\t\t<a class=\"elementor-button elementor-button-link elementor-size-sm\" href=\"https:\/\/www.maelyneformations.fr\/11bonusccv-6fd17b\">\n\t\t\t\t\t\t<span class=\"elementor-button-content-wrapper\">\n\t\t\t\t\t\t\t\t\t<span class=\"elementor-button-text\">Cliquez ici pour commander<\/span>\n\t\t\t\t\t<\/span>\n\t\t\t\t\t<\/a>\n\t\t<\/div>\n\t\t\t\t<\/div>\n\t\t\t\t<\/div>\n\t\t\t\t\t<\/div>\n\t\t<\/div>\n\t\t\t\t\t<\/div>\n\t\t<\/section>\n\t\t\t\t\t<\/div>\n\t\t<\/div>\n\t\t\t\t\t<\/div>\n\t\t<\/section>\n\t\t\t\t<section class=\"elementor-section elementor-top-section elementor-element elementor-element-35f6e70 elementor-section-boxed elementor-section-height-default elementor-section-height-default\" data-id=\"35f6e70\" data-element_type=\"section\">\n\t\t\t\t\t\t<div class=\"elementor-container elementor-column-gap-default\">\n\t\t\t\t\t<div class=\"elementor-column elementor-col-100 elementor-top-column elementor-element elementor-element-3be58168\" data-id=\"3be58168\" data-element_type=\"column\">\n\t\t\t<div class=\"elementor-widget-wrap elementor-element-populated\">\n\t\t\t\t\t\t<div class=\"elementor-element elementor-element-7f78515f elementor-widget elementor-widget-menu-anchor\" data-id=\"7f78515f\" data-element_type=\"widget\" data-widget_type=\"menu-anchor.default\">\n\t\t\t\t<div class=\"elementor-widget-container\">\n\t\t\t<style>\/*! elementor - v3.23.0 - 05-08-2024 *\/\nbody.elementor-page .elementor-widget-menu-anchor{margin-bottom:0}<\/style>\t\t<div class=\"elementor-menu-anchor\" id=\"musique\"><\/div>\n\t\t\t\t<\/div>\n\t\t\t\t<\/div>\n\t\t\t\t<div class=\"elementor-element elementor-element-2f845525 elementor-invisible elementor-widget elementor-widget-heading\" data-id=\"2f845525\" data-element_type=\"widget\" data-settings=\"{&quot;_animation&quot;:&quot;bounceInUp&quot;}\" data-widget_type=\"heading.default\">\n\t\t\t\t<div class=\"elementor-widget-container\">\n\t\t\t<h2 class=\"elementor-heading-title elementor-size-default\">illustration musicale<\/h2>\t\t<\/div>\n\t\t\t\t<\/div>\n\t\t\t\t<section class=\"elementor-section elementor-inner-section elementor-element elementor-element-42b5221d elementor-section-boxed elementor-section-height-default elementor-section-height-default\" data-id=\"42b5221d\" data-element_type=\"section\">\n\t\t\t\t\t\t<div class=\"elementor-container elementor-column-gap-default\">\n\t\t\t\t\t<div class=\"elementor-column elementor-col-33 elementor-inner-column elementor-element elementor-element-6fa18a83 elementor-invisible\" data-id=\"6fa18a83\" data-element_type=\"column\" data-settings=\"{&quot;background_background&quot;:&quot;classic&quot;,&quot;animation&quot;:&quot;fadeInLeft&quot;}\">\n\t\t\t<div class=\"elementor-widget-wrap elementor-element-populated\">\n\t\t\t\t\t\t<div class=\"elementor-element elementor-element-4a880eec elementor-widget elementor-widget-text-editor\" data-id=\"4a880eec\" data-element_type=\"widget\" data-settings=\"{&quot;_animation&quot;:&quot;none&quot;}\" data-widget_type=\"text-editor.default\">\n\t\t\t\t<div class=\"elementor-widget-container\">\n\t\t\t\t\t\t\t<p>Toutes les ambiances musicales de nos formations ont \u00e9t\u00e9 sp\u00e9cialement compos\u00e9es&nbsp; pour Maelyne Evolution par DJEF.<\/p>\n<p><img decoding=\"async\" class=\"aligncenter wp-image-1861 size-thumbnail\" src=\"https:\/\/maelyneevolution.com\/wp-content\/uploads\/2021\/10\/id_djeff-150x150.jpg\" alt=\"djeff\" width=\"150\" height=\"150\" srcset=\"https:\/\/maelyneevolution.com\/wp-content\/uploads\/2021\/10\/id_djeff-150x150.jpg 150w, https:\/\/maelyneevolution.com\/wp-content\/uploads\/2021\/10\/id_djeff-300x300.jpg 300w, https:\/\/maelyneevolution.com\/wp-content\/uploads\/2021\/10\/id_djeff.jpg 513w\" sizes=\"(max-width: 150px) 100vw, 150px\" \/><\/p>\n<p>Artiste compositeur interpr\u00e8te complet, DJEF a tout de suite accept\u00e9 de collaborer \u00e0 notre projet en sachant associer&nbsp;m\u00e9lodies douces et instruments orientaux au sein d&rsquo;une harmonieuse ambiance de relaxation m\u00e9ditative.<\/p>\n<p><em><span style=\"color: #993366;\">2 albums disponibles (18 \u20ac l&rsquo;album)<\/span><\/em><\/p>\t\t\t\t\t\t<\/div>\n\t\t\t\t<\/div>\n\t\t\t\t\t<\/div>\n\t\t<\/div>\n\t\t\t\t<div class=\"elementor-column elementor-col-33 elementor-inner-column elementor-element elementor-element-2b203dc0 elementor-invisible\" data-id=\"2b203dc0\" data-element_type=\"column\" data-settings=\"{&quot;background_background&quot;:&quot;classic&quot;,&quot;animation&quot;:&quot;fadeIn&quot;}\">\n\t\t\t<div class=\"elementor-widget-wrap elementor-element-populated\">\n\t\t\t\t\t\t<div class=\"elementor-element elementor-element-7a8862b0 elementor-widget elementor-widget-image\" data-id=\"7a8862b0\" data-element_type=\"widget\" data-widget_type=\"image.default\">\n\t\t\t\t<div class=\"elementor-widget-container\">\n\t\t\t\t\t\t\t\t\t\t\t\t\t<img loading=\"lazy\" decoding=\"async\" width=\"350\" height=\"219\" src=\"https:\/\/maelyneevolution.com\/wp-content\/uploads\/2021\/10\/djefdisk.gif\" class=\"attachment-large size-large wp-image-1874\" alt=\"\" \/>\t\t\t\t\t\t\t\t\t\t\t\t\t<\/div>\n\t\t\t\t<\/div>\n\t\t\t\t<div class=\"elementor-element elementor-element-19610caa elementor-invisible elementor-widget elementor-widget-image\" data-id=\"19610caa\" data-element_type=\"widget\" data-settings=\"{&quot;_animation&quot;:&quot;bounceIn&quot;}\" data-widget_type=\"image.default\">\n\t\t\t\t<div class=\"elementor-widget-container\">\n\t\t\t\t\t\t\t\t\t\t\t\t\t<img loading=\"lazy\" decoding=\"async\" width=\"800\" height=\"343\" src=\"https:\/\/maelyneevolution.com\/wp-content\/uploads\/2021\/12\/djefdisk2.png\" class=\"attachment-large size-large wp-image-3520\" alt=\"\" srcset=\"https:\/\/maelyneevolution.com\/wp-content\/uploads\/2021\/12\/djefdisk2.png 1000w, https:\/\/maelyneevolution.com\/wp-content\/uploads\/2021\/12\/djefdisk2-300x129.png 300w, https:\/\/maelyneevolution.com\/wp-content\/uploads\/2021\/12\/djefdisk2-768x329.png 768w\" sizes=\"(max-width: 800px) 100vw, 800px\" \/>\t\t\t\t\t\t\t\t\t\t\t\t\t<\/div>\n\t\t\t\t<\/div>\n\t\t\t\t\t<\/div>\n\t\t<\/div>\n\t\t\t\t<div class=\"elementor-column elementor-col-33 elementor-inner-column elementor-element elementor-element-6683a3ab elementor-invisible\" data-id=\"6683a3ab\" data-element_type=\"column\" data-settings=\"{&quot;background_background&quot;:&quot;classic&quot;,&quot;animation&quot;:&quot;fadeInRight&quot;}\">\n\t\t\t<div class=\"elementor-widget-wrap elementor-element-populated\">\n\t\t\t\t\t\t<div class=\"elementor-element elementor-element-38df7f2b elementor-widget elementor-widget-text-editor\" data-id=\"38df7f2b\" data-element_type=\"widget\" data-widget_type=\"text-editor.default\">\n\t\t\t\t<div class=\"elementor-widget-container\">\n\t\t\t\t\t\t\t<p style=\"text-align: center;\">Si vous souhaitez contacter DJEF ou d\u00e9couvrir son travail, merci d&rsquo;utiliser une de ces plateformes :<\/p>\t\t\t\t\t\t<\/div>\n\t\t\t\t<\/div>\n\t\t\t\t<div class=\"elementor-element elementor-element-66bb8a0a elementor-widget elementor-widget-text-editor\" data-id=\"66bb8a0a\" data-element_type=\"widget\" data-widget_type=\"text-editor.default\">\n\t\t\t\t<div class=\"elementor-widget-container\">\n\t\t\t\t\t\t\t<p style=\"text-align: center;\"><img loading=\"lazy\" decoding=\"async\" class=\"aligncenter wp-image-1867 size-full\" style=\"color: var( --e-global-color-text );\" src=\"https:\/\/maelyneevolution.com\/wp-content\/uploads\/2021\/10\/soundcloud.jpg\" alt=\"\" width=\"120\" height=\"59\" \/><\/p><p style=\"text-align: center;\"><a href=\"http:\/\/\u200chttp:\/\/soundcloud.com\/jean-francois-guerin-mas\" data-wplink-url-error=\"true\">Cliquez ici pour ma chaine SoonCloud<\/a><\/p><p style=\"text-align: center;\"><img loading=\"lazy\" decoding=\"async\" class=\"aligncenter wp-image-1872 size-full\" src=\"https:\/\/maelyneevolution.com\/wp-content\/uploads\/2021\/10\/youtube-logo.png\" alt=\"\" width=\"137\" height=\"59\" \/><br \/><a href=\"https:\/\/www.youtube.com\/channel\/UCIJg0lNgixX-GVO55MAoJpg\">Cliquez ici pour la chaine Youtube<\/a><\/p><p style=\"text-align: center;\"><img loading=\"lazy\" decoding=\"async\" class=\"aligncenter wp-image-1871 size-full\" src=\"https:\/\/maelyneevolution.com\/wp-content\/uploads\/2021\/10\/facebook_logo.png\" alt=\"\" width=\"60\" height=\"59\" \/><br \/><a href=\"http:\/\/www.facebook.com\/profile.php?id=100063867318183\">Cliquez ici pour ma page Facebook<\/a><\/p>\t\t\t\t\t\t<\/div>\n\t\t\t\t<\/div>\n\t\t\t\t\t<\/div>\n\t\t<\/div>\n\t\t\t\t\t<\/div>\n\t\t<\/section>\n\t\t\t\t\t<\/div>\n\t\t<\/div>\n\t\t\t\t\t<\/div>\n\t\t<\/section>\n\t\t\t\t<\/div>\n\t\t","protected":false},"excerpt":{"rendered":"<p>la Boutique Musique &amp; Supports de cours en cl\u00e9 USB \/ DVD LEs cl\u00e9s USB ou les DVD des formations Tous nos cours e-learning sont accompagn\u00e9s de supports de formation imprimables et sont disponibles en cl\u00e9 USB ou pour certains en DVD. (Chaque programme contient l&rsquo;int\u00e9gralit\u00e9 des vid\u00e9os ainsi que les cahiers de cours en [&hellip;]<\/p>\n","protected":false},"author":1,"featured_media":0,"parent":0,"menu_order":0,"comment_status":"closed","ping_status":"closed","template":"","meta":{"_seopress_robots_primary_cat":"","_seopress_titles_title":"","_seopress_titles_desc":"","_seopress_robots_index":"","_monsterinsights_skip_tracking":false,"_monsterinsights_sitenote_active":false,"_monsterinsights_sitenote_note":"","_monsterinsights_sitenote_category":0},"_links":{"self":[{"href":"https:\/\/maelyneevolution.com\/index.php\/wp-json\/wp\/v2\/pages\/4555"}],"collection":[{"href":"https:\/\/maelyneevolution.com\/index.php\/wp-json\/wp\/v2\/pages"}],"about":[{"href":"https:\/\/maelyneevolution.com\/index.php\/wp-json\/wp\/v2\/types\/page"}],"author":[{"embeddable":true,"href":"https:\/\/maelyneevolution.com\/index.php\/wp-json\/wp\/v2\/users\/1"}],"replies":[{"embeddable":true,"href":"https:\/\/maelyneevolution.com\/index.php\/wp-json\/wp\/v2\/comments?post=4555"}],"version-history":[{"count":34,"href":"https:\/\/maelyneevolution.com\/index.php\/wp-json\/wp\/v2\/pages\/4555\/revisions"}],"predecessor-version":[{"id":11941,"href":"https:\/\/maelyneevolution.com\/index.php\/wp-json\/wp\/v2\/pages\/4555\/revisions\/11941"}],"wp:attachment":[{"href":"https:\/\/maelyneevolution.com\/index.php\/wp-json\/wp\/v2\/media?parent=4555"}],"curies":[{"name":"wp","href":"https:\/\/api.w.org\/{rel}","templated":true}]}}