{"id":4031,"date":"2022-02-13T14:26:20","date_gmt":"2022-02-13T14:26:20","guid":{"rendered":"https:\/\/maelyneevolution.com\/?page_id=4031"},"modified":"2022-10-15T10:29:21","modified_gmt":"2022-10-15T10:29:21","slug":"promotion-elearning","status":"publish","type":"page","link":"https:\/\/maelyneevolution.com\/index.php\/promotion-elearning\/","title":{"rendered":"Promotion elearning"},"content":{"rendered":"\t\t<div data-elementor-type=\"wp-page\" data-elementor-id=\"4031\" class=\"elementor elementor-4031\">\n\t\t\t\t\t\t<section class=\"elementor-section elementor-top-section elementor-element elementor-element-33131505 elementor-section-boxed elementor-section-height-default elementor-section-height-default\" data-id=\"33131505\" data-element_type=\"section\">\n\t\t\t\t\t\t<div class=\"elementor-container elementor-column-gap-default\">\n\t\t\t\t\t<div class=\"elementor-column elementor-col-100 elementor-top-column elementor-element elementor-element-7917ff04\" data-id=\"7917ff04\" data-element_type=\"column\">\n\t\t\t<div class=\"elementor-widget-wrap elementor-element-populated\">\n\t\t\t\t\t\t<div class=\"elementor-element elementor-element-f4a1ff7 eael-dual-header-content-align-center elementor-widget elementor-widget-eael-dual-color-header\" data-id=\"f4a1ff7\" data-element_type=\"widget\" data-widget_type=\"eael-dual-color-header.default\">\n\t\t\t\t<div class=\"elementor-widget-container\">\n\t\t\t\t\t\t<div class=\"eael-dual-header\">\n\t\t\t\t<h2 class=\"title eael-dch-title\"><span class=\"eael-dch-title-text eael-dch-title-lead lead solid-color\">Promotion<\/span> <span class=\"eael-dch-title-text\">sp\u00e9ciale Parrainage<\/span><\/h2>\t\t\t\t\t<span class=\"subtext\"><p>B\u00e9n\u00e9ficiez d&rsquo;une remise exceptionnelles sur tous nos cours e-learning<\/p><\/span>\n\t\t\t\t\t\t\t\t\t<span class=\"eael-dch-svg-icon\"><i aria-hidden=\"true\" class=\"fas fa-spa\"><\/i><\/span>\t\t\t\t\t\t\t<\/div>\n\n\t\t\t\t<\/div>\n\t\t\t\t<\/div>\n\t\t\t\t\t<\/div>\n\t\t<\/div>\n\t\t\t\t\t<\/div>\n\t\t<\/section>\n\t\t\t\t<section class=\"elementor-section elementor-top-section elementor-element elementor-element-aad6559 elementor-section-boxed elementor-section-height-default elementor-section-height-default\" data-id=\"aad6559\" data-element_type=\"section\">\n\t\t\t\t\t\t<div class=\"elementor-container elementor-column-gap-default\">\n\t\t\t\t\t<div class=\"elementor-column elementor-col-100 elementor-top-column elementor-element elementor-element-d766687\" data-id=\"d766687\" data-element_type=\"column\">\n\t\t\t<div class=\"elementor-widget-wrap elementor-element-populated\">\n\t\t\t\t\t\t<div class=\"elementor-element elementor-element-2945767 elementor-invisible elementor-widget elementor-widget-heading\" data-id=\"2945767\" data-element_type=\"widget\" data-settings=\"{&quot;_animation&quot;:&quot;bounceInDown&quot;}\" data-widget_type=\"heading.default\">\n\t\t\t\t<div class=\"elementor-widget-container\">\n\t\t\t<style>\/*! elementor - v3.23.0 - 05-08-2024 *\/\n.elementor-heading-title{padding:0;margin:0;line-height:1}.elementor-widget-heading .elementor-heading-title[class*=elementor-size-]>a{color:inherit;font-size:inherit;line-height:inherit}.elementor-widget-heading .elementor-heading-title.elementor-size-small{font-size:15px}.elementor-widget-heading .elementor-heading-title.elementor-size-medium{font-size:19px}.elementor-widget-heading .elementor-heading-title.elementor-size-large{font-size:29px}.elementor-widget-heading .elementor-heading-title.elementor-size-xl{font-size:39px}.elementor-widget-heading .elementor-heading-title.elementor-size-xxl{font-size:59px}<\/style><h2 class=\"elementor-heading-title elementor-size-default\">Nos ateliers E-learning<\/h2>\t\t<\/div>\n\t\t\t\t<\/div>\n\t\t\t\t<div class=\"elementor-element elementor-element-6626791 elementor-invisible elementor-widget elementor-widget-heading\" data-id=\"6626791\" data-element_type=\"widget\" data-settings=\"{&quot;_animation&quot;:&quot;fadeInUp&quot;}\" data-widget_type=\"heading.default\">\n\t\t\t\t<div class=\"elementor-widget-container\">\n\t\t\t<h2 class=\"elementor-heading-title elementor-size-default\">Tous nos cours e-learning sont accompagn\u00e9s de cahiers de cours \u00e0 imprimer<\/h2>\t\t<\/div>\n\t\t\t\t<\/div>\n\t\t\t\t<div class=\"elementor-element elementor-element-ce21fb0 elementor-invisible elementor-widget elementor-widget-image\" data-id=\"ce21fb0\" data-element_type=\"widget\" data-settings=\"{&quot;_animation&quot;:&quot;fadeIn&quot;}\" data-widget_type=\"image.default\">\n\t\t\t\t<div class=\"elementor-widget-container\">\n\t\t\t<style>\/*! elementor - v3.23.0 - 05-08-2024 *\/\n.elementor-widget-image{text-align:center}.elementor-widget-image a{display:inline-block}.elementor-widget-image a img[src$=\".svg\"]{width:48px}.elementor-widget-image img{vertical-align:middle;display:inline-block}<\/style>\t\t\t\t\t\t\t\t\t\t<img fetchpriority=\"high\" decoding=\"async\" width=\"1500\" height=\"720\" src=\"https:\/\/maelyneevolution.com\/wp-content\/uploads\/2022\/01\/elearning75.jpg\" class=\"attachment-full size-full wp-image-3880\" alt=\"\" srcset=\"https:\/\/maelyneevolution.com\/wp-content\/uploads\/2022\/01\/elearning75.jpg 1500w, https:\/\/maelyneevolution.com\/wp-content\/uploads\/2022\/01\/elearning75-300x144.jpg 300w, https:\/\/maelyneevolution.com\/wp-content\/uploads\/2022\/01\/elearning75-1024x492.jpg 1024w, https:\/\/maelyneevolution.com\/wp-content\/uploads\/2022\/01\/elearning75-768x369.jpg 768w\" sizes=\"(max-width: 1500px) 100vw, 1500px\" \/>\t\t\t\t\t\t\t\t\t\t\t\t\t<\/div>\n\t\t\t\t<\/div>\n\t\t\t\t\t<\/div>\n\t\t<\/div>\n\t\t\t\t\t<\/div>\n\t\t<\/section>\n\t\t\t\t<section class=\"elementor-section elementor-top-section elementor-element elementor-element-d6e9ffc elementor-section-boxed elementor-section-height-default elementor-section-height-default\" data-id=\"d6e9ffc\" data-element_type=\"section\" data-settings=\"{&quot;background_background&quot;:&quot;classic&quot;}\">\n\t\t\t\t\t\t<div class=\"elementor-container elementor-column-gap-default\">\n\t\t\t\t\t<div class=\"elementor-column elementor-col-50 elementor-top-column elementor-element elementor-element-86ab1a3\" data-id=\"86ab1a3\" data-element_type=\"column\">\n\t\t\t<div class=\"elementor-widget-wrap elementor-element-populated\">\n\t\t\t\t\t\t<div class=\"elementor-element elementor-element-d6c5cfb elementor-widget elementor-widget-text-editor\" data-id=\"d6c5cfb\" data-element_type=\"widget\" data-widget_type=\"text-editor.default\">\n\t\t\t\t<div class=\"elementor-widget-container\">\n\t\t\t<style>\/*! elementor - v3.23.0 - 05-08-2024 *\/\n.elementor-widget-text-editor.elementor-drop-cap-view-stacked .elementor-drop-cap{background-color:#69727d;color:#fff}.elementor-widget-text-editor.elementor-drop-cap-view-framed .elementor-drop-cap{color:#69727d;border:3px solid;background-color:transparent}.elementor-widget-text-editor:not(.elementor-drop-cap-view-default) .elementor-drop-cap{margin-top:8px}.elementor-widget-text-editor:not(.elementor-drop-cap-view-default) .elementor-drop-cap-letter{width:1em;height:1em}.elementor-widget-text-editor .elementor-drop-cap{float:left;text-align:center;line-height:1;font-size:50px}.elementor-widget-text-editor .elementor-drop-cap-letter{display:inline-block}<\/style>\t\t\t\t<p><b>Pour commander votre cours e-learning, choisissez-le dans la liste d\u00e9roulante et validez votre choix en cliquant sur le bouton de paiement.<\/b><\/p>\t\t\t\t\t\t<\/div>\n\t\t\t\t<\/div>\n\t\t\t\t<div class=\"elementor-element elementor-element-23d5500 elementor-widget elementor-widget-image\" data-id=\"23d5500\" data-element_type=\"widget\" data-widget_type=\"image.default\">\n\t\t\t\t<div class=\"elementor-widget-container\">\n\t\t\t\t\t\t\t\t\t\t\t\t\t<img decoding=\"async\" width=\"300\" height=\"176\" src=\"https:\/\/maelyneevolution.com\/wp-content\/uploads\/2022\/01\/acheteurs-300x176.jpg\" class=\"attachment-medium size-medium wp-image-3887\" alt=\"\" srcset=\"https:\/\/maelyneevolution.com\/wp-content\/uploads\/2022\/01\/acheteurs-300x176.jpg 300w, https:\/\/maelyneevolution.com\/wp-content\/uploads\/2022\/01\/acheteurs-1024x600.jpg 1024w, https:\/\/maelyneevolution.com\/wp-content\/uploads\/2022\/01\/acheteurs-768x450.jpg 768w, https:\/\/maelyneevolution.com\/wp-content\/uploads\/2022\/01\/acheteurs.jpg 1200w\" sizes=\"(max-width: 300px) 100vw, 300px\" \/>\t\t\t\t\t\t\t\t\t\t\t\t\t<\/div>\n\t\t\t\t<\/div>\n\t\t\t\t\t<\/div>\n\t\t<\/div>\n\t\t\t\t<div class=\"elementor-column elementor-col-50 elementor-top-column elementor-element elementor-element-30d1d6c\" data-id=\"30d1d6c\" data-element_type=\"column\">\n\t\t\t<div class=\"elementor-widget-wrap elementor-element-populated\">\n\t\t\t\t\t\t<div class=\"elementor-element elementor-element-7fe7bd0 elementor-widget elementor-widget-text-editor\" data-id=\"7fe7bd0\" data-element_type=\"widget\" data-widget_type=\"text-editor.default\">\n\t\t\t\t<div class=\"elementor-widget-container\">\n\t\t\t\t\t\t\t<h6><strong>Prix : 75 \u20ac<\/strong><em>\u00a0<\/em><\/h6>\t\t\t\t\t\t<\/div>\n\t\t\t\t<\/div>\n\t\t\t\t<div class=\"elementor-element elementor-element-5b41721 elementor-widget elementor-widget-html\" data-id=\"5b41721\" data-element_type=\"widget\" data-widget_type=\"html.default\">\n\t\t\t\t<div class=\"elementor-widget-container\">\n\t\t\t<form action=\"https:\/\/www.paypal.com\/cgi-bin\/webscr\" method=\"post\" target=\"_top\">\r\n<input type=\"hidden\" name=\"cmd\" value=\"_s-xclick\">\r\n<input type=\"hidden\" name=\"hosted_button_id\" value=\"N7UYHCWZGNRW8\">\r\n<table>\r\n<tr><td><input type=\"hidden\" name=\"on0\" value=\"Choisissez votre discipline :\">Choisissez votre discipline :<\/td><\/tr><tr><td><select name=\"os0\">\r\n\t<option value=\"R\u00e9flexologie Plantaire\">R\u00e9flexologie Plantaire <\/option>\r\n\t<option value=\"R\u00e9flexologie Palmaire\">R\u00e9flexologie Palmaire <\/option>\r\n\t<option value=\"R\u00e9flexologie Cr\u00e2nio faciale\">R\u00e9flexologie Cr\u00e2nio faciale <\/option>\r\n\t<option value=\"Shiatsu D\u00e9tente\">Shiatsu D\u00e9tente <\/option>\r\n\t<option value=\"Massage Huile chaude\">Massage Huile chaude <\/option>\r\n\t<option value=\"Massage Pierres chaudes\">Massage Pierres chaudes <\/option>\r\n\t<option value=\"Massage Tampons herbeux\">Massage Tampons herbeux <\/option>\r\n\t<option value=\"Massage Liftant visage & buste\">Massage Liftant visage & buste <\/option>\r\n\t<option value=\"Initiation \u00e0 la Lithoth\u00e9rapie\">Initiation \u00e0 la Lithoth\u00e9rapie <\/option>\r\n<\/select> <\/td><\/tr>\r\n<\/table>\r\n<input type=\"image\" src=\"https:\/\/maelyneevolution.com\/images\/boutonpaysmall.gif\" border=\"0\" name=\"submit\" alt=\"PayPal, le r\u00e9flexe s\u00e9curit\u00e9 pour payer en ligne\">\r\n<img decoding=\"async\" alt=\"\" border=\"0\" src=\"https:\/\/www.paypalobjects.com\/fr_FR\/i\/scr\/pixel.gif\" width=\"1\" height=\"1\">\r\n<\/form>\t\t<\/div>\n\t\t\t\t<\/div>\n\t\t\t\t\t<\/div>\n\t\t<\/div>\n\t\t\t\t\t<\/div>\n\t\t<\/section>\n\t\t\t\t<\/div>\n\t\t","protected":false},"excerpt":{"rendered":"<p>Promotion sp\u00e9ciale Parrainage B\u00e9n\u00e9ficiez d&rsquo;une remise exceptionnelles sur tous nos cours e-learning Nos ateliers E-learning Tous nos cours e-learning sont accompagn\u00e9s de cahiers de cours \u00e0 imprimer Pour commander votre cours e-learning, choisissez-le dans la liste d\u00e9roulante et validez votre choix en cliquant sur le bouton de paiement. Prix : 75 \u20ac\u00a0 Choisissez votre discipline [&hellip;]<\/p>\n","protected":false},"author":1,"featured_media":0,"parent":0,"menu_order":0,"comment_status":"closed","ping_status":"closed","template":"","meta":{"_seopress_robots_primary_cat":"","_seopress_titles_title":"","_seopress_titles_desc":"","_seopress_robots_index":"","_monsterinsights_skip_tracking":false,"_monsterinsights_sitenote_active":false,"_monsterinsights_sitenote_note":"","_monsterinsights_sitenote_category":0},"_links":{"self":[{"href":"https:\/\/maelyneevolution.com\/index.php\/wp-json\/wp\/v2\/pages\/4031"}],"collection":[{"href":"https:\/\/maelyneevolution.com\/index.php\/wp-json\/wp\/v2\/pages"}],"about":[{"href":"https:\/\/maelyneevolution.com\/index.php\/wp-json\/wp\/v2\/types\/page"}],"author":[{"embeddable":true,"href":"https:\/\/maelyneevolution.com\/index.php\/wp-json\/wp\/v2\/users\/1"}],"replies":[{"embeddable":true,"href":"https:\/\/maelyneevolution.com\/index.php\/wp-json\/wp\/v2\/comments?post=4031"}],"version-history":[{"count":21,"href":"https:\/\/maelyneevolution.com\/index.php\/wp-json\/wp\/v2\/pages\/4031\/revisions"}],"predecessor-version":[{"id":8061,"href":"https:\/\/maelyneevolution.com\/index.php\/wp-json\/wp\/v2\/pages\/4031\/revisions\/8061"}],"wp:attachment":[{"href":"https:\/\/maelyneevolution.com\/index.php\/wp-json\/wp\/v2\/media?parent=4031"}],"curies":[{"name":"wp","href":"https:\/\/api.w.org\/{rel}","templated":true}]}}