{"id":385,"date":"2021-10-01T19:33:45","date_gmt":"2021-10-01T19:33:45","guid":{"rendered":"https:\/\/maelyneevolution.com\/?page_id=385"},"modified":"2025-02-27T09:19:01","modified_gmt":"2025-02-27T09:19:01","slug":"cgu","status":"publish","type":"page","link":"https:\/\/maelyneevolution.com\/index.php\/maelyne-evolution\/cgu\/","title":{"rendered":"CGU"},"content":{"rendered":"\t\t<div data-elementor-type=\"wp-page\" data-elementor-id=\"385\" class=\"elementor elementor-385\">\n\t\t\t\t\t\t<section class=\"elementor-section elementor-top-section elementor-element elementor-element-b969733 elementor-section-boxed elementor-section-height-default elementor-section-height-default\" data-id=\"b969733\" data-element_type=\"section\" data-settings=\"{&quot;background_background&quot;:&quot;gradient&quot;}\">\n\t\t\t\t\t\t<div class=\"elementor-container elementor-column-gap-default\">\n\t\t\t\t\t<div class=\"elementor-column elementor-col-100 elementor-top-column elementor-element elementor-element-6cb10a2f\" data-id=\"6cb10a2f\" data-element_type=\"column\">\n\t\t\t<div class=\"elementor-widget-wrap elementor-element-populated\">\n\t\t\t\t\t\t<div class=\"elementor-element elementor-element-1b1bc357 elementor-widget elementor-widget-text-editor\" data-id=\"1b1bc357\" data-element_type=\"widget\" data-widget_type=\"text-editor.default\">\n\t\t\t\t<div class=\"elementor-widget-container\">\n\t\t\t<style>\/*! elementor - v3.23.0 - 05-08-2024 *\/\n.elementor-widget-text-editor.elementor-drop-cap-view-stacked .elementor-drop-cap{background-color:#69727d;color:#fff}.elementor-widget-text-editor.elementor-drop-cap-view-framed .elementor-drop-cap{color:#69727d;border:3px solid;background-color:transparent}.elementor-widget-text-editor:not(.elementor-drop-cap-view-default) .elementor-drop-cap{margin-top:8px}.elementor-widget-text-editor:not(.elementor-drop-cap-view-default) .elementor-drop-cap-letter{width:1em;height:1em}.elementor-widget-text-editor .elementor-drop-cap{float:left;text-align:center;line-height:1;font-size:50px}.elementor-widget-text-editor .elementor-drop-cap-letter{display:inline-block}<\/style>\t\t\t\t<p><strong>Conditions G\u00e9n\u00e9rales <\/strong><strong>d&rsquo;Utilisation du site <\/strong>maelyneevolution.com et de sa plate-forme e-learning&nbsp;<span style=\"color: #0000ff;\">maelynevolution-formation.com<\/span><\/p>\n<p><strong>ARTICLE 1 : Objet<\/strong><br>Les pr\u00e9sentes \u00ab conditions g\u00e9n\u00e9rales d&rsquo;utilisation \u00bb ont pour objet l&rsquo;encadrement juridique des modalit\u00e9s de mise \u00e0 disposition des services du site Maelyneevolution.com et maelynevolution-formation.com et leur utilisation par \u00ab l&rsquo;Utilisateur \u00bb.<br>Les conditions g\u00e9n\u00e9rales d&rsquo;utilisation sont implicitement accept\u00e9es par tout Utilisateur souhaitant acc\u00e9der au site. Elles constituent le contrat entre le site et l&rsquo;Utilisateur. L\u2019acc\u00e8s au site par l\u2019Utilisateur signifie son acceptation des pr\u00e9sentes conditions g\u00e9n\u00e9rales d\u2019utilisation.<br>\u2022 En cas de non-acceptation des conditions g\u00e9n\u00e9rales d&rsquo;utilisation stipul\u00e9es dans le pr\u00e9sent contrat, l&rsquo;Utilisateur se doit de renoncer \u00e0 l&rsquo;acc\u00e8s des services propos\u00e9s par le site.<br>\u2022 Maelyne evolution se r\u00e9serve le droit de modifier unilat\u00e9ralement et \u00e0 tout moment le contenu des pr\u00e9sentes conditions g\u00e9n\u00e9rales d&rsquo;utilisation.<\/p>\n<p><strong>ARTICLE 2 : Mentions l\u00e9gales<\/strong><br>L&rsquo;\u00e9dition du site maelyneevolution.com et de sa plate-forme e-learning maelynevolution-formation.com est assur\u00e9e par la Soci\u00e9t\u00e9 Maelyne evolution dont le si\u00e8ge social est situ\u00e9 au 203 rue ha\u00efti 66420 Le barcar\u00e8s.<br>La directrice de la publication est la Directrice Sylvie Nicouleaud.<\/p>\n<p><strong>ARTICLE 3 : D\u00e9finitions<\/strong><br>La pr\u00e9sente clause a pour objet de d\u00e9finir les diff\u00e9rents termes essentiels du contrat :<br>\u2022 Utilisateur : ce terme d\u00e9signe toute personne qui utilise le site ou l&rsquo;un des services propos\u00e9s par le site.<br>\u2022 Contenu utilisateur : ce sont les donn\u00e9es transmises par l&rsquo;Utilisateur au sein du site.<br>\u2022 Membre : l&rsquo;Utilisateur devient membre lorsqu&rsquo;il est identifi\u00e9 sur le site.<br>\u2022 Identifiant et mot de passe : c&rsquo;est l&rsquo;ensemble des informations n\u00e9cessaires \u00e0 l&rsquo;identification d&rsquo;un Utilisateur sur le site. L&rsquo;identifiant et le mot de passe permettent \u00e0 l&rsquo;Utilisateur d&rsquo;acc\u00e9der \u00e0 des services r\u00e9serv\u00e9s aux membres du site. Le mot de passe est confidentiel.<\/p>\n<p><strong>ARTICLE 4 : Acc\u00e8s aux services<\/strong><br>Le site permet \u00e0 l&rsquo;Utilisateur un acc\u00e8s gratuit aux services suivants :<br>\u2022 Informations sur les diverses formations dispens\u00e9es par Maelyne Evolution<br>\u2022 Boutique Maelyne Evolution permettant d&rsquo;acqu\u00e9rir nos formations sous divers supports<br>\u2022 Diverses pages d&rsquo;informations sur la soci\u00e9t\u00e9<\/p>\n<p>Le site est accessible gratuitement en tout lieu \u00e0 tout Utilisateur ayant un acc\u00e8s \u00e0 Internet. Tous les frais support\u00e9s par l&rsquo;Utilisateur pour acc\u00e9der au service (mat\u00e9riel informatique, logiciels, connexion Internet, etc.) sont \u00e0 sa charge.<br>L\u2019Utilisateur non membre n&rsquo;a pas acc\u00e8s aux services de la plate-forme e-learning r\u00e9serv\u00e9s aux \u00e9l\u00e8ves. Pour cela, il doit s&rsquo;identifier \u00e0 l&rsquo;aide de son identifiant et de son mot de passe via le lien qui lui a \u00e9t\u00e9 communiqu\u00e9 lors de son achat.<br>Le site met en \u0153uvre tous les moyens mis \u00e0 sa disposition pour assurer un acc\u00e8s de qualit\u00e9 \u00e0 ses services. L&rsquo;obligation \u00e9tant de moyens, le site ne s&rsquo;engage pas \u00e0 atteindre ce r\u00e9sultat.<br>Tout \u00e9v\u00e9nement d\u00fb \u00e0 un cas de force majeure ayant pour cons\u00e9quence un dysfonctionnement du r\u00e9seau ou du serveur n&rsquo;engage pas la responsabilit\u00e9 de Maelyne evolution.<br>L&rsquo;acc\u00e8s aux services du site peut \u00e0 tout moment faire l&rsquo;objet d&rsquo;une interruption, d&rsquo;une suspension, d&rsquo;une modification sans pr\u00e9avis pour une maintenance ou pour tout autre cas. L&rsquo;Utilisateur s&rsquo;oblige \u00e0 ne r\u00e9clamer aucune indemnisation suite \u00e0 l&rsquo;interruption, \u00e0 la suspension ou \u00e0 la modification du pr\u00e9sent contrat.<\/p>\n<p>Maelyne Evolution se r\u00e9serve le droit de refuser l&rsquo;acc\u00e8s \u00e0 ses formations \u00e0 un utilisateur si elle estime que la participation de ce dernier pourrait nuire \u00e0 la bonne marche du service. L&rsquo;utilisateur sera rembours\u00e9 des sommes \u00e9ventuellement vers\u00e9es.<br>L&rsquo;Utilisateur a la possibilit\u00e9 de contacter le site par messagerie \u00e9lectronique \u00e0 l\u2019adresse :<br>maelynevolution@gmail.com<\/p>\n<p><span style=\"font-weight: bolder;\">ARTICLE 4bis : Versions SILVER vs versions GOLD<\/span><br>Les formations e-learning propos\u00e9es par Maelyne Evolution sont propos\u00e9es en deux versions.<\/p>\n<p>La version SILVER permet un acc\u00e8s de 30 jours au serveur de formation, et donc aux vid\u00e9os. L&rsquo;utilisateur a la possibilit\u00e9 de d\u00e9marrer son acc\u00e8s de 30 jours \u00e0 la date de son choix. Il lui suffit de cliquer sur le lien pr\u00e9vu \u00e0 cet effet dans l&#8217;email re\u00e7u lors de son inscription.<\/p>\n<p>Si l&rsquo;\u00e9l\u00e8ve a termin\u00e9 son parcours avant la date de fin de session, il pourra t\u00e9l\u00e9charger&nbsp;demander par mail son certificat de r\u00e9alisation, et il aura toujours acc\u00e8s au cours jusqu&rsquo;\u00e0 la fin de sa session. Si l&rsquo;\u00e9l\u00e8ve n&rsquo;a pas pu terminer son parcours avant la date de fin de session, il lui sera propos\u00e9 une prolongation (29 \u20ac), ou un passage en version GOLD (69 \u20ac).<\/p>\n<p>La version <strong>GOLD<\/strong> permet un acc\u00e8s imm\u00e9diat et illimit\u00e9 \u00e0 la formation. Cet acc\u00e8s sera efficient jusqu&rsquo;\u00e0 la fin de la vie du programme ou de la soci\u00e9t\u00e9 Maelyne Evolution. La version propos\u00e9e \u00e9tant la version Pro, elle comprend des supports et parfois des vid\u00e9os suppl\u00e9mentaires par rapport \u00e0 la version SILVER.<\/p>\n<p><strong>ARTICLE 5 : Propri\u00e9t\u00e9 intellectuelle<\/strong><br>Les marques, logos, signes et tout autre contenu du site font l&rsquo;objet d&rsquo;une protection par le Code de la propri\u00e9t\u00e9 intellectuelle et plus particuli\u00e8rement par le droit d&rsquo;auteur.<br>L&rsquo;Utilisateur doit solliciter l&rsquo;autorisation pr\u00e9alable du site pour toute reproduction, publication, copie des diff\u00e9rents contenus.<br>L&rsquo;Utilisateur s&rsquo;engage \u00e0 une utilisation des contenus du site dans un cadre strictement priv\u00e9. Une utilisation des contenus \u00e0 des fins commerciales (vente, diffusion ou formation) est strictement interdite.<\/p>\n<p>Tous d\u00e9sassemblages, d\u00e9compilations, d\u00e9cryptages, extractions, r\u00e9utilisations, copies et plus g\u00e9n\u00e9ralement, tous actes de reproduction, repr\u00e9sentation, diffusion et utilisation de l\u2019un quelconque des documents Maelyne Evolution (cahiers de cours, vid\u00e9os, tout document relatif \u00e0 nos protocoles, nos protocoles eux-m\u00eames), en tout ou partie, sont strictement interdits si ils n\u2019ont pas \u00e9t\u00e9 pr\u00e9alablement autoris\u00e9s par Maelyne Evolution, et pourront faire l\u2019objet de poursuites judiciaires.<\/p>\n<p><strong>ARTICLE 6 : Donn\u00e9es personnelles<\/strong><br>Les informations demand\u00e9es \u00e0 l\u2019inscription \u00e0 la plate-forme e-learning (maelynevolution-formation.com) sont n\u00e9cessaires et obligatoires pour la cr\u00e9ation du compte de l&rsquo;Utilisateur. En particulier, l&rsquo;adresse \u00e9lectronique pourra \u00eatre utilis\u00e9e par le site pour l&rsquo;administration, la gestion et l&rsquo;animation du service.<br>Le site assure \u00e0 l&rsquo;Utilisateur une collecte et un traitement d&rsquo;informations personnelles dans le respect de la vie priv\u00e9e conform\u00e9ment \u00e0 la loi n\u00b078-17 du 6 janvier 1978 relative \u00e0 l&rsquo;informatique, aux fichiers et aux libert\u00e9s.<br>En vertu des articles 39 et 40 de la loi en date du 6 janvier 1978, l&rsquo;Utilisateur dispose d&rsquo;un droit d&rsquo;acc\u00e8s, de rectification, de suppression et d&rsquo;opposition de ses donn\u00e9es personnelles. L&rsquo;Utilisateur exerce ce droit par mail \u00e0 maelynevolution@gmail.com<\/p>\n<p><strong>ARTICLE 7 : Responsabilit\u00e9 et force majeure<\/strong><br>Les sources des informations diffus\u00e9es sur le site sont r\u00e9put\u00e9es fiables. Toutefois, le site se r\u00e9serve la facult\u00e9 d&rsquo;une non-garantie de la fiabilit\u00e9 des sources. Les informations donn\u00e9es sur le site le sont \u00e0 titre purement informatif. Ainsi, l&rsquo;Utilisateur assume seul l&rsquo;enti\u00e8re responsabilit\u00e9 de l&rsquo;utilisation des informations et contenus du pr\u00e9sent site.<br>L&rsquo;Utilisateur s&rsquo;assure de garder son mot de passe secret. Toute divulgation du mot de passe, quelle que soit sa forme, est interdite.<br>L&rsquo;Utilisateur assume les risques li\u00e9s \u00e0 l&rsquo;utilisation de son identifiant et mot de passe. Le site d\u00e9cline toute responsabilit\u00e9.<br>Tout usage du service par l&rsquo;Utilisateur ayant directement ou indirectement pour cons\u00e9quence des dommages doit faire l&rsquo;objet d&rsquo;une indemnisation au profit du site.<br>Une garantie optimale de la s\u00e9curit\u00e9 et de la confidentialit\u00e9 des donn\u00e9es transmises n&rsquo;est pas assur\u00e9e par le site. Toutefois, le site s&rsquo;engage \u00e0 mettre en \u0153uvre tous les moyens n\u00e9cessaires afin de garantir au mieux la s\u00e9curit\u00e9 et la confidentialit\u00e9 des donn\u00e9es. L&rsquo;ensemble des donn\u00e9es recueillies concernant l&rsquo;Utilisateur est int\u00e9gralement supprim\u00e9 du serveur une fois la session termin\u00e9e (sauf si possibilit\u00e9 de prolongation en cas de non obtention du certificat dans le d\u00e9lai imparti).<br>La responsabilit\u00e9 du site ne peut \u00eatre engag\u00e9e en cas de force majeure ou du fait impr\u00e9visible et insurmontable d&rsquo;un tiers.<\/p>\n<p><strong>ARTICLE 8 : Liens hypertextes<\/strong><br>Quelques liens hypertextes sortants peuvent \u00eatre pr\u00e9sents sur le site, cependant les pages web o\u00f9 m\u00e8nent ces liens n&rsquo;engagent en rien la responsabilit\u00e9 de Maelyne evolution qui n&rsquo;a pas le contr\u00f4le de ces liens.<br>L&rsquo;Utilisateur s&rsquo;interdit donc \u00e0 engager la responsabilit\u00e9 du site concernant le contenu et les ressources relatives \u00e0 ces liens hypertextes sortants.<\/p>\n<p><strong>ARTICLE 9 : \u00c9volution du contrat<\/strong><br>Le site se r\u00e9serve \u00e0 tout moment le droit de modifier les clauses stipul\u00e9es dans le pr\u00e9sent contrat.<\/p>\n<p><strong>ARTICLE 10 : Dur\u00e9e<\/strong><br>La dur\u00e9e du pr\u00e9sent contrat est ind\u00e9termin\u00e9e. Le contrat produit ses effets \u00e0 l&rsquo;\u00e9gard de l&rsquo;Utilisateur \u00e0 compter de l&rsquo;utilisation du service.<\/p>\n<p><strong>ARTICLE 11 : Droit applicable et juridiction comp\u00e9tente<\/strong><br>La l\u00e9gislation fran\u00e7aise s&rsquo;applique au pr\u00e9sent contrat. En cas d&rsquo;absence de r\u00e9solution amiable d&rsquo;un litige n\u00e9 entre les parties, seuls les tribunaux du ressort de la Cour d&rsquo;appel de la ville de Perpignan sont comp\u00e9tents.<\/p>\n<p><strong>ARTICLE 12 : Droit de r\u00e9tractation et remboursement<\/strong><br>Conform\u00e9ment \u00e0 l\u2019article L121-21-8 du Code de la consommation pr\u00e9sentant les exceptions au droit de r\u00e9tractation, les prestations e-learning Maelyne Evolution commencent d\u00e8s l&rsquo;ouverture du compte formation de l&rsquo;\u00e9l\u00e8ve sur notre serveur. Il peut&nbsp; alors acc\u00e9der \u00e0 son cours.<\/p>\n<p>L&rsquo;utilisateur ayant achet\u00e9 la prestation se doit d&rsquo;avoir lu les informations sur le pr\u00e9sent site (notamment les \u00e9l\u00e9ments aff\u00e9rents au cours ainsi que le principe des trente jours d&rsquo;acc\u00e8s) et en accepte pleinement ces conditions. Par cons\u00e9quent d\u00e8s qu&rsquo;il a valid\u00e9 son inscription et re\u00e7u l&#8217;email avec le liens d&rsquo;acc\u00e8s, il reconna\u00eet avoir eu acc\u00e8s au produit achet\u00e9 et aucune demande de remboursement ne sera recevable. <br>En cas de d\u00e9faut \u00e0 cette r\u00e8gle et par cons\u00e9quent d&rsquo;abus de droit de r\u00e9tractation, l\u2019article 177-2 du Code de proc\u00e9dure p\u00e9nale pr\u00e9voit une amende civile ne pouvant exc\u00e9der 15 000 euros.<\/p>\t\t\t\t\t\t<\/div>\n\t\t\t\t<\/div>\n\t\t\t\t\t<\/div>\n\t\t<\/div>\n\t\t\t\t\t<\/div>\n\t\t<\/section>\n\t\t\t\t<\/div>\n\t\t","protected":false},"excerpt":{"rendered":"<p>Conditions G\u00e9n\u00e9rales d&rsquo;Utilisation du site maelyneevolution.com et de sa plate-forme e-learning&nbsp;maelynevolution-formation.com ARTICLE 1 : ObjetLes pr\u00e9sentes \u00ab conditions g\u00e9n\u00e9rales d&rsquo;utilisation \u00bb ont pour objet l&rsquo;encadrement juridique des modalit\u00e9s de mise \u00e0 disposition des services du site Maelyneevolution.com et maelynevolution-formation.com et leur utilisation par \u00ab l&rsquo;Utilisateur \u00bb.Les conditions g\u00e9n\u00e9rales d&rsquo;utilisation sont implicitement accept\u00e9es par tout Utilisateur [&hellip;]<\/p>\n","protected":false},"author":1,"featured_media":0,"parent":12,"menu_order":0,"comment_status":"closed","ping_status":"closed","template":"","meta":{"_seopress_robots_primary_cat":"","_seopress_titles_title":"","_seopress_titles_desc":"","_seopress_robots_index":"","_monsterinsights_skip_tracking":false,"_monsterinsights_sitenote_active":false,"_monsterinsights_sitenote_note":"","_monsterinsights_sitenote_category":0},"_links":{"self":[{"href":"https:\/\/maelyneevolution.com\/index.php\/wp-json\/wp\/v2\/pages\/385"}],"collection":[{"href":"https:\/\/maelyneevolution.com\/index.php\/wp-json\/wp\/v2\/pages"}],"about":[{"href":"https:\/\/maelyneevolution.com\/index.php\/wp-json\/wp\/v2\/types\/page"}],"author":[{"embeddable":true,"href":"https:\/\/maelyneevolution.com\/index.php\/wp-json\/wp\/v2\/users\/1"}],"replies":[{"embeddable":true,"href":"https:\/\/maelyneevolution.com\/index.php\/wp-json\/wp\/v2\/comments?post=385"}],"version-history":[{"count":37,"href":"https:\/\/maelyneevolution.com\/index.php\/wp-json\/wp\/v2\/pages\/385\/revisions"}],"predecessor-version":[{"id":11966,"href":"https:\/\/maelyneevolution.com\/index.php\/wp-json\/wp\/v2\/pages\/385\/revisions\/11966"}],"up":[{"embeddable":true,"href":"https:\/\/maelyneevolution.com\/index.php\/wp-json\/wp\/v2\/pages\/12"}],"wp:attachment":[{"href":"https:\/\/maelyneevolution.com\/index.php\/wp-json\/wp\/v2\/media?parent=385"}],"curies":[{"name":"wp","href":"https:\/\/api.w.org\/{rel}","templated":true}]}}