{"id":3352,"date":"2021-12-06T10:21:23","date_gmt":"2021-12-06T10:21:23","guid":{"rendered":"https:\/\/maelyneevolution.com\/?page_id=3352"},"modified":"2022-02-22T10:55:57","modified_gmt":"2022-02-22T10:55:57","slug":"rp0600_audioguidage","status":"publish","type":"page","link":"https:\/\/maelyneevolution.com\/index.php\/rp0600_audioguidage\/","title":{"rendered":"rp0600_audioguidage"},"content":{"rendered":"\t\t<div data-elementor-type=\"wp-page\" data-elementor-id=\"3352\" class=\"elementor elementor-3352\">\n\t\t\t\t\t\t<section class=\"elementor-section elementor-top-section elementor-element elementor-element-26e674c1 elementor-section-boxed elementor-section-height-default elementor-section-height-default\" data-id=\"26e674c1\" data-element_type=\"section\">\n\t\t\t\t\t\t<div class=\"elementor-container elementor-column-gap-default\">\n\t\t\t\t\t<div class=\"elementor-column elementor-col-100 elementor-top-column elementor-element elementor-element-2f97b43d\" data-id=\"2f97b43d\" data-element_type=\"column\">\n\t\t\t<div class=\"elementor-widget-wrap elementor-element-populated\">\n\t\t\t\t\t\t<div class=\"elementor-element elementor-element-2bdbcdca eael-dual-header-content-align-center elementor-widget elementor-widget-eael-dual-color-header\" data-id=\"2bdbcdca\" data-element_type=\"widget\" data-widget_type=\"eael-dual-color-header.default\">\n\t\t\t\t<div class=\"elementor-widget-container\">\n\t\t\t\t\t\t<div class=\"eael-dual-header\">\n\t\t\t\t<h2 class=\"title eael-dch-title\"><span class=\"eael-dch-title-text eael-dch-title-lead lead solid-color\">Audioguidage<\/span> <span class=\"eael-dch-title-text\">R\u00e9flexologie plantaire<\/span><\/h2>\t\t\t\t\t<span class=\"subtext\"><p><strong>Prix : 22 euros<\/strong><\/p><\/span>\n\t\t\t\t\t\t\t\t\t<span class=\"eael-dch-svg-icon\"><i aria-hidden=\"true\" class=\"fas fa-headphones\"><\/i><\/span>\t\t\t\t\t\t\t<\/div>\n\n\t\t\t\t<\/div>\n\t\t\t\t<\/div>\n\t\t\t\t<section class=\"elementor-section elementor-inner-section elementor-element elementor-element-3790c31a elementor-section-boxed elementor-section-height-default elementor-section-height-default\" data-id=\"3790c31a\" data-element_type=\"section\">\n\t\t\t\t\t\t<div class=\"elementor-container elementor-column-gap-default\">\n\t\t\t\t\t<div class=\"elementor-column elementor-col-50 elementor-inner-column elementor-element elementor-element-78164509\" data-id=\"78164509\" data-element_type=\"column\" data-settings=\"{&quot;background_background&quot;:&quot;classic&quot;}\">\n\t\t\t<div class=\"elementor-widget-wrap elementor-element-populated\">\n\t\t\t\t\t\t<div class=\"elementor-element elementor-element-208b893a elementor-widget elementor-widget-image\" data-id=\"208b893a\" data-element_type=\"widget\" data-widget_type=\"image.default\">\n\t\t\t\t<div class=\"elementor-widget-container\">\n\t\t\t<style>\/*! elementor - v3.23.0 - 05-08-2024 *\/\n.elementor-widget-image{text-align:center}.elementor-widget-image a{display:inline-block}.elementor-widget-image a img[src$=\".svg\"]{width:48px}.elementor-widget-image img{vertical-align:middle;display:inline-block}<\/style>\t\t\t\t\t\t\t\t\t\t<img fetchpriority=\"high\" decoding=\"async\" width=\"768\" height=\"512\" src=\"https:\/\/maelyneevolution.com\/wp-content\/uploads\/2021\/11\/audiog-768x512.jpg\" class=\"attachment-medium_large size-medium_large wp-image-2510\" alt=\"audio\" srcset=\"https:\/\/maelyneevolution.com\/wp-content\/uploads\/2021\/11\/audiog-768x512.jpg 768w, https:\/\/maelyneevolution.com\/wp-content\/uploads\/2021\/11\/audiog-300x200.jpg 300w, https:\/\/maelyneevolution.com\/wp-content\/uploads\/2021\/11\/audiog-1024x683.jpg 1024w, https:\/\/maelyneevolution.com\/wp-content\/uploads\/2021\/11\/audiog.jpg 1500w\" sizes=\"(max-width: 768px) 100vw, 768px\" \/>\t\t\t\t\t\t\t\t\t\t\t\t\t<\/div>\n\t\t\t\t<\/div>\n\t\t\t\t\t<\/div>\n\t\t<\/div>\n\t\t\t\t<div class=\"elementor-column elementor-col-50 elementor-inner-column elementor-element elementor-element-5902392f\" data-id=\"5902392f\" data-element_type=\"column\" data-settings=\"{&quot;background_background&quot;:&quot;classic&quot;}\">\n\t\t\t<div class=\"elementor-widget-wrap elementor-element-populated\">\n\t\t\t\t\t\t<div class=\"elementor-element elementor-element-7554feee elementor-invisible elementor-widget elementor-widget-text-editor\" data-id=\"7554feee\" data-element_type=\"widget\" data-settings=\"{&quot;_animation&quot;:&quot;fadeIn&quot;}\" data-widget_type=\"text-editor.default\">\n\t\t\t\t<div class=\"elementor-widget-container\">\n\t\t\t<style>\/*! elementor - v3.23.0 - 05-08-2024 *\/\n.elementor-widget-text-editor.elementor-drop-cap-view-stacked .elementor-drop-cap{background-color:#69727d;color:#fff}.elementor-widget-text-editor.elementor-drop-cap-view-framed .elementor-drop-cap{color:#69727d;border:3px solid;background-color:transparent}.elementor-widget-text-editor:not(.elementor-drop-cap-view-default) .elementor-drop-cap{margin-top:8px}.elementor-widget-text-editor:not(.elementor-drop-cap-view-default) .elementor-drop-cap-letter{width:1em;height:1em}.elementor-widget-text-editor .elementor-drop-cap{float:left;text-align:center;line-height:1;font-size:50px}.elementor-widget-text-editor .elementor-drop-cap-letter{display:inline-block}<\/style>\t\t\t\t<p style=\"text-align: left;\">Vous avez suivi notre formation e-learning et vous \u00eates d\u00e9sormais apte \u00e0 dispenser un soin d&rsquo;une heure en <strong>R\u00e9flexologie plantaire<\/strong> th\u00e9rapie zonale&#8230;<br \/>\u00e0 condition de conna\u00eetre par c\u0153ur le protocole d\u00e9di\u00e9 !<\/p><p><img decoding=\"async\" class=\"alignnone size-medium wp-image-2433 aligncenter\" src=\"https:\/\/maelyneevolution.com\/wp-content\/uploads\/2021\/11\/ag_mic-300x177.jpg\" alt=\"audioguide\" width=\"300\" height=\"177\" srcset=\"https:\/\/maelyneevolution.com\/wp-content\/uploads\/2021\/11\/ag_mic-300x177.jpg 300w, https:\/\/maelyneevolution.com\/wp-content\/uploads\/2021\/11\/ag_mic.jpg 450w\" sizes=\"(max-width: 300px) 100vw, 300px\" \/><\/p><p>Toujours soucieux de vous proposer les meilleurs outils possibles pour la pratique de votre activit\u00e9, nous avons enregistr\u00e9 <strong>une heure d&rsquo;audio guidage<\/strong>.<\/p>\t\t\t\t\t\t<\/div>\n\t\t\t\t<\/div>\n\t\t\t\t\t<\/div>\n\t\t<\/div>\n\t\t\t\t\t<\/div>\n\t\t<\/section>\n\t\t\t\t<section class=\"elementor-section elementor-inner-section elementor-element elementor-element-4f0099f0 elementor-section-boxed elementor-section-height-default elementor-section-height-default\" data-id=\"4f0099f0\" data-element_type=\"section\">\n\t\t\t\t\t\t<div class=\"elementor-container elementor-column-gap-default\">\n\t\t\t\t\t<div class=\"elementor-column elementor-col-50 elementor-inner-column elementor-element elementor-element-40afebaf\" data-id=\"40afebaf\" data-element_type=\"column\" data-settings=\"{&quot;background_background&quot;:&quot;gradient&quot;}\">\n\t\t\t<div class=\"elementor-widget-wrap elementor-element-populated\">\n\t\t\t\t\t\t<div class=\"elementor-element elementor-element-55b12293 elementor-invisible elementor-widget elementor-widget-image\" data-id=\"55b12293\" data-element_type=\"widget\" data-settings=\"{&quot;_animation&quot;:&quot;bounceIn&quot;}\" data-widget_type=\"image.default\">\n\t\t\t\t<div class=\"elementor-widget-container\">\n\t\t\t\t\t\t\t\t\t\t\t\t\t<img decoding=\"async\" width=\"450\" height=\"266\" src=\"https:\/\/maelyneevolution.com\/wp-content\/uploads\/2021\/11\/ag_oreillettes.jpg\" class=\"attachment-large size-large wp-image-2432\" alt=\"audio guidage\" srcset=\"https:\/\/maelyneevolution.com\/wp-content\/uploads\/2021\/11\/ag_oreillettes.jpg 450w, https:\/\/maelyneevolution.com\/wp-content\/uploads\/2021\/11\/ag_oreillettes-300x177.jpg 300w\" sizes=\"(max-width: 450px) 100vw, 450px\" \/>\t\t\t\t\t\t\t\t\t\t\t\t\t<\/div>\n\t\t\t\t<\/div>\n\t\t\t\t\t<\/div>\n\t\t<\/div>\n\t\t\t\t<div class=\"elementor-column elementor-col-50 elementor-inner-column elementor-element elementor-element-7e901dba\" data-id=\"7e901dba\" data-element_type=\"column\" data-settings=\"{&quot;background_background&quot;:&quot;classic&quot;}\">\n\t\t\t<div class=\"elementor-widget-wrap elementor-element-populated\">\n\t\t\t\t\t\t<div class=\"elementor-element elementor-element-3f978db8 elementor-widget elementor-widget-text-editor\" data-id=\"3f978db8\" data-element_type=\"widget\" data-widget_type=\"text-editor.default\">\n\t\t\t\t<div class=\"elementor-widget-container\">\n\t\t\t\t\t\t\t<p>Comme tout le monde n&rsquo;a pas forc\u00e9ment besoin du m\u00eame niveau de guidage, nous avons enregistr\u00e9 <strong>2 versions<\/strong> : Un guidage <strong>simple<\/strong> et un guidage <strong>d\u00e9taill\u00e9<\/strong>. Et oui, pour le m\u00eame prix !<\/p><p>D\u00e9compressez le fichier de votre choix et copiez le sur votre lecteur MP3 ou votre smartphone.\u00a0Laissez vous guider et dispensez votre soin en toute tranquillit\u00e9.<\/p><p>Pour vous procurer ces 2 fichiers audio d&rsquo;une heure au prix pr\u00e9f\u00e9rentiel r\u00e9serv\u00e9 aux \u00e9l\u00e8ves <strong>(22\u20ac)<\/strong> cliquez sur le bouton ci-dessous :<\/p>\t\t\t\t\t\t<\/div>\n\t\t\t\t<\/div>\n\t\t\t\t<div class=\"elementor-element elementor-element-3e10eeae elementor-invisible elementor-widget elementor-widget-html\" data-id=\"3e10eeae\" data-element_type=\"widget\" data-settings=\"{&quot;_animation&quot;:&quot;fadeInUp&quot;}\" data-widget_type=\"html.default\">\n\t\t\t\t<div class=\"elementor-widget-container\">\n\t\t\t<form action=\"https:\/\/www.paypal.com\/cgi-bin\/webscr\" method=\"post\" target=\"_top\">\r\n<input type=\"hidden\" name=\"cmd\" value=\"_s-xclick\">\r\n<input type=\"hidden\" name=\"hosted_button_id\" value=\"J373M4PF3ZL46\">\r\n<input type=\"image\" src=\"https:\/\/maelyneevolution.com\/images\/boutonpaysmall.gif\" border=\"0\" name=\"submit\" alt=\"PayPal, le r\u00e9flexe s\u00e9curit\u00e9 pour payer en ligne\">\r\n<img loading=\"lazy\" decoding=\"async\" alt=\"\" border=\"0\" src=\"https:\/\/www.paypalobjects.com\/fr_FR\/i\/scr\/pixel.gif\" width=\"1\" height=\"1\">\r\n<\/form>\t\t<\/div>\n\t\t\t\t<\/div>\n\t\t\t\t\t<\/div>\n\t\t<\/div>\n\t\t\t\t\t<\/div>\n\t\t<\/section>\n\t\t\t\t\t<\/div>\n\t\t<\/div>\n\t\t\t\t\t<\/div>\n\t\t<\/section>\n\t\t\t\t<\/div>\n\t\t","protected":false},"excerpt":{"rendered":"<p>Audioguidage R\u00e9flexologie plantaire Prix : 22 euros Vous avez suivi notre formation e-learning et vous \u00eates d\u00e9sormais apte \u00e0 dispenser un soin d&rsquo;une heure en R\u00e9flexologie plantaire th\u00e9rapie zonale&#8230;\u00e0 condition de conna\u00eetre par c\u0153ur le protocole d\u00e9di\u00e9 ! Toujours soucieux de vous proposer les meilleurs outils possibles pour la pratique de votre activit\u00e9, nous avons [&hellip;]<\/p>\n","protected":false},"author":1,"featured_media":0,"parent":0,"menu_order":0,"comment_status":"closed","ping_status":"closed","template":"","meta":{"_seopress_robots_primary_cat":"","_seopress_titles_title":"","_seopress_titles_desc":"","_seopress_robots_index":"","_monsterinsights_skip_tracking":false,"_monsterinsights_sitenote_active":false,"_monsterinsights_sitenote_note":"","_monsterinsights_sitenote_category":0},"_links":{"self":[{"href":"https:\/\/maelyneevolution.com\/index.php\/wp-json\/wp\/v2\/pages\/3352"}],"collection":[{"href":"https:\/\/maelyneevolution.com\/index.php\/wp-json\/wp\/v2\/pages"}],"about":[{"href":"https:\/\/maelyneevolution.com\/index.php\/wp-json\/wp\/v2\/types\/page"}],"author":[{"embeddable":true,"href":"https:\/\/maelyneevolution.com\/index.php\/wp-json\/wp\/v2\/users\/1"}],"replies":[{"embeddable":true,"href":"https:\/\/maelyneevolution.com\/index.php\/wp-json\/wp\/v2\/comments?post=3352"}],"version-history":[{"count":6,"href":"https:\/\/maelyneevolution.com\/index.php\/wp-json\/wp\/v2\/pages\/3352\/revisions"}],"predecessor-version":[{"id":4276,"href":"https:\/\/maelyneevolution.com\/index.php\/wp-json\/wp\/v2\/pages\/3352\/revisions\/4276"}],"wp:attachment":[{"href":"https:\/\/maelyneevolution.com\/index.php\/wp-json\/wp\/v2\/media?parent=3352"}],"curies":[{"name":"wp","href":"https:\/\/api.w.org\/{rel}","templated":true}]}}