{"id":3222,"date":"2021-12-05T18:53:02","date_gmt":"2021-12-05T18:53:02","guid":{"rendered":"https:\/\/maelyneevolution.com\/?page_id=3222"},"modified":"2022-08-19T10:18:55","modified_gmt":"2022-08-19T10:18:55","slug":"sd-promovideos","status":"publish","type":"page","link":"https:\/\/maelyneevolution.com\/index.php\/sd-promovideos\/","title":{"rendered":"sd-promovideos"},"content":{"rendered":"\t\t<div data-elementor-type=\"wp-page\" data-elementor-id=\"3222\" class=\"elementor elementor-3222\">\n\t\t\t\t\t\t<section class=\"elementor-section elementor-top-section elementor-element elementor-element-3f49fd46 elementor-section-boxed elementor-section-height-default elementor-section-height-default\" data-id=\"3f49fd46\" data-element_type=\"section\">\n\t\t\t\t\t\t<div class=\"elementor-container elementor-column-gap-default\">\n\t\t\t\t\t<div class=\"elementor-column elementor-col-100 elementor-top-column elementor-element elementor-element-7eaeaba4\" data-id=\"7eaeaba4\" data-element_type=\"column\" data-settings=\"{&quot;background_background&quot;:&quot;classic&quot;}\">\n\t\t\t<div class=\"elementor-widget-wrap elementor-element-populated\">\n\t\t\t\t\t\t<div class=\"elementor-element elementor-element-6c165e22 eael-dual-header-content-align-center elementor-widget elementor-widget-eael-dual-color-header\" data-id=\"6c165e22\" data-element_type=\"widget\" data-widget_type=\"eael-dual-color-header.default\">\n\t\t\t\t<div class=\"elementor-widget-container\">\n\t\t\t\t\t\t<div class=\"eael-dual-header\">\n\t\t\t\t<h2 class=\"title eael-dch-title\"><span class=\"eael-dch-title-text eael-dch-title-lead lead solid-color\">Vid\u00e9os du cours <\/span> <span class=\"eael-dch-title-text\">Shiatsu D\u00e9tente<\/span><\/h2>\t\t\t\t\t<span class=\"subtext\"><p>Page promotionnelle sp\u00e9ciale r\u00e9serv\u00e9e aux \u00e9l\u00e8ves<\/p><\/span>\n\t\t\t\t\t\t\t\t\t<span class=\"eael-dch-svg-icon\"><i aria-hidden=\"true\" class=\"fas fa-photo-video\"><\/i><\/span>\t\t\t\t\t\t\t<\/div>\n\n\t\t\t\t<\/div>\n\t\t\t\t<\/div>\n\t\t\t\t<div class=\"elementor-element elementor-element-10c6650c elementor-widget elementor-widget-text-editor\" data-id=\"10c6650c\" data-element_type=\"widget\" data-widget_type=\"text-editor.default\">\n\t\t\t\t<div class=\"elementor-widget-container\">\n\t\t\t<style>\/*! elementor - v3.23.0 - 05-08-2024 *\/\n.elementor-widget-text-editor.elementor-drop-cap-view-stacked .elementor-drop-cap{background-color:#69727d;color:#fff}.elementor-widget-text-editor.elementor-drop-cap-view-framed .elementor-drop-cap{color:#69727d;border:3px solid;background-color:transparent}.elementor-widget-text-editor:not(.elementor-drop-cap-view-default) .elementor-drop-cap{margin-top:8px}.elementor-widget-text-editor:not(.elementor-drop-cap-view-default) .elementor-drop-cap-letter{width:1em;height:1em}.elementor-widget-text-editor .elementor-drop-cap{float:left;text-align:center;line-height:1;font-size:50px}.elementor-widget-text-editor .elementor-drop-cap-letter{display:inline-block}<\/style>\t\t\t\t<p>Vous venez de suivre notre session d&rsquo;e-learning en <strong>Shiatsu D\u00e9tente.<\/strong><\/p><p>Vous avez s\u00fbrement h\u00e2te de mettre en pratique vos nouvelles connaissances et dans cette optique vous auriez aim\u00e9 pouvoir <strong>conserver les vid\u00e9os<\/strong> de notre formation. Pour des raisons de droits autant que de choix techniques, vous ne pouvez pas t\u00e9l\u00e9charger ces films.<\/p><p>C&rsquo;est pourquoi nous vous proposons d&rsquo;acqu\u00e9rir ces vid\u00e9os sous deux formes au choix, \u00e0 des tarifs tr\u00e8s accessibles :<\/p>\t\t\t\t\t\t<\/div>\n\t\t\t\t<\/div>\n\t\t\t\t\t<\/div>\n\t\t<\/div>\n\t\t\t\t\t<\/div>\n\t\t<\/section>\n\t\t\t\t<section class=\"elementor-section elementor-top-section elementor-element elementor-element-57a72fe elementor-section-boxed elementor-section-height-default elementor-section-height-default\" data-id=\"57a72fe\" data-element_type=\"section\">\n\t\t\t\t\t\t<div class=\"elementor-container elementor-column-gap-default\">\n\t\t\t\t\t<div class=\"elementor-column elementor-col-50 elementor-top-column elementor-element elementor-element-66cfc45f\" data-id=\"66cfc45f\" data-element_type=\"column\" data-settings=\"{&quot;background_background&quot;:&quot;classic&quot;}\">\n\t\t\t<div class=\"elementor-widget-wrap elementor-element-populated\">\n\t\t\t\t\t\t<div class=\"elementor-element elementor-element-50e57704 elementor-widget elementor-widget-image\" data-id=\"50e57704\" data-element_type=\"widget\" data-widget_type=\"image.default\">\n\t\t\t\t<div class=\"elementor-widget-container\">\n\t\t\t<style>\/*! elementor - v3.23.0 - 05-08-2024 *\/\n.elementor-widget-image{text-align:center}.elementor-widget-image a{display:inline-block}.elementor-widget-image a img[src$=\".svg\"]{width:48px}.elementor-widget-image img{vertical-align:middle;display:inline-block}<\/style>\t\t\t\t\t\t\t\t\t\t<img decoding=\"async\" src=\"https:\/\/maelyneevolution.com\/wp-content\/uploads\/elementor\/thumbs\/s_dvd-pgz2mb9gbmdhrn1xg6437r0a5yf5x8fkzkjvkwu0w0.jpg\" title=\"s_dvd\" alt=\"s_dvd\" loading=\"lazy\" \/>\t\t\t\t\t\t\t\t\t\t\t\t\t<\/div>\n\t\t\t\t<\/div>\n\t\t\t\t\t<\/div>\n\t\t<\/div>\n\t\t\t\t<div class=\"elementor-column elementor-col-50 elementor-top-column elementor-element elementor-element-508890db\" data-id=\"508890db\" data-element_type=\"column\" data-settings=\"{&quot;background_background&quot;:&quot;classic&quot;}\">\n\t\t\t<div class=\"elementor-widget-wrap elementor-element-populated\">\n\t\t\t\t\t\t<div class=\"elementor-element elementor-element-65dcad00 elementor-widget elementor-widget-heading\" data-id=\"65dcad00\" data-element_type=\"widget\" data-widget_type=\"heading.default\">\n\t\t\t\t<div class=\"elementor-widget-container\">\n\t\t\t<style>\/*! elementor - v3.23.0 - 05-08-2024 *\/\n.elementor-heading-title{padding:0;margin:0;line-height:1}.elementor-widget-heading .elementor-heading-title[class*=elementor-size-]>a{color:inherit;font-size:inherit;line-height:inherit}.elementor-widget-heading .elementor-heading-title.elementor-size-small{font-size:15px}.elementor-widget-heading .elementor-heading-title.elementor-size-medium{font-size:19px}.elementor-widget-heading .elementor-heading-title.elementor-size-large{font-size:29px}.elementor-widget-heading .elementor-heading-title.elementor-size-xl{font-size:39px}.elementor-widget-heading .elementor-heading-title.elementor-size-xxl{font-size:59px}<\/style><h2 class=\"elementor-heading-title elementor-size-default\">La cl\u00e9 USB ou le double DVD du cours complet<\/h2>\t\t<\/div>\n\t\t\t\t<\/div>\n\t\t\t\t<div class=\"elementor-element elementor-element-c5ac7d5 elementor-widget elementor-widget-text-editor\" data-id=\"c5ac7d5\" data-element_type=\"widget\" data-widget_type=\"text-editor.default\">\n\t\t\t\t<div class=\"elementor-widget-container\">\n\t\t\t\t\t\t\t<ul>\n<li>Boitier deux DVD<\/li>\n<li>Les 39 vid\u00e9os du cours<\/li>\n<li>La vid\u00e9o du protocole complet (1h)<\/li>\n<li>4 cahiers PDF<\/li>\n<li>QCM Corrig\u00e9<\/li>\n<\/ul>\n<div>&nbsp;<\/div>\n<div><strong>Prix promo r\u00e9serv\u00e9 aux \u00e9l\u00e8ves : 65,90 \u20ac <\/strong><em>soit 67% de remise<\/em><\/div>\t\t\t\t\t\t<\/div>\n\t\t\t\t<\/div>\n\t\t\t\t<div class=\"elementor-element elementor-element-ae0642b elementor-widget elementor-widget-text-editor\" data-id=\"ae0642b\" data-element_type=\"widget\" data-widget_type=\"text-editor.default\">\n\t\t\t\t<div class=\"elementor-widget-container\">\n\t\t\t\t\t\t\t<p>(+ 4,50 \u20ac de frais de port)<\/p>\t\t\t\t\t\t<\/div>\n\t\t\t\t<\/div>\n\t\t\t\t<div class=\"elementor-element elementor-element-2031aea8 elementor-widget elementor-widget-html\" data-id=\"2031aea8\" data-element_type=\"widget\" data-widget_type=\"html.default\">\n\t\t\t\t<div class=\"elementor-widget-container\">\n\t\t\t<form action=\"https:\/\/www.paypal.com\/cgi-bin\/webscr\" method=\"post\" target=\"_top\">\r\n<input type=\"hidden\" name=\"cmd\" value=\"_s-xclick\">\r\n<input type=\"hidden\" name=\"hosted_button_id\" value=\"WS74CHXH4864Y\">\r\n<table>\r\n<tr><td><input type=\"hidden\" name=\"on0\" value=\"Choisissez votre version :\">Choisissez votre version :<\/td><\/tr><tr><td><select name=\"os0\">\r\n\t<option value=\"Cl\u00e9 USB\">Cl\u00e9 USB <\/option>\r\n\t<option value=\"Double DVD\">Double DVD <\/option>\r\n<\/select> <\/td><\/tr>\r\n<\/table>\r\n<input type=\"image\" src=\"https:\/\/maelyneevolution.com\/images\/boutonpaysmall.gif\" border=\"0\" name=\"submit\" alt=\"PayPal, le r\u00e9flexe s\u00e9curit\u00e9 pour payer en ligne\">\r\n<img decoding=\"async\" alt=\"\" border=\"0\" src=\"https:\/\/www.paypalobjects.com\/fr_FR\/i\/scr\/pixel.gif\" width=\"1\" height=\"1\">\r\n<\/form>\t\t<\/div>\n\t\t\t\t<\/div>\n\t\t\t\t\t<\/div>\n\t\t<\/div>\n\t\t\t\t\t<\/div>\n\t\t<\/section>\n\t\t\t\t<section class=\"elementor-section elementor-top-section elementor-element elementor-element-16f42575 elementor-section-boxed elementor-section-height-default elementor-section-height-default\" data-id=\"16f42575\" data-element_type=\"section\">\n\t\t\t\t\t\t<div class=\"elementor-container elementor-column-gap-default\">\n\t\t\t\t\t<div class=\"elementor-column elementor-col-50 elementor-top-column elementor-element elementor-element-6d5b2e1a\" data-id=\"6d5b2e1a\" data-element_type=\"column\" data-settings=\"{&quot;background_background&quot;:&quot;classic&quot;}\">\n\t\t\t<div class=\"elementor-widget-wrap elementor-element-populated\">\n\t\t\t\t\t\t<div class=\"elementor-element elementor-element-733d106d elementor-widget elementor-widget-image\" data-id=\"733d106d\" data-element_type=\"widget\" data-widget_type=\"image.default\">\n\t\t\t\t<div class=\"elementor-widget-container\">\n\t\t\t\t\t\t\t\t\t\t\t\t\t<img decoding=\"async\" src=\"https:\/\/maelyneevolution.com\/wp-content\/uploads\/elementor\/thumbs\/s_mp4-pgz2m1v2fa0mjjfkz21titdo83phs9e9ma10s57ym8.jpg\" title=\"s_mp4\" alt=\"s_mp4\" loading=\"lazy\" \/>\t\t\t\t\t\t\t\t\t\t\t\t\t<\/div>\n\t\t\t\t<\/div>\n\t\t\t\t\t<\/div>\n\t\t<\/div>\n\t\t\t\t<div class=\"elementor-column elementor-col-50 elementor-top-column elementor-element elementor-element-1fdc4a5c\" data-id=\"1fdc4a5c\" data-element_type=\"column\" data-settings=\"{&quot;background_background&quot;:&quot;classic&quot;}\">\n\t\t\t<div class=\"elementor-widget-wrap elementor-element-populated\">\n\t\t\t\t\t\t<div class=\"elementor-element elementor-element-71b9b53e elementor-widget elementor-widget-heading\" data-id=\"71b9b53e\" data-element_type=\"widget\" data-widget_type=\"heading.default\">\n\t\t\t\t<div class=\"elementor-widget-container\">\n\t\t\t<h2 class=\"elementor-heading-title elementor-size-default\">La vid\u00e9o de la s\u00e9ance compl\u00e8te<\/h2>\t\t<\/div>\n\t\t\t\t<\/div>\n\t\t\t\t<div class=\"elementor-element elementor-element-690fba04 elementor-widget elementor-widget-text-editor\" data-id=\"690fba04\" data-element_type=\"widget\" data-widget_type=\"text-editor.default\">\n\t\t\t\t<div class=\"elementor-widget-container\">\n\t\t\t\t\t\t\t<ul><li><span style=\"background-color: transparent; color: var( --e-global-color-text );\">Dur\u00e9e : une heure<\/span><\/li><li><span style=\"background-color: transparent; color: var( --e-global-color-text );\">Format <strong>MP4<\/strong><\/span><\/li><li>Compatible tous smartphones<\/li><li>Compatible Tablettes<\/li><li>Compatible PC \/ Mac<\/li><\/ul><div>\u00a0<\/div><div><strong>Article r\u00e9serv\u00e9 aux \u00e9l\u00e8ves : 32 \u20ac\u00a0<\/strong><\/div>\t\t\t\t\t\t<\/div>\n\t\t\t\t<\/div>\n\t\t\t\t<div class=\"elementor-element elementor-element-6a04c3ce elementor-widget elementor-widget-text-editor\" data-id=\"6a04c3ce\" data-element_type=\"widget\" data-widget_type=\"text-editor.default\">\n\t\t\t\t<div class=\"elementor-widget-container\">\n\t\t\t\t\t\t\t<p>(vous recevrez un lien de t\u00e9l\u00e9chargement)<\/p>\t\t\t\t\t\t<\/div>\n\t\t\t\t<\/div>\n\t\t\t\t<div class=\"elementor-element elementor-element-418fcccc elementor-widget elementor-widget-html\" data-id=\"418fcccc\" data-element_type=\"widget\" data-widget_type=\"html.default\">\n\t\t\t\t<div class=\"elementor-widget-container\">\n\t\t\t<form action=\"https:\/\/www.paypal.com\/cgi-bin\/webscr\" method=\"post\" target=\"_top\">\r\n<input type=\"hidden\" name=\"cmd\" value=\"_s-xclick\">\r\n<input type=\"hidden\" name=\"hosted_button_id\" value=\"EX6QEUHJYRJX8\">\r\n<input type=\"image\" src=\"https:\/\/maelyneevolution.com\/images\/boutonpaysmall.gif\" border=\"0\" name=\"submit\" alt=\"PayPal, le r\u00e9flexe s\u00e9curit\u00e9 pour payer en ligne\">\r\n<img decoding=\"async\" alt=\"\" border=\"0\" src=\"https:\/\/www.paypalobjects.com\/fr_FR\/i\/scr\/pixel.gif\" width=\"1\" height=\"1\">\r\n<\/form>\t\t<\/div>\n\t\t\t\t<\/div>\n\t\t\t\t\t<\/div>\n\t\t<\/div>\n\t\t\t\t\t<\/div>\n\t\t<\/section>\n\t\t\t\t<section class=\"elementor-section elementor-top-section elementor-element elementor-element-291c0b9 elementor-section-boxed elementor-section-height-default elementor-section-height-default\" data-id=\"291c0b9\" data-element_type=\"section\">\n\t\t\t\t\t\t<div class=\"elementor-container elementor-column-gap-default\">\n\t\t\t\t\t<div class=\"elementor-column elementor-col-100 elementor-top-column elementor-element elementor-element-a65dc3b\" data-id=\"a65dc3b\" data-element_type=\"column\">\n\t\t\t<div class=\"elementor-widget-wrap\">\n\t\t\t\t\t\t\t<\/div>\n\t\t<\/div>\n\t\t\t\t\t<\/div>\n\t\t<\/section>\n\t\t\t\t<\/div>\n\t\t","protected":false},"excerpt":{"rendered":"<p>Vid\u00e9os du cours Shiatsu D\u00e9tente Page promotionnelle sp\u00e9ciale r\u00e9serv\u00e9e aux \u00e9l\u00e8ves Vous venez de suivre notre session d&rsquo;e-learning en Shiatsu D\u00e9tente. Vous avez s\u00fbrement h\u00e2te de mettre en pratique vos nouvelles connaissances et dans cette optique vous auriez aim\u00e9 pouvoir conserver les vid\u00e9os de notre formation. Pour des raisons de droits autant que de choix [&hellip;]<\/p>\n","protected":false},"author":1,"featured_media":0,"parent":0,"menu_order":0,"comment_status":"closed","ping_status":"closed","template":"","meta":{"_seopress_robots_primary_cat":"","_seopress_titles_title":"","_seopress_titles_desc":"","_seopress_robots_index":"","_monsterinsights_skip_tracking":false,"_monsterinsights_sitenote_active":false,"_monsterinsights_sitenote_note":"","_monsterinsights_sitenote_category":0},"_links":{"self":[{"href":"https:\/\/maelyneevolution.com\/index.php\/wp-json\/wp\/v2\/pages\/3222"}],"collection":[{"href":"https:\/\/maelyneevolution.com\/index.php\/wp-json\/wp\/v2\/pages"}],"about":[{"href":"https:\/\/maelyneevolution.com\/index.php\/wp-json\/wp\/v2\/types\/page"}],"author":[{"embeddable":true,"href":"https:\/\/maelyneevolution.com\/index.php\/wp-json\/wp\/v2\/users\/1"}],"replies":[{"embeddable":true,"href":"https:\/\/maelyneevolution.com\/index.php\/wp-json\/wp\/v2\/comments?post=3222"}],"version-history":[{"count":15,"href":"https:\/\/maelyneevolution.com\/index.php\/wp-json\/wp\/v2\/pages\/3222\/revisions"}],"predecessor-version":[{"id":6885,"href":"https:\/\/maelyneevolution.com\/index.php\/wp-json\/wp\/v2\/pages\/3222\/revisions\/6885"}],"wp:attachment":[{"href":"https:\/\/maelyneevolution.com\/index.php\/wp-json\/wp\/v2\/media?parent=3222"}],"curies":[{"name":"wp","href":"https:\/\/api.w.org\/{rel}","templated":true}]}}