{"id":3175,"date":"2021-12-05T17:44:02","date_gmt":"2021-12-05T17:44:02","guid":{"rendered":"https:\/\/maelyneevolution.com\/?page_id=3175"},"modified":"2022-08-19T10:09:19","modified_gmt":"2022-08-19T10:09:19","slug":"lt-promovideos","status":"publish","type":"page","link":"https:\/\/maelyneevolution.com\/index.php\/lt-promovideos\/","title":{"rendered":"lt-promovideos"},"content":{"rendered":"\t\t<div data-elementor-type=\"wp-page\" data-elementor-id=\"3175\" class=\"elementor elementor-3175\">\n\t\t\t\t\t\t<section class=\"elementor-section elementor-top-section elementor-element elementor-element-256a3337 elementor-section-boxed elementor-section-height-default elementor-section-height-default\" data-id=\"256a3337\" data-element_type=\"section\">\n\t\t\t\t\t\t<div class=\"elementor-container elementor-column-gap-default\">\n\t\t\t\t\t<div class=\"elementor-column elementor-col-100 elementor-top-column elementor-element elementor-element-ab9589b\" data-id=\"ab9589b\" data-element_type=\"column\" data-settings=\"{&quot;background_background&quot;:&quot;classic&quot;}\">\n\t\t\t<div class=\"elementor-widget-wrap elementor-element-populated\">\n\t\t\t\t\t\t<div class=\"elementor-element elementor-element-6ddc5897 eael-dual-header-content-align-center elementor-widget elementor-widget-eael-dual-color-header\" data-id=\"6ddc5897\" data-element_type=\"widget\" data-widget_type=\"eael-dual-color-header.default\">\n\t\t\t\t<div class=\"elementor-widget-container\">\n\t\t\t\t\t\t<div class=\"eael-dual-header\">\n\t\t\t\t<h2 class=\"title eael-dch-title\"><span class=\"eael-dch-title-text eael-dch-title-lead lead solid-color\">Vid\u00e9os du cours <\/span> <span class=\"eael-dch-title-text\">Lithoth\u00e9rapie<\/span><\/h2>\t\t\t\t\t<span class=\"subtext\"><p>Page promotionnelle sp\u00e9ciale r\u00e9serv\u00e9e aux \u00e9l\u00e8ves<\/p><\/span>\n\t\t\t\t\t\t\t\t\t<span class=\"eael-dch-svg-icon\"><i aria-hidden=\"true\" class=\"fas fa-photo-video\"><\/i><\/span>\t\t\t\t\t\t\t<\/div>\n\n\t\t\t\t<\/div>\n\t\t\t\t<\/div>\n\t\t\t\t<div class=\"elementor-element elementor-element-4fa39225 elementor-widget elementor-widget-text-editor\" data-id=\"4fa39225\" data-element_type=\"widget\" data-widget_type=\"text-editor.default\">\n\t\t\t\t<div class=\"elementor-widget-container\">\n\t\t\t<style>\/*! elementor - v3.23.0 - 05-08-2024 *\/\n.elementor-widget-text-editor.elementor-drop-cap-view-stacked .elementor-drop-cap{background-color:#69727d;color:#fff}.elementor-widget-text-editor.elementor-drop-cap-view-framed .elementor-drop-cap{color:#69727d;border:3px solid;background-color:transparent}.elementor-widget-text-editor:not(.elementor-drop-cap-view-default) .elementor-drop-cap{margin-top:8px}.elementor-widget-text-editor:not(.elementor-drop-cap-view-default) .elementor-drop-cap-letter{width:1em;height:1em}.elementor-widget-text-editor .elementor-drop-cap{float:left;text-align:center;line-height:1;font-size:50px}.elementor-widget-text-editor .elementor-drop-cap-letter{display:inline-block}<\/style>\t\t\t\t<p>Vous venez de suivre notre initiation en <strong>Lithoth\u00e9rapie<\/strong>.<\/p>\n<p>Vous avez s\u00fbrement h\u00e2te de mettre en pratique vos nouvelles connaissances et dans cette optique vous auriez aim\u00e9 pouvoir <strong>conserver les vid\u00e9os<\/strong> de notre formation. Pour des raisons de droits autant que de choix techniques, vous ne pouvez pas t\u00e9l\u00e9charger ces films.<\/p>\n<p>C&rsquo;est pourquoi nous vous proposons d&rsquo;acqu\u00e9rir ces vid\u00e9os en haute qualit\u00e9 sous forme de DVD ou de cl\u00e9 USB :<\/p>\t\t\t\t\t\t<\/div>\n\t\t\t\t<\/div>\n\t\t\t\t\t<\/div>\n\t\t<\/div>\n\t\t\t\t\t<\/div>\n\t\t<\/section>\n\t\t\t\t<section class=\"elementor-section elementor-top-section elementor-element elementor-element-795bb49e elementor-section-boxed elementor-section-height-default elementor-section-height-default\" data-id=\"795bb49e\" data-element_type=\"section\">\n\t\t\t\t\t\t<div class=\"elementor-container elementor-column-gap-default\">\n\t\t\t\t\t<div class=\"elementor-column elementor-col-50 elementor-top-column elementor-element elementor-element-c741e0b\" data-id=\"c741e0b\" data-element_type=\"column\" data-settings=\"{&quot;background_background&quot;:&quot;classic&quot;}\">\n\t\t\t<div class=\"elementor-widget-wrap elementor-element-populated\">\n\t\t\t\t\t\t<div class=\"elementor-element elementor-element-2c789f34 elementor-widget elementor-widget-image\" data-id=\"2c789f34\" data-element_type=\"widget\" data-widget_type=\"image.default\">\n\t\t\t\t<div class=\"elementor-widget-container\">\n\t\t\t<style>\/*! elementor - v3.23.0 - 05-08-2024 *\/\n.elementor-widget-image{text-align:center}.elementor-widget-image a{display:inline-block}.elementor-widget-image a img[src$=\".svg\"]{width:48px}.elementor-widget-image img{vertical-align:middle;display:inline-block}<\/style>\t\t\t\t\t\t\t\t\t\t<img decoding=\"async\" src=\"https:\/\/maelyneevolution.com\/wp-content\/uploads\/elementor\/thumbs\/l_dvd-pgz2mc7aiges390kaoips8rqrcaj4xjbbp7d26smps.jpg\" title=\"l_dvd\" alt=\"l_dvd\" loading=\"lazy\" \/>\t\t\t\t\t\t\t\t\t\t\t\t\t<\/div>\n\t\t\t\t<\/div>\n\t\t\t\t\t<\/div>\n\t\t<\/div>\n\t\t\t\t<div class=\"elementor-column elementor-col-50 elementor-top-column elementor-element elementor-element-1635f9ed\" data-id=\"1635f9ed\" data-element_type=\"column\" data-settings=\"{&quot;background_background&quot;:&quot;classic&quot;}\">\n\t\t\t<div class=\"elementor-widget-wrap elementor-element-populated\">\n\t\t\t\t\t\t<div class=\"elementor-element elementor-element-617e9a7c elementor-widget elementor-widget-heading\" data-id=\"617e9a7c\" data-element_type=\"widget\" data-widget_type=\"heading.default\">\n\t\t\t\t<div class=\"elementor-widget-container\">\n\t\t\t<style>\/*! elementor - v3.23.0 - 05-08-2024 *\/\n.elementor-heading-title{padding:0;margin:0;line-height:1}.elementor-widget-heading .elementor-heading-title[class*=elementor-size-]>a{color:inherit;font-size:inherit;line-height:inherit}.elementor-widget-heading .elementor-heading-title.elementor-size-small{font-size:15px}.elementor-widget-heading .elementor-heading-title.elementor-size-medium{font-size:19px}.elementor-widget-heading .elementor-heading-title.elementor-size-large{font-size:29px}.elementor-widget-heading .elementor-heading-title.elementor-size-xl{font-size:39px}.elementor-widget-heading .elementor-heading-title.elementor-size-xxl{font-size:59px}<\/style><h2 class=\"elementor-heading-title elementor-size-default\">La cl\u00e9 USB ou le double DVD du cours complet<\/h2>\t\t<\/div>\n\t\t\t\t<\/div>\n\t\t\t\t<div class=\"elementor-element elementor-element-25051147 elementor-widget elementor-widget-text-editor\" data-id=\"25051147\" data-element_type=\"widget\" data-widget_type=\"text-editor.default\">\n\t\t\t\t<div class=\"elementor-widget-container\">\n\t\t\t\t\t\t\t<ul><li>Boitier deux DVD<\/li><li>Les 30 vid\u00e9os du cours<\/li><li>La m\u00e9ditation MP3<\/li><li>Le Cahier PDF (dossier PDF sur le disque 2)<\/li><li>Le QCM Corrig\u00e9<\/li><li><strong>Cadeau : Le Calculateur de chemin de vie !<\/strong><\/li><\/ul><div>\u00a0<\/div><div><strong>Prix promo r\u00e9serv\u00e9 aux \u00e9l\u00e8ves : 65,90 \u20ac <\/strong><em>soit 67% de remise<\/em><\/div>\t\t\t\t\t\t<\/div>\n\t\t\t\t<\/div>\n\t\t\t\t<div class=\"elementor-element elementor-element-421cab9a elementor-widget elementor-widget-text-editor\" data-id=\"421cab9a\" data-element_type=\"widget\" data-widget_type=\"text-editor.default\">\n\t\t\t\t<div class=\"elementor-widget-container\">\n\t\t\t\t\t\t\t<p>(+ 4,50 \u20ac de frais de port)<\/p>\t\t\t\t\t\t<\/div>\n\t\t\t\t<\/div>\n\t\t\t\t<div class=\"elementor-element elementor-element-402096a0 elementor-widget elementor-widget-html\" data-id=\"402096a0\" data-element_type=\"widget\" data-widget_type=\"html.default\">\n\t\t\t\t<div class=\"elementor-widget-container\">\n\t\t\t<form action=\"https:\/\/www.paypal.com\/cgi-bin\/webscr\" method=\"post\" target=\"_top\">\r\n<input type=\"hidden\" name=\"cmd\" value=\"_s-xclick\">\r\n<input type=\"hidden\" name=\"hosted_button_id\" value=\"8FKKNP345SVAE\">\r\n<table>\r\n<tr><td><input type=\"hidden\" name=\"on0\" value=\"Choisissez votre version :\">Choisissez votre version :<\/td><\/tr><tr><td><select name=\"os0\">\r\n\t<option value=\"Cl\u00e9 USB\">Cl\u00e9 USB <\/option>\r\n\t<option value=\"Double DVD\">Double DVD <\/option>\r\n<\/select> <\/td><\/tr>\r\n<\/table>\r\n<input type=\"image\" src=\"https:\/\/maelyneevolution.com\/images\/boutonpaysmall.gif\" border=\"0\" name=\"submit\" alt=\"PayPal, le r\u00e9flexe s\u00e9curit\u00e9 pour payer en ligne\">\r\n<img decoding=\"async\" alt=\"\" border=\"0\" src=\"https:\/\/www.paypalobjects.com\/fr_FR\/i\/scr\/pixel.gif\" width=\"1\" height=\"1\">\r\n<\/form>\r\n\t\t<\/div>\n\t\t\t\t<\/div>\n\t\t\t\t\t<\/div>\n\t\t<\/div>\n\t\t\t\t\t<\/div>\n\t\t<\/section>\n\t\t\t\t<\/div>\n\t\t","protected":false},"excerpt":{"rendered":"<p>Vid\u00e9os du cours Lithoth\u00e9rapie Page promotionnelle sp\u00e9ciale r\u00e9serv\u00e9e aux \u00e9l\u00e8ves Vous venez de suivre notre initiation en Lithoth\u00e9rapie. Vous avez s\u00fbrement h\u00e2te de mettre en pratique vos nouvelles connaissances et dans cette optique vous auriez aim\u00e9 pouvoir conserver les vid\u00e9os de notre formation. Pour des raisons de droits autant que de choix techniques, vous ne [&hellip;]<\/p>\n","protected":false},"author":1,"featured_media":0,"parent":0,"menu_order":0,"comment_status":"closed","ping_status":"closed","template":"","meta":{"_seopress_robots_primary_cat":"","_seopress_titles_title":"","_seopress_titles_desc":"","_seopress_robots_index":"","_monsterinsights_skip_tracking":false,"_monsterinsights_sitenote_active":false,"_monsterinsights_sitenote_note":"","_monsterinsights_sitenote_category":0},"_links":{"self":[{"href":"https:\/\/maelyneevolution.com\/index.php\/wp-json\/wp\/v2\/pages\/3175"}],"collection":[{"href":"https:\/\/maelyneevolution.com\/index.php\/wp-json\/wp\/v2\/pages"}],"about":[{"href":"https:\/\/maelyneevolution.com\/index.php\/wp-json\/wp\/v2\/types\/page"}],"author":[{"embeddable":true,"href":"https:\/\/maelyneevolution.com\/index.php\/wp-json\/wp\/v2\/users\/1"}],"replies":[{"embeddable":true,"href":"https:\/\/maelyneevolution.com\/index.php\/wp-json\/wp\/v2\/comments?post=3175"}],"version-history":[{"count":19,"href":"https:\/\/maelyneevolution.com\/index.php\/wp-json\/wp\/v2\/pages\/3175\/revisions"}],"predecessor-version":[{"id":6866,"href":"https:\/\/maelyneevolution.com\/index.php\/wp-json\/wp\/v2\/pages\/3175\/revisions\/6866"}],"wp:attachment":[{"href":"https:\/\/maelyneevolution.com\/index.php\/wp-json\/wp\/v2\/media?parent=3175"}],"curies":[{"name":"wp","href":"https:\/\/api.w.org\/{rel}","templated":true}]}}