{"id":2945,"date":"2021-12-04T18:12:59","date_gmt":"2021-12-04T18:12:59","guid":{"rendered":"https:\/\/maelyneevolution.com\/?page_id=2945"},"modified":"2023-07-15T08:49:13","modified_gmt":"2023-07-15T08:49:13","slug":"hc-promovideos","status":"publish","type":"page","link":"https:\/\/maelyneevolution.com\/index.php\/hc-promovideos\/","title":{"rendered":"hc-promovideos"},"content":{"rendered":"\t\t<div data-elementor-type=\"wp-page\" data-elementor-id=\"2945\" class=\"elementor elementor-2945\">\n\t\t\t\t\t\t<section class=\"elementor-section elementor-top-section elementor-element elementor-element-658fcf5b elementor-section-boxed elementor-section-height-default elementor-section-height-default\" data-id=\"658fcf5b\" data-element_type=\"section\">\n\t\t\t\t\t\t<div class=\"elementor-container elementor-column-gap-default\">\n\t\t\t\t\t<div class=\"elementor-column elementor-col-100 elementor-top-column elementor-element elementor-element-5787984d\" data-id=\"5787984d\" data-element_type=\"column\" data-settings=\"{&quot;background_background&quot;:&quot;classic&quot;}\">\n\t\t\t<div class=\"elementor-widget-wrap elementor-element-populated\">\n\t\t\t\t\t\t<div class=\"elementor-element elementor-element-3567078b eael-dual-header-content-align-center elementor-widget elementor-widget-eael-dual-color-header\" data-id=\"3567078b\" data-element_type=\"widget\" data-widget_type=\"eael-dual-color-header.default\">\n\t\t\t\t<div class=\"elementor-widget-container\">\n\t\t\t\t\t\t<div class=\"eael-dual-header\">\n\t\t\t\t<h2 class=\"title eael-dch-title\"><span class=\"eael-dch-title-text eael-dch-title-lead lead solid-color\">Vid\u00e9os du cours <\/span> <span class=\"eael-dch-title-text\">Massage \u00e0 l'huile chaude<\/span><\/h2>\t\t\t\t\t<span class=\"subtext\"><p>Page promotionnelle sp\u00e9ciale r\u00e9serv\u00e9e aux \u00e9l\u00e8ves<\/p><\/span>\n\t\t\t\t\t\t\t\t\t<span class=\"eael-dch-svg-icon\"><i aria-hidden=\"true\" class=\"fas fa-photo-video\"><\/i><\/span>\t\t\t\t\t\t\t<\/div>\n\n\t\t\t\t<\/div>\n\t\t\t\t<\/div>\n\t\t\t\t<div class=\"elementor-element elementor-element-69d88bae elementor-widget elementor-widget-text-editor\" data-id=\"69d88bae\" data-element_type=\"widget\" data-widget_type=\"text-editor.default\">\n\t\t\t\t<div class=\"elementor-widget-container\">\n\t\t\t<style>\/*! elementor - v3.23.0 - 05-08-2024 *\/\n.elementor-widget-text-editor.elementor-drop-cap-view-stacked .elementor-drop-cap{background-color:#69727d;color:#fff}.elementor-widget-text-editor.elementor-drop-cap-view-framed .elementor-drop-cap{color:#69727d;border:3px solid;background-color:transparent}.elementor-widget-text-editor:not(.elementor-drop-cap-view-default) .elementor-drop-cap{margin-top:8px}.elementor-widget-text-editor:not(.elementor-drop-cap-view-default) .elementor-drop-cap-letter{width:1em;height:1em}.elementor-widget-text-editor .elementor-drop-cap{float:left;text-align:center;line-height:1;font-size:50px}.elementor-widget-text-editor .elementor-drop-cap-letter{display:inline-block}<\/style>\t\t\t\t<p>Vous venez de suivre notre session d&rsquo;e-learning en <strong>Massage ayurv\u00e9dique \u00e0 l&rsquo;huile chaude.<\/strong><\/p><p>Vous avez s\u00fbrement h\u00e2te de mettre en pratique vos nouvelles connaissances et dans cette optique vous auriez aim\u00e9 pouvoir <strong>conserver les vid\u00e9os<\/strong> de notre formation. Pour des raisons de droits autant que de choix techniques, vous ne pouvez pas t\u00e9l\u00e9charger ces films.<\/p><p>C&rsquo;est pourquoi nous vous proposons d&rsquo;acqu\u00e9rir ces vid\u00e9os sous deux formes au choix, \u00e0 des tarifs tr\u00e8s accessibles :<\/p>\t\t\t\t\t\t<\/div>\n\t\t\t\t<\/div>\n\t\t\t\t\t<\/div>\n\t\t<\/div>\n\t\t\t\t\t<\/div>\n\t\t<\/section>\n\t\t\t\t<section class=\"elementor-section elementor-top-section elementor-element elementor-element-55ca0004 elementor-section-boxed elementor-section-height-default elementor-section-height-default\" data-id=\"55ca0004\" data-element_type=\"section\">\n\t\t\t\t\t\t<div class=\"elementor-container elementor-column-gap-default\">\n\t\t\t\t\t<div class=\"elementor-column elementor-col-50 elementor-top-column elementor-element elementor-element-5dc57938\" data-id=\"5dc57938\" data-element_type=\"column\" data-settings=\"{&quot;background_background&quot;:&quot;classic&quot;}\">\n\t\t\t<div class=\"elementor-widget-wrap elementor-element-populated\">\n\t\t\t\t\t\t<div class=\"elementor-element elementor-element-1252c17a elementor-widget elementor-widget-image\" data-id=\"1252c17a\" data-element_type=\"widget\" data-widget_type=\"image.default\">\n\t\t\t\t<div class=\"elementor-widget-container\">\n\t\t\t<style>\/*! elementor - v3.23.0 - 05-08-2024 *\/\n.elementor-widget-image{text-align:center}.elementor-widget-image a{display:inline-block}.elementor-widget-image a img[src$=\".svg\"]{width:48px}.elementor-widget-image img{vertical-align:middle;display:inline-block}<\/style>\t\t\t\t\t\t\t\t\t\t<img decoding=\"async\" src=\"https:\/\/maelyneevolution.com\/wp-content\/uploads\/elementor\/thumbs\/h_dvd-pgz2md54pag2euz756xccqj7cq5wcmn1ntuujgr8jk.jpg\" title=\"h_dvd\" alt=\"h_dvd\" loading=\"lazy\" \/>\t\t\t\t\t\t\t\t\t\t\t\t\t<\/div>\n\t\t\t\t<\/div>\n\t\t\t\t\t<\/div>\n\t\t<\/div>\n\t\t\t\t<div class=\"elementor-column elementor-col-50 elementor-top-column elementor-element elementor-element-429da607\" data-id=\"429da607\" data-element_type=\"column\" data-settings=\"{&quot;background_background&quot;:&quot;classic&quot;}\">\n\t\t\t<div class=\"elementor-widget-wrap elementor-element-populated\">\n\t\t\t\t\t\t<div class=\"elementor-element elementor-element-5347f424 elementor-widget elementor-widget-heading\" data-id=\"5347f424\" data-element_type=\"widget\" data-widget_type=\"heading.default\">\n\t\t\t\t<div class=\"elementor-widget-container\">\n\t\t\t<style>\/*! elementor - v3.23.0 - 05-08-2024 *\/\n.elementor-heading-title{padding:0;margin:0;line-height:1}.elementor-widget-heading .elementor-heading-title[class*=elementor-size-]>a{color:inherit;font-size:inherit;line-height:inherit}.elementor-widget-heading .elementor-heading-title.elementor-size-small{font-size:15px}.elementor-widget-heading .elementor-heading-title.elementor-size-medium{font-size:19px}.elementor-widget-heading .elementor-heading-title.elementor-size-large{font-size:29px}.elementor-widget-heading .elementor-heading-title.elementor-size-xl{font-size:39px}.elementor-widget-heading .elementor-heading-title.elementor-size-xxl{font-size:59px}<\/style><h2 class=\"elementor-heading-title elementor-size-default\">La cl\u00e9 USB ou le DVD du cours complet<\/h2>\t\t<\/div>\n\t\t\t\t<\/div>\n\t\t\t\t<div class=\"elementor-element elementor-element-1371eedf elementor-widget elementor-widget-text-editor\" data-id=\"1371eedf\" data-element_type=\"widget\" data-widget_type=\"text-editor.default\">\n\t\t\t\t<div class=\"elementor-widget-container\">\n\t\t\t\t\t\t\t<ul><li><span style=\"background-color: transparent; color: var( --e-global-color-text );\">Les 11 vid\u00e9os du cours<\/span><\/li><li>La vid\u00e9o du protocole complet (1h)<\/li><li>2 cahiers PDF (dossier PDF sur le disque)<br \/>\u00a0<\/li><\/ul><div><strong>Prix promo r\u00e9serv\u00e9 aux \u00e9l\u00e8ves : 65,90 \u20ac <\/strong><em>soit 67% de remise<\/em><\/div>\t\t\t\t\t\t<\/div>\n\t\t\t\t<\/div>\n\t\t\t\t<div class=\"elementor-element elementor-element-72350f63 elementor-widget elementor-widget-text-editor\" data-id=\"72350f63\" data-element_type=\"widget\" data-widget_type=\"text-editor.default\">\n\t\t\t\t<div class=\"elementor-widget-container\">\n\t\t\t\t\t\t\t<p>(+ 4,50 \u20ac de frais de port)<\/p>\t\t\t\t\t\t<\/div>\n\t\t\t\t<\/div>\n\t\t\t\t<div class=\"elementor-element elementor-element-5c35e610 elementor-widget elementor-widget-html\" data-id=\"5c35e610\" data-element_type=\"widget\" data-widget_type=\"html.default\">\n\t\t\t\t<div class=\"elementor-widget-container\">\n\t\t\t<form action=\"https:\/\/www.paypal.com\/cgi-bin\/webscr\" method=\"post\" target=\"_top\">\r\n<input type=\"hidden\" name=\"cmd\" value=\"_s-xclick\">\r\n<input type=\"hidden\" name=\"hosted_button_id\" value=\"YNGVNCPDRWZJ2\">\r\n<table>\r\n<tr><td><input type=\"hidden\" name=\"on0\" value=\"Choisissez votre version :\">Choisissez votre version :<\/td><\/tr><tr><td><select name=\"os0\">\r\n\t<option value=\"Cl\u00e9 USB\">Cl\u00e9 USB <\/option>\r\n\t<option value=\"DVD\">DVD <\/option>\r\n<\/select> <\/td><\/tr>\r\n<\/table>\r\n<input type=\"image\" src=\"https:\/\/maelyneevolution.com\/images\/boutonpaysmall.gif\" border=\"0\" name=\"submit\" alt=\"PayPal, le r\u00e9flexe s\u00e9curit\u00e9 pour payer en ligne\">\r\n<img decoding=\"async\" alt=\"\" border=\"0\" src=\"https:\/\/www.paypalobjects.com\/fr_FR\/i\/scr\/pixel.gif\" width=\"1\" height=\"1\">\r\n<\/form>\r\n\t\t<\/div>\n\t\t\t\t<\/div>\n\t\t\t\t<div class=\"elementor-element elementor-element-6cd091b elementor-widget elementor-widget-text-editor\" data-id=\"6cd091b\" data-element_type=\"widget\" data-widget_type=\"text-editor.default\">\n\t\t\t\t<div class=\"elementor-widget-container\">\n\t\t\t\t\t\t\t<p>Vous pr\u00e9f\u00e9rez r\u00e9gler par carte ? Vous pouvez utiliser le bouton ci-dessous :<\/p>\t\t\t\t\t\t<\/div>\n\t\t\t\t<\/div>\n\t\t\t\t\t<\/div>\n\t\t<\/div>\n\t\t\t\t\t<\/div>\n\t\t<\/section>\n\t\t\t\t<section class=\"elementor-section elementor-top-section elementor-element elementor-element-4e5ffb48 elementor-section-boxed elementor-section-height-default elementor-section-height-default\" data-id=\"4e5ffb48\" data-element_type=\"section\">\n\t\t\t\t\t\t<div class=\"elementor-container elementor-column-gap-default\">\n\t\t\t\t\t<div class=\"elementor-column elementor-col-50 elementor-top-column elementor-element elementor-element-3eba7248\" data-id=\"3eba7248\" data-element_type=\"column\" data-settings=\"{&quot;background_background&quot;:&quot;classic&quot;}\">\n\t\t\t<div class=\"elementor-widget-wrap elementor-element-populated\">\n\t\t\t\t\t\t<div class=\"elementor-element elementor-element-31e613a6 elementor-widget elementor-widget-image\" data-id=\"31e613a6\" data-element_type=\"widget\" data-widget_type=\"image.default\">\n\t\t\t\t<div class=\"elementor-widget-container\">\n\t\t\t\t\t\t\t\t\t\t\t\t\t<img decoding=\"async\" src=\"https:\/\/maelyneevolution.com\/wp-content\/uploads\/elementor\/thumbs\/hc_mp4-ph141rrijb2ispa6ibhqy6ks7b5g5ds23h3py3co3k.jpg\" title=\"hc_mp4\" alt=\"mp4\" loading=\"lazy\" \/>\t\t\t\t\t\t\t\t\t\t\t\t\t<\/div>\n\t\t\t\t<\/div>\n\t\t\t\t\t<\/div>\n\t\t<\/div>\n\t\t\t\t<div class=\"elementor-column elementor-col-50 elementor-top-column elementor-element elementor-element-5ee9808c\" data-id=\"5ee9808c\" data-element_type=\"column\" data-settings=\"{&quot;background_background&quot;:&quot;classic&quot;}\">\n\t\t\t<div class=\"elementor-widget-wrap elementor-element-populated\">\n\t\t\t\t\t\t<div class=\"elementor-element elementor-element-561ca507 elementor-widget elementor-widget-heading\" data-id=\"561ca507\" data-element_type=\"widget\" data-widget_type=\"heading.default\">\n\t\t\t\t<div class=\"elementor-widget-container\">\n\t\t\t<h2 class=\"elementor-heading-title elementor-size-default\">La vid\u00e9o de la s\u00e9ance compl\u00e8te<\/h2>\t\t<\/div>\n\t\t\t\t<\/div>\n\t\t\t\t<div class=\"elementor-element elementor-element-319b3949 elementor-widget elementor-widget-text-editor\" data-id=\"319b3949\" data-element_type=\"widget\" data-widget_type=\"text-editor.default\">\n\t\t\t\t<div class=\"elementor-widget-container\">\n\t\t\t\t\t\t\t<ul><li><span style=\"background-color: transparent; color: var( --e-global-color-text );\">Format <strong>MP4<\/strong><\/span><\/li><li>Compatible tous smartphones<\/li><li>Compatible Tablettes<\/li><li>Compatible PC \/ Mac<\/li><\/ul><div>\u00a0<\/div><div><strong>Article r\u00e9serv\u00e9 aux \u00e9l\u00e8ves : 32 \u20ac\u00a0<\/strong><\/div>\t\t\t\t\t\t<\/div>\n\t\t\t\t<\/div>\n\t\t\t\t<div class=\"elementor-element elementor-element-15ec0b97 elementor-widget elementor-widget-text-editor\" data-id=\"15ec0b97\" data-element_type=\"widget\" data-widget_type=\"text-editor.default\">\n\t\t\t\t<div class=\"elementor-widget-container\">\n\t\t\t\t\t\t\t<p>(vous recevrez un lien de t\u00e9l\u00e9chargement)<\/p>\t\t\t\t\t\t<\/div>\n\t\t\t\t<\/div>\n\t\t\t\t<div class=\"elementor-element elementor-element-10f0ef13 elementor-widget elementor-widget-html\" data-id=\"10f0ef13\" data-element_type=\"widget\" data-widget_type=\"html.default\">\n\t\t\t\t<div class=\"elementor-widget-container\">\n\t\t\t<form action=\"https:\/\/www.paypal.com\/cgi-bin\/webscr\" method=\"post\" target=\"_top\">\r\n<input type=\"hidden\" name=\"cmd\" value=\"_s-xclick\">\r\n<input type=\"hidden\" name=\"hosted_button_id\" value=\"NN2DDF4EH534U\">\r\n<input type=\"image\" src=\"https:\/\/maelyneevolution.com\/images\/boutonpaysmall.gif\" border=\"0\" name=\"submit\" alt=\"PayPal, le r\u00e9flexe s\u00e9curit\u00e9 pour payer en ligne\">\r\n<img decoding=\"async\" alt=\"\" border=\"0\" src=\"https:\/\/www.paypalobjects.com\/fr_FR\/i\/scr\/pixel.gif\" width=\"1\" height=\"1\">\r\n<\/form>\r\n\t\t<\/div>\n\t\t\t\t<\/div>\n\t\t\t\t<div class=\"elementor-element elementor-element-b1a95ad elementor-widget elementor-widget-text-editor\" data-id=\"b1a95ad\" data-element_type=\"widget\" data-widget_type=\"text-editor.default\">\n\t\t\t\t<div class=\"elementor-widget-container\">\n\t\t\t\t\t\t\t<p>Vous pr\u00e9f\u00e9rez r\u00e9gler par carte ? Vous pouvez utiliser le bouton ci-dessous :<\/p>\t\t\t\t\t\t<\/div>\n\t\t\t\t<\/div>\n\t\t\t\t\t<\/div>\n\t\t<\/div>\n\t\t\t\t\t<\/div>\n\t\t<\/section>\n\t\t\t\t<\/div>\n\t\t","protected":false},"excerpt":{"rendered":"<p>Vid\u00e9os du cours Massage \u00e0 l&#039;huile chaude Page promotionnelle sp\u00e9ciale r\u00e9serv\u00e9e aux \u00e9l\u00e8ves Vous venez de suivre notre session d&rsquo;e-learning en Massage ayurv\u00e9dique \u00e0 l&rsquo;huile chaude. Vous avez s\u00fbrement h\u00e2te de mettre en pratique vos nouvelles connaissances et dans cette optique vous auriez aim\u00e9 pouvoir conserver les vid\u00e9os de notre formation. Pour des raisons de [&hellip;]<\/p>\n","protected":false},"author":1,"featured_media":0,"parent":0,"menu_order":0,"comment_status":"closed","ping_status":"closed","template":"","meta":{"_seopress_robots_primary_cat":"","_seopress_titles_title":"","_seopress_titles_desc":"","_seopress_robots_index":"","_monsterinsights_skip_tracking":false,"_monsterinsights_sitenote_active":false,"_monsterinsights_sitenote_note":"","_monsterinsights_sitenote_category":0},"_links":{"self":[{"href":"https:\/\/maelyneevolution.com\/index.php\/wp-json\/wp\/v2\/pages\/2945"}],"collection":[{"href":"https:\/\/maelyneevolution.com\/index.php\/wp-json\/wp\/v2\/pages"}],"about":[{"href":"https:\/\/maelyneevolution.com\/index.php\/wp-json\/wp\/v2\/types\/page"}],"author":[{"embeddable":true,"href":"https:\/\/maelyneevolution.com\/index.php\/wp-json\/wp\/v2\/users\/1"}],"replies":[{"embeddable":true,"href":"https:\/\/maelyneevolution.com\/index.php\/wp-json\/wp\/v2\/comments?post=2945"}],"version-history":[{"count":34,"href":"https:\/\/maelyneevolution.com\/index.php\/wp-json\/wp\/v2\/pages\/2945\/revisions"}],"predecessor-version":[{"id":10633,"href":"https:\/\/maelyneevolution.com\/index.php\/wp-json\/wp\/v2\/pages\/2945\/revisions\/10633"}],"wp:attachment":[{"href":"https:\/\/maelyneevolution.com\/index.php\/wp-json\/wp\/v2\/media?parent=2945"}],"curies":[{"name":"wp","href":"https:\/\/api.w.org\/{rel}","templated":true}]}}