{"id":2019,"date":"2021-10-28T18:52:07","date_gmt":"2021-10-28T18:52:07","guid":{"rendered":"https:\/\/maelyneevolution.com\/?page_id=2019"},"modified":"2023-10-20T21:39:46","modified_gmt":"2023-10-20T21:39:46","slug":"promoeleves","status":"publish","type":"page","link":"https:\/\/maelyneevolution.com\/index.php\/promoeleves\/","title":{"rendered":"Promo\u00c9l\u00e8ves"},"content":{"rendered":"\t\t<div data-elementor-type=\"wp-page\" data-elementor-id=\"2019\" class=\"elementor elementor-2019\">\n\t\t\t\t\t\t<section class=\"elementor-section elementor-top-section elementor-element elementor-element-6068813 elementor-section-boxed elementor-section-height-default elementor-section-height-default\" data-id=\"6068813\" data-element_type=\"section\">\n\t\t\t\t\t\t<div class=\"elementor-container elementor-column-gap-default\">\n\t\t\t\t\t<div class=\"elementor-column elementor-col-100 elementor-top-column elementor-element elementor-element-a38a7fc\" data-id=\"a38a7fc\" data-element_type=\"column\">\n\t\t\t<div class=\"elementor-widget-wrap elementor-element-populated\">\n\t\t\t\t\t\t<div class=\"elementor-element elementor-element-48cfa17 eael-dual-header-content-align-center elementor-widget elementor-widget-eael-dual-color-header\" data-id=\"48cfa17\" data-element_type=\"widget\" data-widget_type=\"eael-dual-color-header.default\">\n\t\t\t\t<div class=\"elementor-widget-container\">\n\t\t\t\t\t\t<div class=\"eael-dual-header\">\n\t\t\t\t<h2 class=\"title eael-dch-title\"><span class=\"eael-dch-title-text eael-dch-title-lead lead solid-color\">promotion sp\u00e9ciale<\/span> <span class=\"eael-dch-title-text\">VIP<\/span><\/h2>\t\t\t\t\t<span class=\"subtext\"><p>(Un cadeau vous attend !)<\/p><\/span>\n\t\t\t\t\t\t\t\t\t<span class=\"eael-dch-svg-icon\"><i aria-hidden=\"true\" class=\"fas fa-gem\"><\/i><\/span>\t\t\t\t\t\t\t<\/div>\n\n\t\t\t\t<\/div>\n\t\t\t\t<\/div>\n\t\t\t\t<div class=\"elementor-element elementor-element-ea1b994 elementor-widget elementor-widget-text-editor\" data-id=\"ea1b994\" data-element_type=\"widget\" data-widget_type=\"text-editor.default\">\n\t\t\t\t<div class=\"elementor-widget-container\">\n\t\t\t<style>\/*! elementor - v3.23.0 - 05-08-2024 *\/\n.elementor-widget-text-editor.elementor-drop-cap-view-stacked .elementor-drop-cap{background-color:#69727d;color:#fff}.elementor-widget-text-editor.elementor-drop-cap-view-framed .elementor-drop-cap{color:#69727d;border:3px solid;background-color:transparent}.elementor-widget-text-editor:not(.elementor-drop-cap-view-default) .elementor-drop-cap{margin-top:8px}.elementor-widget-text-editor:not(.elementor-drop-cap-view-default) .elementor-drop-cap-letter{width:1em;height:1em}.elementor-widget-text-editor .elementor-drop-cap{float:left;text-align:center;line-height:1;font-size:50px}.elementor-widget-text-editor .elementor-drop-cap-letter{display:inline-block}<\/style>\t\t\t\t<p>Vous aimez nos cours e-learning ? Sur cette page vous b\u00e9n\u00e9ficiez de plus de <strong>92% de remise<\/strong> sur tous nos ateliers, soit 49,90 \u20ac. Pour vous remercier de votre fid\u00e9lit\u00e9, je vous offre <strong>en cadeau<\/strong> le certificat de r\u00e9alisation <span style=\"color: #ffff00;\">version <strong>Luxe<\/strong><\/span> d&rsquo;une valeur de 4\u20ac.<\/p>\t\t\t\t\t\t<\/div>\n\t\t\t\t<\/div>\n\t\t\t\t<section class=\"elementor-section elementor-inner-section elementor-element elementor-element-ea38f2d elementor-section-boxed elementor-section-height-default elementor-section-height-default\" data-id=\"ea38f2d\" data-element_type=\"section\" data-settings=\"{&quot;background_background&quot;:&quot;classic&quot;}\">\n\t\t\t\t\t\t<div class=\"elementor-container elementor-column-gap-default\">\n\t\t\t\t\t<div class=\"elementor-column elementor-col-50 elementor-inner-column elementor-element elementor-element-ebb8464\" data-id=\"ebb8464\" data-element_type=\"column\">\n\t\t\t<div class=\"elementor-widget-wrap elementor-element-populated\">\n\t\t\t\t\t\t<div class=\"elementor-element elementor-element-ebf4e17 elementor-invisible elementor-widget elementor-widget-image\" data-id=\"ebf4e17\" data-element_type=\"widget\" data-settings=\"{&quot;_animation&quot;:&quot;fadeInUp&quot;}\" data-widget_type=\"image.default\">\n\t\t\t\t<div class=\"elementor-widget-container\">\n\t\t\t<style>\/*! elementor - v3.23.0 - 05-08-2024 *\/\n.elementor-widget-image{text-align:center}.elementor-widget-image a{display:inline-block}.elementor-widget-image a img[src$=\".svg\"]{width:48px}.elementor-widget-image img{vertical-align:middle;display:inline-block}<\/style>\t\t\t\t\t\t\t\t\t\t\t<a href=\"https:\/\/www.maelyneformations.fr\/vpvip-007\">\n\t\t\t\t\t\t\t<img fetchpriority=\"high\" decoding=\"async\" width=\"800\" height=\"716\" src=\"https:\/\/maelyneevolution.com\/wp-content\/uploads\/2023\/03\/Promo-vip-1024x916.jpg\" class=\"attachment-large size-large wp-image-9649\" alt=\"\" srcset=\"https:\/\/maelyneevolution.com\/wp-content\/uploads\/2023\/03\/Promo-vip-1024x916.jpg 1024w, https:\/\/maelyneevolution.com\/wp-content\/uploads\/2023\/03\/Promo-vip-300x268.jpg 300w, https:\/\/maelyneevolution.com\/wp-content\/uploads\/2023\/03\/Promo-vip-768x687.jpg 768w, https:\/\/maelyneevolution.com\/wp-content\/uploads\/2023\/03\/Promo-vip-1536x1373.jpg 1536w, https:\/\/maelyneevolution.com\/wp-content\/uploads\/2023\/03\/Promo-vip.jpg 1700w\" sizes=\"(max-width: 800px) 100vw, 800px\" \/>\t\t\t\t\t\t\t\t<\/a>\n\t\t\t\t\t\t\t\t\t\t\t\t\t<\/div>\n\t\t\t\t<\/div>\n\t\t\t\t\t<\/div>\n\t\t<\/div>\n\t\t\t\t<div class=\"elementor-column elementor-col-50 elementor-inner-column elementor-element elementor-element-bab8bb7\" data-id=\"bab8bb7\" data-element_type=\"column\" data-settings=\"{&quot;background_background&quot;:&quot;classic&quot;}\">\n\t\t\t<div class=\"elementor-widget-wrap elementor-element-populated\">\n\t\t\t\t\t\t<div class=\"elementor-element elementor-element-9af9d34 elementor-widget elementor-widget-text-editor\" data-id=\"9af9d34\" data-element_type=\"widget\" data-widget_type=\"text-editor.default\">\n\t\t\t\t<div class=\"elementor-widget-container\">\n\t\t\t\t\t\t\t<p>Au travers de cette promotion exceptionnelle r\u00e9serv\u00e9e aux \u00e9l\u00e8ves, vous pourrez acqu\u00e9rir votre prochaine formation pour un <span style=\"color: var( --e-global-color-secondary );\">prix tout doux de<\/span><span style=\"color: #ffff00;\"><b> 49,90 \u20ac<\/b> <\/span><em style=\"color: var( --e-global-color-secondary );\">(au lieu de <del>650<\/del> \u20ac)<\/em><span style=\"color: var( --e-global-color-secondary );\">.\u00a0<\/span><\/p><p><span style=\"color: var( --e-global-color-secondary );\"><strong>10 disciplines disponibles.<\/strong><\/span><\/p>\t\t\t\t\t\t<\/div>\n\t\t\t\t<\/div>\n\t\t\t\t<div class=\"elementor-element elementor-element-3b1360e elementor-widget elementor-widget-text-editor\" data-id=\"3b1360e\" data-element_type=\"widget\" data-widget_type=\"text-editor.default\">\n\t\t\t\t<div class=\"elementor-widget-container\">\n\t\t\t\t\t\t\t<p>(Attention ce ne sont pas des DVD, ce sont les cours <span style=\"text-decoration: underline;\">en ligne<\/span> !)<\/p>\t\t\t\t\t\t<\/div>\n\t\t\t\t<\/div>\n\t\t\t\t<div class=\"elementor-element elementor-element-faed082 elementor-align-center elementor-widget elementor-widget-button\" data-id=\"faed082\" data-element_type=\"widget\" data-widget_type=\"button.default\">\n\t\t\t\t<div class=\"elementor-widget-container\">\n\t\t\t\t\t<div class=\"elementor-button-wrapper\">\n\t\t\t<a class=\"elementor-button elementor-button-link elementor-size-xl\" href=\"https:\/\/www.maelyneformations.fr\/vpvip-007\">\n\t\t\t\t\t\t<span class=\"elementor-button-content-wrapper\">\n\t\t\t\t\t\t<span class=\"elementor-button-icon\">\n\t\t\t\t<i aria-hidden=\"true\" class=\"far fa-eye\"><\/i>\t\t\t<\/span>\n\t\t\t\t\t\t\t\t\t<span class=\"elementor-button-text\">Cliquez ici pour d\u00e9couvrir l'offre VIP<\/span>\n\t\t\t\t\t<\/span>\n\t\t\t\t\t<\/a>\n\t\t<\/div>\n\t\t\t\t<\/div>\n\t\t\t\t<\/div>\n\t\t\t\t\t<\/div>\n\t\t<\/div>\n\t\t\t\t\t<\/div>\n\t\t<\/section>\n\t\t\t\t\t<\/div>\n\t\t<\/div>\n\t\t\t\t\t<\/div>\n\t\t<\/section>\n\t\t\t\t<\/div>\n\t\t","protected":false},"excerpt":{"rendered":"<p>promotion sp\u00e9ciale VIP (Un cadeau vous attend !) Vous aimez nos cours e-learning ? Sur cette page vous b\u00e9n\u00e9ficiez de plus de 92% de remise sur tous nos ateliers, soit 49,90 \u20ac. Pour vous remercier de votre fid\u00e9lit\u00e9, je vous offre en cadeau le certificat de r\u00e9alisation version Luxe d&rsquo;une valeur de 4\u20ac. Au travers [&hellip;]<\/p>\n","protected":false},"author":1,"featured_media":0,"parent":0,"menu_order":0,"comment_status":"closed","ping_status":"closed","template":"","meta":{"_seopress_robots_primary_cat":"","_seopress_titles_title":"","_seopress_titles_desc":"","_seopress_robots_index":"","_monsterinsights_skip_tracking":false,"_monsterinsights_sitenote_active":false,"_monsterinsights_sitenote_note":"","_monsterinsights_sitenote_category":0},"_links":{"self":[{"href":"https:\/\/maelyneevolution.com\/index.php\/wp-json\/wp\/v2\/pages\/2019"}],"collection":[{"href":"https:\/\/maelyneevolution.com\/index.php\/wp-json\/wp\/v2\/pages"}],"about":[{"href":"https:\/\/maelyneevolution.com\/index.php\/wp-json\/wp\/v2\/types\/page"}],"author":[{"embeddable":true,"href":"https:\/\/maelyneevolution.com\/index.php\/wp-json\/wp\/v2\/users\/1"}],"replies":[{"embeddable":true,"href":"https:\/\/maelyneevolution.com\/index.php\/wp-json\/wp\/v2\/comments?post=2019"}],"version-history":[{"count":193,"href":"https:\/\/maelyneevolution.com\/index.php\/wp-json\/wp\/v2\/pages\/2019\/revisions"}],"predecessor-version":[{"id":11033,"href":"https:\/\/maelyneevolution.com\/index.php\/wp-json\/wp\/v2\/pages\/2019\/revisions\/11033"}],"wp:attachment":[{"href":"https:\/\/maelyneevolution.com\/index.php\/wp-json\/wp\/v2\/media?parent=2019"}],"curies":[{"name":"wp","href":"https:\/\/api.w.org\/{rel}","templated":true}]}}