{"id":12,"date":"2021-09-22T07:35:51","date_gmt":"2021-09-22T07:35:51","guid":{"rendered":"http:\/\/maelyneevolution.com\/?page_id=12"},"modified":"2025-10-23T09:22:42","modified_gmt":"2025-10-23T09:22:42","slug":"maelyne-evolution","status":"publish","type":"page","link":"https:\/\/maelyneevolution.com\/","title":{"rendered":"Accueil"},"content":{"rendered":"\t\t<div data-elementor-type=\"wp-page\" data-elementor-id=\"12\" class=\"elementor elementor-12\">\n\t\t\t\t\t\t<section class=\"elementor-section elementor-top-section elementor-element elementor-element-1d4e132 elementor-section-boxed elementor-section-height-default elementor-section-height-default\" data-id=\"1d4e132\" data-element_type=\"section\" data-settings=\"{&quot;background_background&quot;:&quot;classic&quot;}\">\n\t\t\t\t\t\t<div class=\"elementor-container elementor-column-gap-default\">\n\t\t\t\t\t<div class=\"elementor-column elementor-col-100 elementor-top-column elementor-element elementor-element-3d60cdc\" data-id=\"3d60cdc\" data-element_type=\"column\">\n\t\t\t<div class=\"elementor-widget-wrap elementor-element-populated\">\n\t\t\t\t\t\t<div class=\"elementor-element elementor-element-dc2b763 elementor-invisible elementor-widget elementor-widget-image\" data-id=\"dc2b763\" data-element_type=\"widget\" data-settings=\"{&quot;_animation&quot;:&quot;fadeInLeft&quot;}\" data-widget_type=\"image.default\">\n\t\t\t\t<div class=\"elementor-widget-container\">\n\t\t\t<style>\/*! elementor - v3.23.0 - 05-08-2024 *\/\n.elementor-widget-image{text-align:center}.elementor-widget-image a{display:inline-block}.elementor-widget-image a img[src$=\".svg\"]{width:48px}.elementor-widget-image img{vertical-align:middle;display:inline-block}<\/style>\t\t\t\t\t\t\t\t\t\t<img fetchpriority=\"high\" decoding=\"async\" width=\"928\" height=\"526\" src=\"https:\/\/maelyneevolution.com\/wp-content\/uploads\/2021\/10\/touchII.png\" class=\"attachment-1536x1536 size-1536x1536 wp-image-329\" alt=\"touch2\" srcset=\"https:\/\/maelyneevolution.com\/wp-content\/uploads\/2021\/10\/touchII.png 928w, https:\/\/maelyneevolution.com\/wp-content\/uploads\/2021\/10\/touchII-300x170.png 300w, https:\/\/maelyneevolution.com\/wp-content\/uploads\/2021\/10\/touchII-768x435.png 768w\" sizes=\"(max-width: 928px) 100vw, 928px\" \/>\t\t\t\t\t\t\t\t\t\t\t\t\t<\/div>\n\t\t\t\t<\/div>\n\t\t\t\t<div class=\"elementor-element elementor-element-6766f38 elementor-widget elementor-widget-text-editor\" data-id=\"6766f38\" data-element_type=\"widget\" data-widget_type=\"text-editor.default\">\n\t\t\t\t<div class=\"elementor-widget-container\">\n\t\t\t<style>\/*! elementor - v3.23.0 - 05-08-2024 *\/\n.elementor-widget-text-editor.elementor-drop-cap-view-stacked .elementor-drop-cap{background-color:#69727d;color:#fff}.elementor-widget-text-editor.elementor-drop-cap-view-framed .elementor-drop-cap{color:#69727d;border:3px solid;background-color:transparent}.elementor-widget-text-editor:not(.elementor-drop-cap-view-default) .elementor-drop-cap{margin-top:8px}.elementor-widget-text-editor:not(.elementor-drop-cap-view-default) .elementor-drop-cap-letter{width:1em;height:1em}.elementor-widget-text-editor .elementor-drop-cap{float:left;text-align:center;line-height:1;font-size:50px}.elementor-widget-text-editor .elementor-drop-cap-letter{display:inline-block}<\/style>\t\t\t\t<p><b>Maelyne Evolution ferme ses portes<\/b><\/p>\t\t\t\t\t\t<\/div>\n\t\t\t\t<\/div>\n\t\t\t\t<div class=\"elementor-element elementor-element-feb6266 elementor-widget elementor-widget-text-editor\" data-id=\"feb6266\" data-element_type=\"widget\" data-widget_type=\"text-editor.default\">\n\t\t\t\t<div class=\"elementor-widget-container\">\n\t\t\t\t\t\t\t<p>Apr\u00e8s 9 ans d&rsquo;une belle aventure humaine et professionnelle, nous sommes contraints de mettre fin \u00e0 l\u2019activit\u00e9 de Maelyne Evolution.<\/p>\n<p>Nous tenons \u00e0 exprimer notre profonde gratitude \u00e0 toutes celles et ceux qui nous ont accompagn\u00e9s, et tout sp\u00e9cialement aux 7 495 \u00e9l\u00e8ves qui ont suivi nos formations d\u00e9di\u00e9es au bien-\u00eatre. Votre confiance, votre curiosit\u00e9 et vos retours ont fait grandir ce projet jour apr\u00e8s jour.<\/p>\n<p><\/p>\n<p><b>Merci d\u2019avoir partag\u00e9 ce chemin avec nous.<\/b><\/p>\n<p>Prenez soin de vous, continuez d\u2019explorer, d\u2019apprendre et de rayonner.<\/p>\n<p>Avec toute notre reconnaissance,<\/p>\n<p><i>L\u2019\u00e9quipe Maelyne Evolution<\/i><\/p>\t\t\t\t\t\t<\/div>\n\t\t\t\t<\/div>\n\t\t\t\t\t<\/div>\n\t\t<\/div>\n\t\t\t\t\t<\/div>\n\t\t<\/section>\n\t\t\t\t<\/div>\n\t\t","protected":false},"excerpt":{"rendered":"<p>Maelyne Evolution ferme ses portes Apr\u00e8s 9 ans d&rsquo;une belle aventure humaine et professionnelle, nous sommes contraints de mettre fin \u00e0 l\u2019activit\u00e9 de Maelyne Evolution. Nous tenons \u00e0 exprimer notre profonde gratitude \u00e0 toutes celles et ceux qui nous ont accompagn\u00e9s, et tout sp\u00e9cialement aux 7 495 \u00e9l\u00e8ves qui ont suivi nos formations d\u00e9di\u00e9es au [&hellip;]<\/p>\n","protected":false},"author":1,"featured_media":0,"parent":0,"menu_order":0,"comment_status":"closed","ping_status":"closed","template":"","meta":{"_seopress_robots_primary_cat":"","_seopress_titles_title":"","_seopress_titles_desc":"Formations e-learning aux techniques Bien-\u00eatre, R\u00e9flexologie plantaire, palmaire et cr\u00e2nio faciale\r\n","_seopress_robots_index":"","_monsterinsights_skip_tracking":false,"_monsterinsights_sitenote_active":false,"_monsterinsights_sitenote_note":"","_monsterinsights_sitenote_category":0},"_links":{"self":[{"href":"https:\/\/maelyneevolution.com\/index.php\/wp-json\/wp\/v2\/pages\/12"}],"collection":[{"href":"https:\/\/maelyneevolution.com\/index.php\/wp-json\/wp\/v2\/pages"}],"about":[{"href":"https:\/\/maelyneevolution.com\/index.php\/wp-json\/wp\/v2\/types\/page"}],"author":[{"embeddable":true,"href":"https:\/\/maelyneevolution.com\/index.php\/wp-json\/wp\/v2\/users\/1"}],"replies":[{"embeddable":true,"href":"https:\/\/maelyneevolution.com\/index.php\/wp-json\/wp\/v2\/comments?post=12"}],"version-history":[{"count":1042,"href":"https:\/\/maelyneevolution.com\/index.php\/wp-json\/wp\/v2\/pages\/12\/revisions"}],"predecessor-version":[{"id":11999,"href":"https:\/\/maelyneevolution.com\/index.php\/wp-json\/wp\/v2\/pages\/12\/revisions\/11999"}],"wp:attachment":[{"href":"https:\/\/maelyneevolution.com\/index.php\/wp-json\/wp\/v2\/media?parent=12"}],"curies":[{"name":"wp","href":"https:\/\/api.w.org\/{rel}","templated":true}]}}