{"id":11545,"date":"2024-08-19T09:56:37","date_gmt":"2024-08-19T09:56:37","guid":{"rendered":"https:\/\/maelyneevolution.com\/?page_id=11545"},"modified":"2025-01-27T08:44:06","modified_gmt":"2025-01-27T08:44:06","slug":"integrale-livre-dor-pierres-chaudes","status":"publish","type":"page","link":"https:\/\/maelyneevolution.com\/index.php\/integrale-livre-dor-pierres-chaudes\/","title":{"rendered":"Int\u00e9grale livre d&rsquo;or &#8211; Pierres-chaudes"},"content":{"rendered":"\t\t<div data-elementor-type=\"wp-page\" data-elementor-id=\"11545\" class=\"elementor elementor-11545\">\n\t\t\t\t\t\t<section class=\"elementor-section elementor-top-section elementor-element elementor-element-ba353bc elementor-section-boxed elementor-section-height-default elementor-section-height-default\" data-id=\"ba353bc\" data-element_type=\"section\" data-settings=\"{&quot;background_background&quot;:&quot;classic&quot;}\">\n\t\t\t\t\t\t<div class=\"elementor-container elementor-column-gap-default\">\n\t\t\t\t\t<div class=\"elementor-column elementor-col-100 elementor-top-column elementor-element elementor-element-6ed5cd1\" data-id=\"6ed5cd1\" data-element_type=\"column\" data-settings=\"{&quot;background_background&quot;:&quot;classic&quot;}\">\n\t\t\t<div class=\"elementor-widget-wrap elementor-element-populated\">\n\t\t\t\t\t\t<div class=\"elementor-element elementor-element-0f3a006 eael-dual-header-content-align-center elementor-widget elementor-widget-eael-dual-color-header\" data-id=\"0f3a006\" data-element_type=\"widget\" data-widget_type=\"eael-dual-color-header.default\">\n\t\t\t\t<div class=\"elementor-widget-container\">\n\t\t\t\t\t\t<div class=\"eael-dual-header\">\n\t\t\t\t<h2 class=\"title eael-dch-title\"><span class=\"eael-dch-title-text eael-dch-title-lead lead solid-color\">Livre d'Or<\/span> <span class=\"eael-dch-title-text\">(int\u00e9grale)<\/span><\/h2>\t\t\t\t\t<span class=\"subtext\"><p>(Mis \u00e0 jour chaque lundi)<\/p><\/span>\n\t\t\t\t\t\t\t\t\t<span class=\"eael-dch-svg-icon\"><i aria-hidden=\"true\" class=\"fas fa-book-open\"><\/i><\/span>\t\t\t\t\t\t\t<\/div>\n\n\t\t\t\t<\/div>\n\t\t\t\t<\/div>\n\t\t\t\t<div class=\"elementor-element elementor-element-883d1e6 elementor-button-info elementor-align-center elementor-widget elementor-widget-button\" data-id=\"883d1e6\" data-element_type=\"widget\" data-widget_type=\"button.default\">\n\t\t\t\t<div class=\"elementor-widget-container\">\n\t\t\t\t\t<div class=\"elementor-button-wrapper\">\n\t\t\t<a class=\"elementor-button elementor-button-link elementor-size-sm\" href=\"https:\/\/maelyneevolution.com\/index.php\/integrale-livre-dor\/\">\n\t\t\t\t\t\t<span class=\"elementor-button-content-wrapper\">\n\t\t\t\t\t\t\t\t\t<span class=\"elementor-button-text\">Que pensent nos \u00e9l\u00e8ves de nos formations ?<\/span>\n\t\t\t\t\t<\/span>\n\t\t\t\t\t<\/a>\n\t\t<\/div>\n\t\t\t\t<\/div>\n\t\t\t\t<\/div>\n\t\t\t\t<div class=\"elementor-element elementor-element-00289a9 elementor-widget elementor-widget-text-editor\" data-id=\"00289a9\" data-element_type=\"widget\" data-widget_type=\"text-editor.default\">\n\t\t\t\t<div class=\"elementor-widget-container\">\n\t\t\t<style>\/*! elementor - v3.23.0 - 05-08-2024 *\/\n.elementor-widget-text-editor.elementor-drop-cap-view-stacked .elementor-drop-cap{background-color:#69727d;color:#fff}.elementor-widget-text-editor.elementor-drop-cap-view-framed .elementor-drop-cap{color:#69727d;border:3px solid;background-color:transparent}.elementor-widget-text-editor:not(.elementor-drop-cap-view-default) .elementor-drop-cap{margin-top:8px}.elementor-widget-text-editor:not(.elementor-drop-cap-view-default) .elementor-drop-cap-letter{width:1em;height:1em}.elementor-widget-text-editor .elementor-drop-cap{float:left;text-align:center;line-height:1;font-size:50px}.elementor-widget-text-editor .elementor-drop-cap-letter{display:inline-block}<\/style>\t\t\t\t<p>Massage aux Pierres chaudes<\/p>\t\t\t\t\t\t<\/div>\n\t\t\t\t<\/div>\n\t\t\t\t<div class=\"elementor-element elementor-element-f861498 elementor-widget elementor-widget-image\" data-id=\"f861498\" data-element_type=\"widget\" data-widget_type=\"image.default\">\n\t\t\t\t<div class=\"elementor-widget-container\">\n\t\t\t<style>\/*! elementor - v3.23.0 - 05-08-2024 *\/\n.elementor-widget-image{text-align:center}.elementor-widget-image a{display:inline-block}.elementor-widget-image a img[src$=\".svg\"]{width:48px}.elementor-widget-image img{vertical-align:middle;display:inline-block}<\/style>\t\t\t\t\t\t\t\t\t\t<img fetchpriority=\"high\" decoding=\"async\" width=\"300\" height=\"225\" src=\"https:\/\/maelyneevolution.com\/wp-content\/uploads\/2021\/12\/c_mp4-300x225.jpg\" class=\"attachment-medium size-medium wp-image-2872\" alt=\"\" srcset=\"https:\/\/maelyneevolution.com\/wp-content\/uploads\/2021\/12\/c_mp4-300x225.jpg 300w, https:\/\/maelyneevolution.com\/wp-content\/uploads\/2021\/12\/c_mp4-768x576.jpg 768w, https:\/\/maelyneevolution.com\/wp-content\/uploads\/2021\/12\/c_mp4.jpg 1000w\" sizes=\"(max-width: 300px) 100vw, 300px\" \/>\t\t\t\t\t\t\t\t\t\t\t\t\t<\/div>\n\t\t\t\t<\/div>\n\t\t\t\t<div class=\"elementor-element elementor-element-6955def bdt-backdrop-filter-yes elementor-widget elementor-widget-text-editor\" data-id=\"6955def\" data-element_type=\"widget\" data-widget_type=\"text-editor.default\">\n\t\t\t\t<div class=\"elementor-widget-container\">\n\t\t\t\t\t\t\t<p>\u00ab\u00a0Waouh, c&rsquo;est fourni, intense et fabuleux! La vid\u00e9o est un peu rapide par moments pour une prise de notes mais , l&rsquo;avantage, c&rsquo;est qu&rsquo;on peut y revenir. Bravo pour ce fantastique travail effectu\u00e9 et merci pour tout ce savoir partag\u00e9. Avec toute ma reconnaissance et ma gratitude\u00a0\u00bb (B\u00e9atrice)<\/p><p>\u00ab\u00a0J&rsquo;ai trouv\u00e9 l&rsquo;ensemble de la formation en ad\u00e9quation avec ce que je recherchais, tr\u00e8s bien expliqu\u00e9, j&rsquo;avais un petit peu d&rsquo;appr\u00e9hension avec le e-learning mais au final j&rsquo;ai trouv\u00e9 cela vraiment bien. Je ne me suis pas senti perdue, ni seule, j&rsquo;ai pu avancer \u00e0 mon rythme.\u00a0\u00bb (Sophie)<\/p><p>\u00ab\u00a0J&rsquo;ai vraiment appr\u00e9cier les details et les visuels . Tout est bien expliquer. En plus il y a les supports PDF Cette formation est la 6 \u00e8me que je fais chez Maelyne. Je suis toujours aussi enchant\u00e9e de les suivres. Sylvie est vraiment un professeur exellent. Merci beaucoup pour vos formations. Ferez vous des formations massages b\u00e9b\u00e9s et aussi femmes enceintes ? cel\u00e0 compl\u00e9terai mon panel.\u00a0\u00bb (Anne-Marie)<\/p><p>\u00a0\u00bb J\u2019ai ador\u00e9 Formation compl\u00e8te Vid\u00e9o hyper bien faite Le top du top Merci mille fois de nous donner acc\u00e8s \u00e0 ces formations en ligne\u00a0\u00bb (Marianne)<\/p><p>\u00ab\u00a0J&rsquo;ai ador\u00e9 ce modelage aux Pierres Chaudes et Aux Marbres Froids. Il me tarde de le pratiquer, j&rsquo;imagine qu&rsquo;il faut pas mal d&rsquo;entrainement pour ne pas faire tomber les Pierres pendant les lissages, et pour avoir un bon timing de chauffage puis refroidissement des Pierres. Alors j&rsquo;ai d\u00e9j\u00e0 pr\u00e9vu quelques cobayes. Ce modelage va se rajouter aux autres techniques que je pratique d\u00e9j\u00e0. Il sera aussi agr\u00e9able pour les touristes que pour les habitants du village. J&rsquo;attendais un peu pour faire cette formation de bien maitriser les autres massages. Je suis contente tr\u00e8s d&rsquo;avoir fait cette formation enrichissante et que belle-maman m&rsquo;ait offert une mallette, ce qui m&rsquo;a d\u00e9cid\u00e9e. Merci \u00e0 Vous.\u00a0\u00bb (Virginie)<\/p><p>\u00ab\u00a0Bonjour j&rsquo;ai \u00e9t\u00e9 captiv\u00e9e du d\u00e9but \u00e0 la fin ; Pr\u00e9sentations claires et douces, passionnant on en redemande le fait de pouvoir revisionner les vid\u00e9os permet de mieux s&rsquo;approprier les techniques et donc mieux s&rsquo; entrainer, super formation , le fait de mettre un QCM \u00e0 la fin de chaque module permet de bien valider ce que l&rsquo;on a vu je recommande vivement et j&rsquo;ai h\u00e2te de mettre en pratique ce que je viens d&rsquo;apprendre. Un grand merci!!\u00a0\u00bb (Emmanuelle)<\/p><p>\u00ab\u00a0J&rsquo;ai beaucoup aim\u00e9 les nombreux d\u00e9tails donn\u00e9s, notamment la posture du praticien. Les vid\u00e9os sont tr\u00e8s bien faites, d\u00e9taill\u00e9es et encourageantes. Le support papier est \u00e9galement tr\u00e8s bien car reprend toutes les photos. Le d\u00e9coupage en pas \u00e0 pas, puis en cours complet est tr\u00e8s bien pens\u00e9, merci beaucoup\u00a0\u00bb (St\u00e9phanie)<\/p><p>\u00ab\u00a0Comme \u00e0 son habitude une formation progressive d\u00e9tailler et avec un visuel tr\u00e8s bien film\u00e9. J&rsquo;appr\u00e9cie toujours autant des formations bien faites \u00e7a ne court pas les rues. A continuer\u00a0\u00bb (Jacky)<\/p><p>\u00ab\u00a0j &lsquo;ai trouv\u00e9 se cours tellement bien d\u00e9taill\u00e9 sincer\u00e8ment c&rsquo;est un vrai bonheur d&rsquo;apprendre&#8230;j &lsquo;ai d\u00e9vor\u00e9 la formation , c &lsquo;est la premiere fois que je vois une formation si bien expliqu\u00e9.\u00a0\u00bb (M\u00e9lanie)<\/p><p>\u00ab\u00a0La plupart des personnes trouvent que les cours de massages en e-learning sont du \u00ab\u00a0n&rsquo;importe quoi\u00a0\u00bb car il n&rsquo;y a aucune pratique. Mais la pratique s&rsquo;acquiert en s\u2019entra\u00eenant avec la th\u00e9orie apprise comme tout le reste dans notre vie. Personnellement, je trouve que c&rsquo;est une bonne alternative lorsque nous avons d\u00e9j\u00e0 un m\u00e9tier prenant et que l&rsquo;on veut se diriger vers autre chose. Je pense que si nous avons les bases justement avec des cours tels que les v\u00f4tres, la passion et la motivation feront le reste. Concernant ce cours, j&rsquo;ai trouv\u00e9 qu&rsquo;il \u00e9tait complet et concis aussi bien au niveau des cours \u00e0 imprimer que les vid\u00e9os. Les techniques pr\u00e9cises concernant la gestuelle sur les diff\u00e9rentes parties du corps permettent de bien m\u00e9moriser et comprendre le massage en lui-m\u00eame. Les vid\u00e9os permettent \u00e9galement de r\u00e9ajuster les gestes et de revisionner la s\u00e9ance autant de fois que l&rsquo;on d\u00e9sire afin de s&rsquo;impr\u00e9gner encore plus de la technique. Elles ne sont pas trop longues et tr\u00e8s bien d\u00e9taill\u00e9es. Le petit plus qui est tr\u00e8s utile est le m\u00e9mo. Tout est mis en place pour faciliter la m\u00e9morisation des gestes avec les diff\u00e9rents lissages, la technique du placement des pierres chaudes ou froides, leur nombre\u2026etc&#8230;<br \/>Ce que j&rsquo;ai beaucoup appr\u00e9ci\u00e9 aussi dans ce cours, c&rsquo;est l&rsquo;explication des postures qui y sont bien d\u00e9crites et film\u00e9es. Effectivement, il est tr\u00e8s important de savoir se positionner afin de ne pas se faire mal au dos par exemple. Le massage doit \u00eatre aussi bien agr\u00e9able pour la personne mass\u00e9e que pour celle qui le pratique. Tout est mis en place pour permettre un d\u00e9veloppement personnel indispensable pour, pourquoi pas, exercer un m\u00e9tier de praticienne en bien-\u00eatre. Pour terminer, les QCM sont une bonne alternative \u00e0 l&rsquo;apprentissage de ce cours. Les questions y sont parfois subtiles et portent \u00e0 confusion si on n&rsquo;est pas attentif et que l&rsquo;on veut aller trop vite. J&rsquo;ai pu faire ce cours \u00e0 mon rythme, g\u00e9n\u00e9ralement tr\u00e8s tard le soir, et je l&rsquo;ai consid\u00e9r\u00e9 comme ma petite pause de bien-\u00eatre apr\u00e8s une journ\u00e9e bien stressante. (&#8230;) je pense que je vais reprendre une autre formation en e-learning. L&rsquo;apprentissage en e-learning, si on est un \u00e9l\u00e8ve assidu et responsable, est une vraie chance pour acqu\u00e9rir des connaissances. Un grand merci pour ce cours !!\u00a0\u00bb (Gis\u00e8le)<\/p><p>\u00ab\u00a0Extraordinaire comme d&rsquo;habitude !!! Les explications sont claires et le support vid\u00e9o est tr\u00e8s bien fait. Je suis esth\u00e9ticienne et j&rsquo;ai souhait\u00e9 \u00e9largir le choix des prestations propos\u00e9es, j&rsquo;ai fait toutes les formations disponibles en e-learning. J&rsquo;attends avec impatience les prochaines. Merci Maelyne\u00a0\u00bb (Soumeya \u2013 02\/19)<\/p><p>\u00ab\u00a0Cours Pierres chaudes tr\u00e8s complet et riche en savoir. Pour ma part, j&rsquo;ai d\u00fb l&rsquo;assimiler dans un temps r\u00e9duit cause notre satan\u00e9 COVID. H\u00e2te de pouvoir mettre en pratique les diff\u00e9rentes m\u00e9thodes. C&rsquo;est encore un peu intense dans ma t\u00eate mais je vais pratiquer r\u00e9guli\u00e8rement pour m&rsquo;habituer aux m\u00e9thodes et aux gestuelles. On a envie d&rsquo;\u00eatre la personne que l&rsquo;on masse lorsque l&rsquo;on visionne les vid\u00e9os et en m\u00eame temps l&rsquo;envie d&rsquo;\u00eatre \u00e9galement la praticienne. Bravo pour cet excellent travail de transmission de savoir \u00a0\u00bb (Sandrine)<\/p><p>\u00ab\u00a0Passionn\u00e9e de bien \u00eatre et certifi\u00e9e en massages ayurv\u00e9diques et aromath\u00e9rapie je trouve ce parcours de formation compl\u00e9mentaire. Les vid\u00e9os sont tr\u00e8s bien faites tr\u00e8s claires et tr\u00e8s agr\u00e9ables .les cahiers sont tr\u00e8s bien aussi et j ai appris beaucoup de choses qui me permettront d apporter encore plus de bien \u00eatre .Soulager les personnes en ces moments compliqu\u00e9s est ma devise je suis aussi certifi\u00e9e en Pilates et je prends grand soin de mes \u00e9l\u00e8ves .Cette formation m a vraiment emball\u00e9e et j ai h\u00e2te de partager cela avec mes amis et autres personnes qui auront besoin de se sentir mieux .\u00a0\u00bb (Nathalie)<\/p><p>\u00ab\u00a0Ce parcours est tr\u00e8s int\u00e9ressant. Il met bien en \u00e9vidence les phases du massage, les zones sur lesquelles agir et dans quel ordre. Les \u00e9tapes sont \u00e0 la fois d\u00e9taill\u00e9es dans l&rsquo;apprentissage puis bien reprises dans le protocole complet pour trouver une coh\u00e9rence globale. (&#8230;). C&rsquo;est ma 2\u00e8me formation chez vous et je les recommande pour leur simplicit\u00e9 et leur pr\u00e9sentation facilement accessible et pratique. Merci.\u00a0\u00bb (Ana\u00efs)<\/p><p>\u00ab\u00a0Formation tr\u00e8s compl\u00e8te, les vid\u00e9os et les explications d\u00e9taill\u00e9es quand \u00e0 la pratique des mouvements \u00e0 effectuer sont tr\u00e8s compl\u00e8tes, jusqu&rsquo;au moindre d\u00e9tail. Je citerai comme exemple : la disposition de la deuxi\u00e8me main sur la personne mass\u00e9e lorsque l&rsquo;on pratique une \u00e9tape \u00e0 une seule main&#8230; J&rsquo;ai ador\u00e9 suivre cette formation et la recommande vivement \u00e0 qui s&rsquo;int\u00e9resse \u00e0 cette pratique de modelage aux pierres chaudes.\u00a0\u00bb (B\u00e9atrice)<\/p><p>\u00ab\u00a0Bonjour, je suis vraiment tr\u00e8s satisfaite de ce protocole de soins en r\u00e9flexologie cr\u00e2nio faciale, tr\u00e8s d\u00e9taill\u00e9, le pas \u00e0 pas permet de bien assimiler tout les gestes techniques \u00e0 son rythme, je recommande vivement cette formation. J&rsquo;ai d\u00e9j\u00e0 suivie plusieurs formations avec Maelyne , massage aux pierres chaudes, pochons herbeux,\u00a0 et j&rsquo;ai d\u00e9j\u00e0 ach\u00e9t\u00e9e le modelage a l&rsquo;huile chaude. De plus en cas de soucis, l&rsquo;\u00e9quipe est tr\u00e8s r\u00e9active pour moi qui ne suis pas tr\u00e8s dou\u00e9e en informatique. Encore merci pour toutes les formations. \u00a0\u00bb (Patricia)<\/p><p>\u00ab\u00a0J&rsquo;ai d\u00e9couvert \u00e0 travers ce cours, de tr\u00e8s nombreuses richesses dans les soins du bien \u00eatre \u00e0 apporter aux personnes. Les le\u00e7ons sont claires, bien expliqu\u00e9es visuellement et renforc\u00e9es par les \u00e9crits qui apparaissent \u00e0 chaque le\u00e7on. La musique permets une tr\u00e8s bonne concentration \u00e9galement. J&rsquo;avais h\u00e2te d&rsquo;arriver au 24 d\u00e9cembre pour commencer cette formation que j&rsquo;ai \u00ab\u00a0d\u00e9vor\u00e9\u00a0\u00bb (en m&rsquo;excusant du terme) et je suis ravie d&rsquo;avoir d\u00e9couvert le modelage aux pierres chaudes avec vous. Un grand merci pour la r\u00e9alisation de ce cours vraiment passionnant.\u00a0\u00bb (Aur\u00e9lie)<\/p><p>\u00ab\u00a0Ce cours est tr\u00e8s bien construit, les videos claires et l&rsquo;apprentissage se fait au rythme de chacun, c&rsquo;est un outil suppl\u00e9mentaire aux th\u00e9rapeutes bien-\u00eatre, seul b\u00e9mol : il est addictif, on se languit que les autres formations en d\u00e9veloppement sur le site maelyne voient le jour afin d&rsquo;explorer d&rsquo;autres parties du corps.\u00a0\u00bb (Marcel)<\/p><p>\u00ab\u00a0Bonjour, pour ma part 1\u00e8re formation, j&rsquo;avais quelques appr\u00e9hensions avant de d\u00e9marrer finalement qui se sont vite dissip\u00e9es car tout est vraiment bien organis\u00e9e dans cette formation, le faite de pouvoir visualiser les vid\u00e9os plusieurs fois m&rsquo;ont permise de prendre le temps de regarder, de comprendre et d&rsquo;apprendre, les questions \u00e0 la suite de chaque vid\u00e9o c&rsquo;est tr\u00e8s bien car on reste vraiment dans ce que l&rsquo;on vient de voir et cela nous oblige \u00e0 analyser nos erreurs de les comprendre et de les retenir. J&rsquo;ai pass\u00e9 un agr\u00e9able moment tout au long de cette formation j&rsquo;avais soif d&rsquo;apprendre encore et encore je ne m&rsquo;en lassais pas, cette formation m&rsquo;a enrichi et m&rsquo;a confort\u00e9 dans mon d\u00e9sir et mon projet , un grand merci et je ne compte pas m&rsquo;arr\u00eatais \u00e0 celle-ci\u00a0\u00bb (Doroth\u00e9e)<\/p><p>\u00ab\u00a0J&rsquo;ai ador\u00e9! Lorsque je terminais un cours je me disais \u00ab\u00a0bon la suite demain\u00a0\u00bb mais en fait j&rsquo;\u00e9tais tellement absorb\u00e9e, fascin\u00e9e par le cours, le contenu, les explications que j&rsquo;avais du mal \u00e0 arr\u00eater la cession. Maintenant j&rsquo;ai qu&rsquo;une h\u00e2te c&rsquo;est de mettre en pratique tous ces nouveaux acquis. Je vous remercie.\u00a0\u00bb (Mich\u00e8le)<\/p><p>\u00ab\u00a0Ce f\u00fbt une formation tr\u00e8s enrichissante qui permet de mettre un premier pied dans les diff\u00e9rentes pratiques acc\u00e8s sur le bien -\u00eatre. Je suis en pleine reconversion professionnelle et en pleine doute. Le fait de suivre celle-ci m&rsquo;a confort\u00e9 dans mes choix. Elle est tr\u00e8s bien illustr\u00e9e et tr\u00e8s claire. Vos diff\u00e9rents outils sont tr\u00e8s complets. Je vous remercie de m&rsquo;avoir permise de la suivre. Un grand merci pour votre patience.\u00a0\u00bb (Elisa &#8211; RPalm)\u00a0\u00bbJ&rsquo;ai ador\u00e9 la bienveillance apport\u00e9e dans les gestes ! Il est tr\u00e8s clair et complet comme d&rsquo;habitude ! Les explications sont simples et on les retient facilement. Merci beaucoup !\u00a0\u00bb (Sabrina)<\/p><p>\u00ab\u00a0Travailler sur ce cours a \u00e9t\u00e9 un plaisir ; il y a un grand plus avec l&rsquo;option pierres de chakras et pierres de marbre qui me permet de me d\u00e9marquer de la concurrence\u00a0\u00bb. (Karine)<\/p><p>\u00ab\u00a0Bonjour, magnifique formation tr\u00e8s bien structur\u00e9e , expliqu\u00e9e . tr\u00e8s facile d&rsquo;apprendre a son rythme. le massage en lui m\u00eame a beaucoup d&rsquo;\u00e9tape&#8230;..je ne verrai plus le massage aux pierres chaudes de la m\u00eame mani\u00e8re. merci infiniment pour tout\u00a0\u00bb (Marina)<\/p><p>\u00ab\u00a0Merci de m&rsquo;avoir permis de faire cette formation en ligne pour mon usage personnel. J&rsquo;ai appr\u00e9ci\u00e9 sa fa\u00e7on pratique a l&rsquo;utiliser. Les vid\u00e9os sont magnifiques et tr\u00e8s bien expliqu\u00e9es. Les questions sont bien pos\u00e9s avec des pi\u00e8ges qui font travailler la concentration. La correction sur des mauvaises r\u00e9ponses ont \u00e9t\u00e9 tr\u00e8s utiles. Merci encore pour ce bon moment et pourquoi pas faire une deuxi\u00e8me formation apr\u00e8s les vacances d&rsquo;\u00e9t\u00e9 sur le massage Ayurv\u00e9dique\u00a0\u00bb (Christine)<\/p><p>\u00ab\u00a0C&rsquo;est la deuxi\u00e8me formation que je suis, et \u00e7a ne va pas s&rsquo;arr\u00eater l\u00e0 ! Vos formations sont tr\u00e8s bien faites, bien expliqu\u00e9es, le visuel donne envie de se plonger dans la formation. Merci \u00e9norm\u00e9ment !\u00a0\u00bb (Merrhyl)<\/p><p>\u00ab\u00a0J&rsquo;ai trouv\u00e9 cette formation tr\u00e8s riche, instructive et compl\u00e8te, tout autant que la formation que j&rsquo;ai suivie le mois dernier pour laquelle j&rsquo;ai \u00e9t\u00e9 certifi\u00e9e en modelage \u00e0 l&rsquo;huile chaude. Cela va m&rsquo;\u00eatre tr\u00e8s utile, je vais pouvoir appliquer sur mes proches, mes enfants, ainsi que ma client\u00e8le sportive&#8230; Pour cela, je tiens \u00e0 vous remercier pour cet investissement, cette transmission de savoir, ainsi de permettre \u00e0 bon nombre de personnes comme moi d\u2019acc\u00e9der au bien-\u00eatre et de pouvoir \u00e0 notre tour aider d&rsquo;autres personnes dans le besoin&#8230; (&#8230;) Sylvie vous \u00eates une tr\u00e8s bonne formatrice, comp\u00e9tente, technique, p\u00e9dagogue et agr\u00e9able \u00e0 \u00e9couter&#8230; Toujours l\u00e0 pour r\u00e9pondre aux questions avec beaucoup de clart\u00e9, de rigueur, de professionnalisme et rapidit\u00e9&#8230;\u00a0\u00bb (Delphine)<\/p><p>\u00a0\u00bb Ce cours est tr\u00e8s bien et abordable m\u00eame si on a pas un bon niveau scolaire. Si on aime se faire du bien et faire du bien aux autres, ce cours est donc conseill\u00e9. Une fois que l&rsquo;on commence \u00e0 regarder les vid\u00e9os on a plus envie de s&rsquo;arr\u00eater, on a besoin de la suite pour avoir le protocole complet. Ce cours m&rsquo;a permis de conna\u00eetre des parties de mon corps que je ne connaissais pas. Mon fils et le reste de ma famille m&rsquo;ont servi de cobaye et ils ont appr\u00e9ci\u00e9. J&rsquo;attends la prochaine formation avec impatience. Un grand merci \u00e0 Maelyne Evolution.\u00a0\u00bb (Val\u00e9rie)<\/p><p>\u00ab\u00a0Je trouve ce cours Pierres chaudes particuli\u00e8rement agr\u00e9able \u00e0 suivre de par sa facilit\u00e9 de progression, si on est tr\u00e8s attentive et assidue . Les vid\u00e9os expliquent tr\u00e8s bien les diff\u00e9rents niveaux, ainsi que La Directrice bien entendu. Tout est pr\u00e9vu tant pour les huilles que pour les pierres et le mat\u00e9riels en g\u00e9n\u00e9ral. Les QCM sont \u00e9galements tr\u00e8s complets. Merci beaucoup pour cette Formation qui en am\u00e8nera certainement d&rsquo;autres\u00a0\u00bb (Christelle)<\/p><p>\u00ab\u00a0C&rsquo;est un cours Pierres chaudes tr\u00e8s complet et tr\u00e8s bien d\u00e9taill\u00e9. La pr\u00e9sentation des cours est claire et simple (&#8230;). J&rsquo;ai particip\u00e9 \u00e0 une formation la semaine derni\u00e8re et j&rsquo;aurai aim\u00e9 avoir un support comme le votre car cela permet de bien assimiler le massage et de revoir les gestes \u00e0 faire. Un grand merci, on voit que vous avez mis tout votre c\u0153ur.\u00a0\u00bb (St\u00e9phanie)<\/p><p>\u00ab\u00a0Superbe formation, tr\u00e8s bien d\u00e9taill\u00e9e, les supports de cours sont tr\u00e8s complets. Tr\u00e8s bonne formation Pierres chaudes. Il ne reste plus qu&rsquo;\u00e0 mettre en pratique. Merci La formatrice est excellente, tr\u00e8s \u00e0 l&rsquo;\u00e9coute et pr\u00e9venante, bravo et un grand merci\u00a0\u00bb (Marie Claude)<\/p><p>\u00ab\u00a0Un cours Pierres chaudes bien pens\u00e9, bien construit et tr\u00e8s d\u00e9taill\u00e9. Un support de cours vraiment tr\u00e8s efficace entre les vid\u00e9os et le descriptif papier qui est tr\u00e8s d\u00e9taill\u00e9 et illustr\u00e9 de fa\u00e7on tr\u00e8s compl\u00e8te. Une p\u00e9dagogie vraiment parfaite pour un cours en ligne. Je suis ravie d&rsquo;avoir suivi cette formation et ai h\u00e2te de mettre en pratique tout ce que j&rsquo;ai appris pour le bien-\u00eatre de mes futurs mass\u00e9s.\u00a0\u00bb (C\u00e9line)<\/p><p>\u00ab\u00a0J&rsquo;ai appr\u00e9ci\u00e9 l&rsquo;ensemble de la formation pierres chaudes de par sa clart\u00e9 et le fait que les cours sont bien imag\u00e9s ! On a \u00e0 la fois acc\u00e8s \u00e0 un support \u00e9crit et oral, c&rsquo;est top. L&rsquo;animatrice donne des explications claires et pr\u00e9cises ce qui permet progressivement d&rsquo;organiser ses nouvelles connaissances. Je vous remercie pour tout ce que j&rsquo;ai appris et que je compte mettre en pratique par la suite. Bref&#8230; belle d\u00e9couverte avec que du positif !\u00a0\u00bb (Max)<\/p><p>\u00ab\u00a0Cette formation \u00e9tait tr\u00e8s enrichissante. Beaucoup de choses \u00e0 retenir et \u00e0 m\u00e9moriser mais gr\u00e2ce aux vid\u00e9os on peut voir \u00e9tape par \u00e9tape le d\u00e9roul\u00e9, les bons gestes techniques, la bonne posture \u00e0 adopter et comment pr\u00e9parer et g\u00e9rer la chaleur des pierres. J&rsquo;ai ador\u00e9 cette formation, tr\u00e8s compl\u00e8te, comme toutes celles que j&rsquo;ai eu le plaisir de suivre avec vous. Un grand merci !\u00a0\u00bb (Cindy)<\/p>\t\t\t\t\t\t<\/div>\n\t\t\t\t<\/div>\n\t\t\t\t\t<\/div>\n\t\t<\/div>\n\t\t\t\t\t<\/div>\n\t\t<\/section>\n\t\t\t\t<\/div>\n\t\t","protected":false},"excerpt":{"rendered":"<p>Livre d&rsquo;Or (int\u00e9grale) (Mis \u00e0 jour chaque lundi) Que pensent nos \u00e9l\u00e8ves de nos formations ? Massage aux Pierres chaudes \u00ab\u00a0Waouh, c&rsquo;est fourni, intense et fabuleux! La vid\u00e9o est un peu rapide par moments pour une prise de notes mais , l&rsquo;avantage, c&rsquo;est qu&rsquo;on peut y revenir. Bravo pour ce fantastique travail effectu\u00e9 et merci [&hellip;]<\/p>\n","protected":false},"author":1,"featured_media":0,"parent":0,"menu_order":0,"comment_status":"closed","ping_status":"closed","template":"","meta":{"_seopress_robots_primary_cat":"","_seopress_titles_title":"","_seopress_titles_desc":"Maelyne Evolution avis, t\u00e9moignages des \u00e9l\u00e8ves, retour d'exp\u00e9rience, critiques %%post_title%% %%sitetitle%%","_seopress_robots_index":"","_monsterinsights_skip_tracking":false,"_monsterinsights_sitenote_active":false,"_monsterinsights_sitenote_note":"","_monsterinsights_sitenote_category":0},"_links":{"self":[{"href":"https:\/\/maelyneevolution.com\/index.php\/wp-json\/wp\/v2\/pages\/11545"}],"collection":[{"href":"https:\/\/maelyneevolution.com\/index.php\/wp-json\/wp\/v2\/pages"}],"about":[{"href":"https:\/\/maelyneevolution.com\/index.php\/wp-json\/wp\/v2\/types\/page"}],"author":[{"embeddable":true,"href":"https:\/\/maelyneevolution.com\/index.php\/wp-json\/wp\/v2\/users\/1"}],"replies":[{"embeddable":true,"href":"https:\/\/maelyneevolution.com\/index.php\/wp-json\/wp\/v2\/comments?post=11545"}],"version-history":[{"count":16,"href":"https:\/\/maelyneevolution.com\/index.php\/wp-json\/wp\/v2\/pages\/11545\/revisions"}],"predecessor-version":[{"id":11934,"href":"https:\/\/maelyneevolution.com\/index.php\/wp-json\/wp\/v2\/pages\/11545\/revisions\/11934"}],"wp:attachment":[{"href":"https:\/\/maelyneevolution.com\/index.php\/wp-json\/wp\/v2\/media?parent=11545"}],"curies":[{"name":"wp","href":"https:\/\/api.w.org\/{rel}","templated":true}]}}