{"id":10379,"date":"2023-05-24T12:31:29","date_gmt":"2023-05-24T12:31:29","guid":{"rendered":"https:\/\/maelyneevolution.com\/?page_id=10379"},"modified":"2023-05-24T13:25:24","modified_gmt":"2023-05-24T13:25:24","slug":"impression-certificat-premium","status":"publish","type":"page","link":"https:\/\/maelyneevolution.com\/index.php\/impression-certificat-premium\/","title":{"rendered":"Impression certificat &#8211; Premium"},"content":{"rendered":"\t\t<div data-elementor-type=\"wp-page\" data-elementor-id=\"10379\" class=\"elementor elementor-10379\">\n\t\t\t\t\t\t<section class=\"elementor-section elementor-top-section elementor-element elementor-element-a83ea5 elementor-section-boxed elementor-section-height-default elementor-section-height-default\" data-id=\"a83ea5\" data-element_type=\"section\">\n\t\t\t\t\t\t<div class=\"elementor-container elementor-column-gap-default\">\n\t\t\t\t\t<div class=\"elementor-column elementor-col-100 elementor-top-column elementor-element elementor-element-3e46530b\" data-id=\"3e46530b\" data-element_type=\"column\">\n\t\t\t<div class=\"elementor-widget-wrap elementor-element-populated\">\n\t\t\t\t\t\t<div class=\"elementor-element elementor-element-28ac906f eael-dual-header-content-align-center elementor-widget elementor-widget-eael-dual-color-header\" data-id=\"28ac906f\" data-element_type=\"widget\" data-widget_type=\"eael-dual-color-header.default\">\n\t\t\t\t<div class=\"elementor-widget-container\">\n\t\t\t\t\t\t<div class=\"eael-dual-header\">\n\t\t\t\t<h2 class=\"title eael-dch-title\"><span class=\"eael-dch-title-text eael-dch-title-lead lead solid-color\">Certificat<\/span> <span class=\"eael-dch-title-text\">PREMIUM<\/span><\/h2>\t\t\t\t\t<span class=\"subtext\"><p><strong>Disposez de la version la plus prestigieuse de votre certificat<\/strong><\/p><\/span>\n\t\t\t\t\t\t\t\t\t<span class=\"eael-dch-svg-icon\"><i aria-hidden=\"true\" class=\"fas fa-scroll\"><\/i><\/span>\t\t\t\t\t\t\t<\/div>\n\n\t\t\t\t<\/div>\n\t\t\t\t<\/div>\n\t\t\t\t<section class=\"elementor-section elementor-inner-section elementor-element elementor-element-dcb7a34 elementor-section-boxed elementor-section-height-default elementor-section-height-default\" data-id=\"dcb7a34\" data-element_type=\"section\">\n\t\t\t\t\t\t<div class=\"elementor-container elementor-column-gap-default\">\n\t\t\t\t\t<div class=\"elementor-column elementor-col-50 elementor-inner-column elementor-element elementor-element-245daff\" data-id=\"245daff\" data-element_type=\"column\" data-settings=\"{&quot;background_background&quot;:&quot;classic&quot;}\">\n\t\t\t<div class=\"elementor-widget-wrap elementor-element-populated\">\n\t\t\t\t\t\t<div class=\"elementor-element elementor-element-f585ca1 elementor-widget elementor-widget-image\" data-id=\"f585ca1\" data-element_type=\"widget\" data-widget_type=\"image.default\">\n\t\t\t\t<div class=\"elementor-widget-container\">\n\t\t\t<style>\/*! elementor - v3.23.0 - 05-08-2024 *\/\n.elementor-widget-image{text-align:center}.elementor-widget-image a{display:inline-block}.elementor-widget-image a img[src$=\".svg\"]{width:48px}.elementor-widget-image img{vertical-align:middle;display:inline-block}<\/style>\t\t\t\t\t\t\t\t\t\t<img fetchpriority=\"high\" decoding=\"async\" width=\"768\" height=\"576\" src=\"https:\/\/maelyneevolution.com\/wp-content\/uploads\/2021\/11\/certificat_premium-768x576.jpg\" class=\"attachment-medium_large size-medium_large wp-image-2550\" alt=\"premium\" srcset=\"https:\/\/maelyneevolution.com\/wp-content\/uploads\/2021\/11\/certificat_premium-768x576.jpg 768w, https:\/\/maelyneevolution.com\/wp-content\/uploads\/2021\/11\/certificat_premium-300x225.jpg 300w, https:\/\/maelyneevolution.com\/wp-content\/uploads\/2021\/11\/certificat_premium.jpg 1000w\" sizes=\"(max-width: 768px) 100vw, 768px\" \/>\t\t\t\t\t\t\t\t\t\t\t\t\t<\/div>\n\t\t\t\t<\/div>\n\t\t\t\t\t<\/div>\n\t\t<\/div>\n\t\t\t\t<div class=\"elementor-column elementor-col-50 elementor-inner-column elementor-element elementor-element-c364b82\" data-id=\"c364b82\" data-element_type=\"column\" data-settings=\"{&quot;background_background&quot;:&quot;classic&quot;}\">\n\t\t\t<div class=\"elementor-widget-wrap elementor-element-populated\">\n\t\t\t\t\t\t<div class=\"elementor-element elementor-element-16feee4 elementor-invisible elementor-widget elementor-widget-text-editor\" data-id=\"16feee4\" data-element_type=\"widget\" data-settings=\"{&quot;_animation&quot;:&quot;fadeIn&quot;}\" data-widget_type=\"text-editor.default\">\n\t\t\t\t<div class=\"elementor-widget-container\">\n\t\t\t<style>\/*! elementor - v3.23.0 - 05-08-2024 *\/\n.elementor-widget-text-editor.elementor-drop-cap-view-stacked .elementor-drop-cap{background-color:#69727d;color:#fff}.elementor-widget-text-editor.elementor-drop-cap-view-framed .elementor-drop-cap{color:#69727d;border:3px solid;background-color:transparent}.elementor-widget-text-editor:not(.elementor-drop-cap-view-default) .elementor-drop-cap{margin-top:8px}.elementor-widget-text-editor:not(.elementor-drop-cap-view-default) .elementor-drop-cap-letter{width:1em;height:1em}.elementor-widget-text-editor .elementor-drop-cap{float:left;text-align:center;line-height:1;font-size:50px}.elementor-widget-text-editor .elementor-drop-cap-letter{display:inline-block}<\/style>\t\t\t\t<p><strong>Le certificat PREMIUM<\/strong><\/p>\t\t\t\t\t\t<\/div>\n\t\t\t\t<\/div>\n\t\t\t\t<div class=\"elementor-element elementor-element-ce9a383 elementor-invisible elementor-widget elementor-widget-text-editor\" data-id=\"ce9a383\" data-element_type=\"widget\" data-settings=\"{&quot;_animation&quot;:&quot;fadeIn&quot;}\" data-widget_type=\"text-editor.default\">\n\t\t\t\t<div class=\"elementor-widget-container\">\n\t\t\t\t\t\t\t<p>Si vous ne disposez pas d&rsquo;une imprimante de bonne qualit\u00e9, vous pouvez commander la version <strong>Premium <\/strong>imprim\u00e9e par notre laboratoire sur un luxueux papier photo. Compl\u00e9t\u00e9, tamponn\u00e9 et sign\u00e9 <strong>\u00e0 la main<\/strong> par Sylvie il vous sera <strong>envoy\u00e9 chez vous<\/strong> par la poste.<\/p><p>Prix : <strong>25 \u20ac<\/strong> (frais d&rsquo;envoi gratuits)<\/p>\t\t\t\t\t\t<\/div>\n\t\t\t\t<\/div>\n\t\t\t\t\t<\/div>\n\t\t<\/div>\n\t\t\t\t\t<\/div>\n\t\t<\/section>\n\t\t\t\t\t<\/div>\n\t\t<\/div>\n\t\t\t\t\t<\/div>\n\t\t<\/section>\n\t\t\t\t<\/div>\n\t\t","protected":false},"excerpt":{"rendered":"<p>Certificat PREMIUM Disposez de la version la plus prestigieuse de votre certificat Le certificat PREMIUM Si vous ne disposez pas d&rsquo;une imprimante de bonne qualit\u00e9, vous pouvez commander la version Premium imprim\u00e9e par notre laboratoire sur un luxueux papier photo. Compl\u00e9t\u00e9, tamponn\u00e9 et sign\u00e9 \u00e0 la main par Sylvie il vous sera envoy\u00e9 chez vous [&hellip;]<\/p>\n","protected":false},"author":1,"featured_media":0,"parent":0,"menu_order":0,"comment_status":"closed","ping_status":"closed","template":"","meta":{"_seopress_robots_primary_cat":"","_seopress_titles_title":"","_seopress_titles_desc":"","_seopress_robots_index":"","_monsterinsights_skip_tracking":false,"_monsterinsights_sitenote_active":false,"_monsterinsights_sitenote_note":"","_monsterinsights_sitenote_category":0},"_links":{"self":[{"href":"https:\/\/maelyneevolution.com\/index.php\/wp-json\/wp\/v2\/pages\/10379"}],"collection":[{"href":"https:\/\/maelyneevolution.com\/index.php\/wp-json\/wp\/v2\/pages"}],"about":[{"href":"https:\/\/maelyneevolution.com\/index.php\/wp-json\/wp\/v2\/types\/page"}],"author":[{"embeddable":true,"href":"https:\/\/maelyneevolution.com\/index.php\/wp-json\/wp\/v2\/users\/1"}],"replies":[{"embeddable":true,"href":"https:\/\/maelyneevolution.com\/index.php\/wp-json\/wp\/v2\/comments?post=10379"}],"version-history":[{"count":10,"href":"https:\/\/maelyneevolution.com\/index.php\/wp-json\/wp\/v2\/pages\/10379\/revisions"}],"predecessor-version":[{"id":10389,"href":"https:\/\/maelyneevolution.com\/index.php\/wp-json\/wp\/v2\/pages\/10379\/revisions\/10389"}],"wp:attachment":[{"href":"https:\/\/maelyneevolution.com\/index.php\/wp-json\/wp\/v2\/media?parent=10379"}],"curies":[{"name":"wp","href":"https:\/\/api.w.org\/{rel}","templated":true}]}}